{"id":10342,"date":"2020-12-03T11:21:41","date_gmt":"2020-12-03T11:21:41","guid":{"rendered":"http:\/\/amicsliceu.com\/politica-de-privacitat\/"},"modified":"2020-12-21T15:03:54","modified_gmt":"2020-12-21T15:03:54","slug":"politica-de-privacidad","status":"publish","type":"page","link":"https:\/\/amicsliceu.com\/es\/politica-de-privacidad\/","title":{"rendered":"Pol\u00edtica de privacidad"},"content":{"rendered":"<section class=\"wpb-content-wrapper\">[vc_row css=\u00bb.vc_custom_1551914869485{margin-bottom: 60px !important;}\u00bb][vc_column width=\u00bb2\/3&#8243;][vc_column_text]Amics del Liceu informa als usuaris del lloc web sobre la seva pol\u00edtica respecte al tractament i protecci\u00f3 de les dades de car\u00e0cter personal dels usuaris i clients que puguin obtenir-se a trav\u00e9s de la seva p\u00e0gina web.<\/p>\n<p>Amics del Liceu garanteix el compliment de la normativa vigent en mat\u00e8ria de protecci\u00f3 de dades personals, reflectida en la Llei Org\u00e0nica 3\/2018 de Protecci\u00f3 de Dades de Car\u00e0cter Personal i en el Reial Decret 1720\/2007, de 21 de desembre, pel qual s\u2019aprova el Reglament de Desenvolupament de la LOPD i altres regulacions legals internacionals europees vigents.<\/p>\n<p>Per a m\u00e9s informaci\u00f3 complement\u00e0ria sobre la protecci\u00f3 de dades personals, et convidem a consultar el web de la AEPD (Agencia Espanyola de Protecci\u00f3 de Dades).<\/p>\n<p>L\u2019\u00fas d\u2019aquest web implica l\u2019acceptaci\u00f3 de la pol\u00edtica de privacitat.<\/p>\n<p><strong>Identitat del responsable del tractament de la informaci\u00f3 b\u00e0sica sobre protecci\u00f3 de dades <\/strong><\/p>\n<p><strong>Responsable: <\/strong>Amics del Liceu<br \/>\n<strong>Adre\u00e7a postal: <\/strong>La Rambla, 88, 2n pis \u2013 08002 Barcelona<br \/>\n<strong>Correu electr\u00f2nic: <\/strong><a href=\"mailto:info@amicsliceu.com\">info@amicsliceu.com<\/a>[\/vc_column_text][vc_column_text css=\u00bb.vc_custom_1607888802911{margin-top: 40px !important;}\u00bb]<strong>Recollida, finalitat i tractament de dades<br \/>\n<\/strong>Amics del Liceu t\u00e9 el deure d\u2019informar als usuaris del seu lloc web respecte a la recollida de dades personals que poden portar-se a terme, ja sigui a trav\u00e9s de l\u2019enviament de correus electr\u00f2nics o del compliment dels formularis inclosos en el lloc web. En aquest sentit, Amics del Liceu ser\u00e0 considerada responsable de les dades obtingudes mitjan\u00e7ant els medis anteriorment descrits.<\/p>\n<p>A m\u00e9s, Amics del Liceu informa els usuaris que la finalitat del tractament de les dades obtingudes contempla: l\u2019atenci\u00f3 de les sol\u00b7licituds realitzades pels usuaris, la inclusi\u00f3 en el nostre <em>newsletter<\/em> amb la finalitat d\u2019informar d\u2019activitats de l\u2019Associaci\u00f3 i altres esdeveniments d\u2019inter\u00e8s per l\u2019usuari (promocions i comunicacions comercials).<\/p>\n<p>&nbsp;<\/p>\n<p><strong>Comunicaci\u00f3 d\u2019informaci\u00f3 a tercers<br \/>\n<\/strong>Amics del Liceu informa als usuaris que les seves dades personals no seran cedides a terceres organitzacions, excepte que aquesta cessi\u00f3 sigui imprescindible per a la prestaci\u00f3 d\u2019un servei com l\u2019enviament de productes.<\/p>\n<p>&nbsp;<\/p>\n<p><strong>Drets dels usuaris<br \/>\n<\/strong>La Llei Org\u00e0nica 3\/2018 de Protecci\u00f3 de Dades de Car\u00e0cter Personal concedeix als interessats la possibilitat d\u2019exercir una s\u00e8rie de drets relacionats amb el tractament de les seves dades personals.<\/p>\n<p>Els usuaris poden exercir el dret d\u2019acc\u00e9s, rectificaci\u00f3, cancel\u00b7laci\u00f3 i oposici\u00f3 d\u2019acord amb all\u00f2 previst a la normativa legal vigent en mat\u00e8ria de protecci\u00f3 de dades personals.<\/p>\n<p>Per fer \u00fas d\u2019aquests drets, l\u2019usuari s\u2019ha de dirigir per comunicaci\u00f3 escrita, aportant un document que acrediti la seva identitat (DNI o passaport), a la seg\u00fcent adre\u00e7a: La Rambla, 88, 2n pis \u2013 08002 Barcelona.<\/p>\n<p>Tamb\u00e9 es podr\u00e0 enviar la sol\u00b7licitud per correu electr\u00f2nic a info@amicsliceu.com[\/vc_column_text][\/vc_column][vc_column width=\u00bb1\/3&#8243;][\/vc_column][\/vc_row]\n<\/section>","protected":false},"excerpt":{"rendered":"<p>[vc_row css=\u00bb.vc_custom_1551914869485{margin-bottom: 60px !important;}\u00bb][vc_column width=\u00bb2\/3&#8243;][vc_column_text]Amics del Liceu informa als usuaris del lloc web sobre la seva pol\u00edtica respecte al tractament i protecci\u00f3 de les dades de car\u00e0cter personal dels usuaris i clients que puguin obtenir-se a trav\u00e9s de la seva&hellip;<\/p>\n","protected":false},"author":1,"featured_media":0,"parent":0,"menu_order":0,"comment_status":"closed","ping_status":"closed","template":"","meta":{"footnotes":""},"class_list":["post-10342","page","type-page","status-publish","hentry","entry","no-media"],"yoast_head":"<!-- This site is optimized with the Yoast SEO plugin v23.9 - https:\/\/yoast.com\/wordpress\/plugins\/seo\/ -->\n<title>Pol\u00edtica de privacidad - Amics del Liceu<\/title>\n<meta name=\"robots\" content=\"index, follow, max-snippet:-1, max-image-preview:large, max-video-preview:-1\" \/>\n<link rel=\"canonical\" href=\"https:\/\/amicsliceu.com\/es\/politica-de-privacidad\/\" \/>\n<meta property=\"og:locale\" content=\"es_ES\" \/>\n<meta property=\"og:type\" content=\"article\" \/>\n<meta property=\"og:title\" content=\"Pol\u00edtica de privacidad - Amics del Liceu\" \/>\n<meta property=\"og:description\" content=\"[vc_row css=\u00bb.vc_custom_1551914869485{margin-bottom: 60px !important;}\u00bb][vc_column width=\u00bb2\/3&#8243;][vc_column_text]Amics del Liceu informa als usuaris del lloc web sobre la seva pol\u00edtica respecte al tractament i protecci\u00f3 de les dades de car\u00e0cter personal dels usuaris i clients que puguin obtenir-se a trav\u00e9s de la seva&hellip;\" \/>\n<meta property=\"og:url\" content=\"https:\/\/amicsliceu.com\/es\/politica-de-privacidad\/\" \/>\n<meta property=\"og:site_name\" content=\"Amics del Liceu\" \/>\n<meta property=\"article:modified_time\" content=\"2020-12-21T15:03:54+00:00\" \/>\n<meta name=\"twitter:card\" content=\"summary_large_image\" \/>\n<meta name=\"twitter:label1\" content=\"Tiempo de lectura\" \/>\n\t<meta name=\"twitter:data1\" content=\"3 minutos\" \/>\n<script type=\"application\/ld+json\" class=\"yoast-schema-graph\">{\"@context\":\"https:\/\/schema.org\",\"@graph\":[{\"@type\":\"WebPage\",\"@id\":\"https:\/\/amicsliceu.com\/es\/politica-de-privacidad\/\",\"url\":\"https:\/\/amicsliceu.com\/es\/politica-de-privacidad\/\",\"name\":\"Pol\u00edtica de privacidad - Amics del Liceu\",\"isPartOf\":{\"@id\":\"https:\/\/amicsliceu.com\/es\/#website\"},\"datePublished\":\"2020-12-03T11:21:41+00:00\",\"dateModified\":\"2020-12-21T15:03:54+00:00\",\"breadcrumb\":{\"@id\":\"https:\/\/amicsliceu.com\/es\/politica-de-privacidad\/#breadcrumb\"},\"inLanguage\":\"es\",\"potentialAction\":[{\"@type\":\"ReadAction\",\"target\":[\"https:\/\/amicsliceu.com\/es\/politica-de-privacidad\/\"]}]},{\"@type\":\"BreadcrumbList\",\"@id\":\"https:\/\/amicsliceu.com\/es\/politica-de-privacidad\/#breadcrumb\",\"itemListElement\":[{\"@type\":\"ListItem\",\"position\":1,\"name\":\"Inicio\",\"item\":\"https:\/\/amicsliceu.com\/es\/\"},{\"@type\":\"ListItem\",\"position\":2,\"name\":\"Pol\u00edtica de privacidad\"}]},{\"@type\":\"WebSite\",\"@id\":\"https:\/\/amicsliceu.com\/es\/#website\",\"url\":\"https:\/\/amicsliceu.com\/es\/\",\"name\":\"Amics del Liceu\",\"description\":\"\",\"publisher\":{\"@id\":\"https:\/\/amicsliceu.com\/es\/#organization\"},\"potentialAction\":[{\"@type\":\"SearchAction\",\"target\":{\"@type\":\"EntryPoint\",\"urlTemplate\":\"https:\/\/amicsliceu.com\/es\/?s={search_term_string}\"},\"query-input\":{\"@type\":\"PropertyValueSpecification\",\"valueRequired\":true,\"valueName\":\"search_term_string\"}}],\"inLanguage\":\"es\"},{\"@type\":\"Organization\",\"@id\":\"https:\/\/amicsliceu.com\/es\/#organization\",\"name\":\"Amics del Liceu\",\"url\":\"https:\/\/amicsliceu.com\/es\/\",\"logo\":{\"@type\":\"ImageObject\",\"inLanguage\":\"es\",\"@id\":\"https:\/\/amicsliceu.com\/es\/#\/schema\/logo\/image\/\",\"url\":\"http:\/\/amicsliceu.com\/wp-content\/uploads\/2019\/03\/logo.png\",\"contentUrl\":\"http:\/\/amicsliceu.com\/wp-content\/uploads\/2019\/03\/logo.png\",\"width\":225,\"height\":92,\"caption\":\"Amics del Liceu\"},\"image\":{\"@id\":\"https:\/\/amicsliceu.com\/es\/#\/schema\/logo\/image\/\"}}]}<\/script>\n<!-- \/ Yoast SEO plugin. -->","yoast_head_json":{"title":"Pol\u00edtica de privacidad - Amics del Liceu","robots":{"index":"index","follow":"follow","max-snippet":"max-snippet:-1","max-image-preview":"max-image-preview:large","max-video-preview":"max-video-preview:-1"},"canonical":"https:\/\/amicsliceu.com\/es\/politica-de-privacidad\/","og_locale":"es_ES","og_type":"article","og_title":"Pol\u00edtica de privacidad - Amics del Liceu","og_description":"[vc_row css=\u00bb.vc_custom_1551914869485{margin-bottom: 60px !important;}\u00bb][vc_column width=\u00bb2\/3&#8243;][vc_column_text]Amics del Liceu informa als usuaris del lloc web sobre la seva pol\u00edtica respecte al tractament i protecci\u00f3 de les dades de car\u00e0cter personal dels usuaris i clients que puguin obtenir-se a trav\u00e9s de la seva&hellip;","og_url":"https:\/\/amicsliceu.com\/es\/politica-de-privacidad\/","og_site_name":"Amics del Liceu","article_modified_time":"2020-12-21T15:03:54+00:00","twitter_card":"summary_large_image","twitter_misc":{"Tiempo de lectura":"3 minutos"},"schema":{"@context":"https:\/\/schema.org","@graph":[{"@type":"WebPage","@id":"https:\/\/amicsliceu.com\/es\/politica-de-privacidad\/","url":"https:\/\/amicsliceu.com\/es\/politica-de-privacidad\/","name":"Pol\u00edtica de privacidad - Amics del Liceu","isPartOf":{"@id":"https:\/\/amicsliceu.com\/es\/#website"},"datePublished":"2020-12-03T11:21:41+00:00","dateModified":"2020-12-21T15:03:54+00:00","breadcrumb":{"@id":"https:\/\/amicsliceu.com\/es\/politica-de-privacidad\/#breadcrumb"},"inLanguage":"es","potentialAction":[{"@type":"ReadAction","target":["https:\/\/amicsliceu.com\/es\/politica-de-privacidad\/"]}]},{"@type":"BreadcrumbList","@id":"https:\/\/amicsliceu.com\/es\/politica-de-privacidad\/#breadcrumb","itemListElement":[{"@type":"ListItem","position":1,"name":"Inicio","item":"https:\/\/amicsliceu.com\/es\/"},{"@type":"ListItem","position":2,"name":"Pol\u00edtica de privacidad"}]},{"@type":"WebSite","@id":"https:\/\/amicsliceu.com\/es\/#website","url":"https:\/\/amicsliceu.com\/es\/","name":"Amics del Liceu","description":"","publisher":{"@id":"https:\/\/amicsliceu.com\/es\/#organization"},"potentialAction":[{"@type":"SearchAction","target":{"@type":"EntryPoint","urlTemplate":"https:\/\/amicsliceu.com\/es\/?s={search_term_string}"},"query-input":{"@type":"PropertyValueSpecification","valueRequired":true,"valueName":"search_term_string"}}],"inLanguage":"es"},{"@type":"Organization","@id":"https:\/\/amicsliceu.com\/es\/#organization","name":"Amics del Liceu","url":"https:\/\/amicsliceu.com\/es\/","logo":{"@type":"ImageObject","inLanguage":"es","@id":"https:\/\/amicsliceu.com\/es\/#\/schema\/logo\/image\/","url":"http:\/\/amicsliceu.com\/wp-content\/uploads\/2019\/03\/logo.png","contentUrl":"http:\/\/amicsliceu.com\/wp-content\/uploads\/2019\/03\/logo.png","width":225,"height":92,"caption":"Amics del Liceu"},"image":{"@id":"https:\/\/amicsliceu.com\/es\/#\/schema\/logo\/image\/"}}]}},"_links":{"self":[{"href":"https:\/\/amicsliceu.com\/es\/wp-json\/wp\/v2\/pages\/10342"}],"collection":[{"href":"https:\/\/amicsliceu.com\/es\/wp-json\/wp\/v2\/pages"}],"about":[{"href":"https:\/\/amicsliceu.com\/es\/wp-json\/wp\/v2\/types\/page"}],"author":[{"embeddable":true,"href":"https:\/\/amicsliceu.com\/es\/wp-json\/wp\/v2\/users\/1"}],"replies":[{"embeddable":true,"href":"https:\/\/amicsliceu.com\/es\/wp-json\/wp\/v2\/comments?post=10342"}],"version-history":[{"count":1,"href":"https:\/\/amicsliceu.com\/es\/wp-json\/wp\/v2\/pages\/10342\/revisions"}],"predecessor-version":[{"id":10451,"href":"https:\/\/amicsliceu.com\/es\/wp-json\/wp\/v2\/pages\/10342\/revisions\/10451"}],"wp:attachment":[{"href":"https:\/\/amicsliceu.com\/es\/wp-json\/wp\/v2\/media?parent=10342"}],"curies":[{"name":"wp","href":"https:\/\/api.w.org\/{rel}","templated":true}]}}