{"id":10344,"date":"2020-12-02T22:20:22","date_gmt":"2020-12-02T22:20:22","guid":{"rendered":"http:\/\/amicsliceu.com\/termes-i-condicions-de-venta\/"},"modified":"2020-12-21T15:03:24","modified_gmt":"2020-12-21T15:03:24","slug":"terminos-y-condiciones-de-venta","status":"publish","type":"page","link":"https:\/\/amicsliceu.com\/es\/terminos-y-condiciones-de-venta\/","title":{"rendered":"Condiciones de compra"},"content":{"rendered":"<section class=\"wpb-content-wrapper\">[vc_row css=\u00bb.vc_custom_1551914869485{margin-bottom: 60px !important;}\u00bb][vc_column width=\u00bb2\/3&#8243;][vc_column_text]\n<ol>\n<li>Amics del Liceu se compromete a facturar los pedidos una vez recibidas y cobradas.<\/li>\n<li>Los env\u00edos, en funci\u00f3n del transporte y de las aduanas, pueden sufrir retrasos ajenos a nosotros. Amics del Liceu no se hace responsable en estos casos.<\/li>\n<li>Todos los env\u00edos deben incorporar tel\u00e9fono y direcci\u00f3n del destinatario y tel\u00e9fono de contacto del remitente.<\/li>\n<li>Los env\u00edos nacionales se enviar\u00e1n a trav\u00e9s de una empresa externa. El tiempo estimado de entrega es de 72h desde la recepci\u00f3n del pedido. Los env\u00edos a la ciudad de Barcelona tienen un plazo estimado de 48 (d\u00edas laborables) con contacto previo a la entrega.<\/li>\n<li>Los env\u00edos a destinos europeos se realizar\u00e1n por empresa externa. El plazo estimado de entrega es de 4 a 6 d\u00edas laborables con contacto previo de entrega.<\/li>\n<li>Cualquier error en la direcci\u00f3n del destinatario proporcionada es responsabilidad del cliente y todos los costes derivados ir\u00e1n a su cargo.<\/li>\n<li>Todos nuestros paquetes salen desde la Asociaci\u00f3n en perfectas condiciones. Si el destinatario detecta alg\u00fan problema en el momento de recibir el paquete, agradecemos que lo comunique a la empresa de transporte en el momento de recibir el paquete.<\/li>\n<li>Amics del Liceu no es responsable de los paquetes devueltos por direcciones incorrectas, incompletas o cambio de domicilio. Tampoco se hace responsable de la ausencia del destinatario en el momento de entrega de los paquetes no retirados tras el aviso de recogida.<\/li>\n<\/ol>\n[\/vc_column_text][\/vc_column][vc_column width=\u00bb1\/3&#8243;][\/vc_column][\/vc_row]\n<\/section>","protected":false},"excerpt":{"rendered":"<p>[vc_row css=\u00bb.vc_custom_1551914869485{margin-bottom: 60px !important;}\u00bb][vc_column width=\u00bb2\/3&#8243;][vc_column_text] Amics del Liceu se compromete a facturar los pedidos una vez recibidas y cobradas. Los env\u00edos, en funci\u00f3n del transporte y de las aduanas, pueden sufrir retrasos ajenos a nosotros. Amics del Liceu no se&hellip;<\/p>\n","protected":false},"author":1,"featured_media":0,"parent":0,"menu_order":0,"comment_status":"closed","ping_status":"closed","template":"","meta":{"footnotes":""},"class_list":["post-10344","page","type-page","status-publish","hentry","entry","no-media"],"yoast_head":"<!-- This site is optimized with the Yoast SEO plugin v23.9 - https:\/\/yoast.com\/wordpress\/plugins\/seo\/ -->\n<title>Condiciones de compra - Amics del Liceu<\/title>\n<meta name=\"robots\" content=\"index, follow, max-snippet:-1, max-image-preview:large, max-video-preview:-1\" \/>\n<link rel=\"canonical\" href=\"https:\/\/amicsliceu.com\/es\/terminos-y-condiciones-de-venta\/\" \/>\n<meta property=\"og:locale\" content=\"es_ES\" \/>\n<meta property=\"og:type\" content=\"article\" \/>\n<meta property=\"og:title\" content=\"Condiciones de compra - Amics del Liceu\" \/>\n<meta property=\"og:description\" content=\"[vc_row css=\u00bb.vc_custom_1551914869485{margin-bottom: 60px !important;}\u00bb][vc_column width=\u00bb2\/3&#8243;][vc_column_text] Amics del Liceu se compromete a facturar los pedidos una vez recibidas y cobradas. Los env\u00edos, en funci\u00f3n del transporte y de las aduanas, pueden sufrir retrasos ajenos a nosotros. Amics del Liceu no se&hellip;\" \/>\n<meta property=\"og:url\" content=\"https:\/\/amicsliceu.com\/es\/terminos-y-condiciones-de-venta\/\" \/>\n<meta property=\"og:site_name\" content=\"Amics del Liceu\" \/>\n<meta property=\"article:modified_time\" content=\"2020-12-21T15:03:24+00:00\" \/>\n<meta name=\"twitter:card\" content=\"summary_large_image\" \/>\n<meta name=\"twitter:label1\" content=\"Tiempo de lectura\" \/>\n\t<meta name=\"twitter:data1\" content=\"1 minuto\" \/>\n<script type=\"application\/ld+json\" class=\"yoast-schema-graph\">{\"@context\":\"https:\/\/schema.org\",\"@graph\":[{\"@type\":\"WebPage\",\"@id\":\"https:\/\/amicsliceu.com\/es\/terminos-y-condiciones-de-venta\/\",\"url\":\"https:\/\/amicsliceu.com\/es\/terminos-y-condiciones-de-venta\/\",\"name\":\"Condiciones de compra - Amics del Liceu\",\"isPartOf\":{\"@id\":\"https:\/\/amicsliceu.com\/es\/#website\"},\"datePublished\":\"2020-12-02T22:20:22+00:00\",\"dateModified\":\"2020-12-21T15:03:24+00:00\",\"breadcrumb\":{\"@id\":\"https:\/\/amicsliceu.com\/es\/terminos-y-condiciones-de-venta\/#breadcrumb\"},\"inLanguage\":\"es\",\"potentialAction\":[{\"@type\":\"ReadAction\",\"target\":[\"https:\/\/amicsliceu.com\/es\/terminos-y-condiciones-de-venta\/\"]}]},{\"@type\":\"BreadcrumbList\",\"@id\":\"https:\/\/amicsliceu.com\/es\/terminos-y-condiciones-de-venta\/#breadcrumb\",\"itemListElement\":[{\"@type\":\"ListItem\",\"position\":1,\"name\":\"Inicio\",\"item\":\"https:\/\/amicsliceu.com\/es\/\"},{\"@type\":\"ListItem\",\"position\":2,\"name\":\"Condiciones de compra\"}]},{\"@type\":\"WebSite\",\"@id\":\"https:\/\/amicsliceu.com\/es\/#website\",\"url\":\"https:\/\/amicsliceu.com\/es\/\",\"name\":\"Amics del Liceu\",\"description\":\"\",\"publisher\":{\"@id\":\"https:\/\/amicsliceu.com\/es\/#organization\"},\"potentialAction\":[{\"@type\":\"SearchAction\",\"target\":{\"@type\":\"EntryPoint\",\"urlTemplate\":\"https:\/\/amicsliceu.com\/es\/?s={search_term_string}\"},\"query-input\":{\"@type\":\"PropertyValueSpecification\",\"valueRequired\":true,\"valueName\":\"search_term_string\"}}],\"inLanguage\":\"es\"},{\"@type\":\"Organization\",\"@id\":\"https:\/\/amicsliceu.com\/es\/#organization\",\"name\":\"Amics del Liceu\",\"url\":\"https:\/\/amicsliceu.com\/es\/\",\"logo\":{\"@type\":\"ImageObject\",\"inLanguage\":\"es\",\"@id\":\"https:\/\/amicsliceu.com\/es\/#\/schema\/logo\/image\/\",\"url\":\"http:\/\/amicsliceu.com\/wp-content\/uploads\/2019\/03\/logo.png\",\"contentUrl\":\"http:\/\/amicsliceu.com\/wp-content\/uploads\/2019\/03\/logo.png\",\"width\":225,\"height\":92,\"caption\":\"Amics del Liceu\"},\"image\":{\"@id\":\"https:\/\/amicsliceu.com\/es\/#\/schema\/logo\/image\/\"}}]}<\/script>\n<!-- \/ Yoast SEO plugin. -->","yoast_head_json":{"title":"Condiciones de compra - Amics del Liceu","robots":{"index":"index","follow":"follow","max-snippet":"max-snippet:-1","max-image-preview":"max-image-preview:large","max-video-preview":"max-video-preview:-1"},"canonical":"https:\/\/amicsliceu.com\/es\/terminos-y-condiciones-de-venta\/","og_locale":"es_ES","og_type":"article","og_title":"Condiciones de compra - Amics del Liceu","og_description":"[vc_row css=\u00bb.vc_custom_1551914869485{margin-bottom: 60px !important;}\u00bb][vc_column width=\u00bb2\/3&#8243;][vc_column_text] Amics del Liceu se compromete a facturar los pedidos una vez recibidas y cobradas. Los env\u00edos, en funci\u00f3n del transporte y de las aduanas, pueden sufrir retrasos ajenos a nosotros. Amics del Liceu no se&hellip;","og_url":"https:\/\/amicsliceu.com\/es\/terminos-y-condiciones-de-venta\/","og_site_name":"Amics del Liceu","article_modified_time":"2020-12-21T15:03:24+00:00","twitter_card":"summary_large_image","twitter_misc":{"Tiempo de lectura":"1 minuto"},"schema":{"@context":"https:\/\/schema.org","@graph":[{"@type":"WebPage","@id":"https:\/\/amicsliceu.com\/es\/terminos-y-condiciones-de-venta\/","url":"https:\/\/amicsliceu.com\/es\/terminos-y-condiciones-de-venta\/","name":"Condiciones de compra - Amics del Liceu","isPartOf":{"@id":"https:\/\/amicsliceu.com\/es\/#website"},"datePublished":"2020-12-02T22:20:22+00:00","dateModified":"2020-12-21T15:03:24+00:00","breadcrumb":{"@id":"https:\/\/amicsliceu.com\/es\/terminos-y-condiciones-de-venta\/#breadcrumb"},"inLanguage":"es","potentialAction":[{"@type":"ReadAction","target":["https:\/\/amicsliceu.com\/es\/terminos-y-condiciones-de-venta\/"]}]},{"@type":"BreadcrumbList","@id":"https:\/\/amicsliceu.com\/es\/terminos-y-condiciones-de-venta\/#breadcrumb","itemListElement":[{"@type":"ListItem","position":1,"name":"Inicio","item":"https:\/\/amicsliceu.com\/es\/"},{"@type":"ListItem","position":2,"name":"Condiciones de compra"}]},{"@type":"WebSite","@id":"https:\/\/amicsliceu.com\/es\/#website","url":"https:\/\/amicsliceu.com\/es\/","name":"Amics del Liceu","description":"","publisher":{"@id":"https:\/\/amicsliceu.com\/es\/#organization"},"potentialAction":[{"@type":"SearchAction","target":{"@type":"EntryPoint","urlTemplate":"https:\/\/amicsliceu.com\/es\/?s={search_term_string}"},"query-input":{"@type":"PropertyValueSpecification","valueRequired":true,"valueName":"search_term_string"}}],"inLanguage":"es"},{"@type":"Organization","@id":"https:\/\/amicsliceu.com\/es\/#organization","name":"Amics del Liceu","url":"https:\/\/amicsliceu.com\/es\/","logo":{"@type":"ImageObject","inLanguage":"es","@id":"https:\/\/amicsliceu.com\/es\/#\/schema\/logo\/image\/","url":"http:\/\/amicsliceu.com\/wp-content\/uploads\/2019\/03\/logo.png","contentUrl":"http:\/\/amicsliceu.com\/wp-content\/uploads\/2019\/03\/logo.png","width":225,"height":92,"caption":"Amics del Liceu"},"image":{"@id":"https:\/\/amicsliceu.com\/es\/#\/schema\/logo\/image\/"}}]}},"_links":{"self":[{"href":"https:\/\/amicsliceu.com\/es\/wp-json\/wp\/v2\/pages\/10344"}],"collection":[{"href":"https:\/\/amicsliceu.com\/es\/wp-json\/wp\/v2\/pages"}],"about":[{"href":"https:\/\/amicsliceu.com\/es\/wp-json\/wp\/v2\/types\/page"}],"author":[{"embeddable":true,"href":"https:\/\/amicsliceu.com\/es\/wp-json\/wp\/v2\/users\/1"}],"replies":[{"embeddable":true,"href":"https:\/\/amicsliceu.com\/es\/wp-json\/wp\/v2\/comments?post=10344"}],"version-history":[{"count":3,"href":"https:\/\/amicsliceu.com\/es\/wp-json\/wp\/v2\/pages\/10344\/revisions"}],"predecessor-version":[{"id":10450,"href":"https:\/\/amicsliceu.com\/es\/wp-json\/wp\/v2\/pages\/10344\/revisions\/10450"}],"wp:attachment":[{"href":"https:\/\/amicsliceu.com\/es\/wp-json\/wp\/v2\/media?parent=10344"}],"curies":[{"name":"wp","href":"https:\/\/api.w.org\/{rel}","templated":true}]}}