{"id":14646,"date":"2022-11-14T16:23:38","date_gmt":"2022-11-14T16:23:38","guid":{"rendered":"http:\/\/amicsliceu.com\/propers-viatges\/"},"modified":"2024-10-02T15:49:40","modified_gmt":"2024-10-02T15:49:40","slug":"proximos-viajes","status":"publish","type":"page","link":"https:\/\/amicsliceu.com\/es\/proximos-viajes\/","title":{"rendered":"Pr\u00f3ximos viajes"},"content":{"rendered":"<section class=\"wpb-content-wrapper\">[vc_row][vc_column]<div class=\"vcex-module vcex-blog-grid-wrap wpex-clr\"><div class=\"wpex-row vcex-blog-grid wpex-clr entries\"><div class=\"vcex-blog-entry vcex-grid-item entry-has-details span_1_of_2 col-1 col post-23575 entry type-post has-media cat-77 cat-67 cat-294 cat-67 translation_priority-88\"><div class=\"vcex-blog-entry-inner entry-inner wpex-first-mt-0 wpex-last-mb-0 wpex-clr\"><div class=\"vcex-blog-entry-media entry-media\"><a href=\"https:\/\/amicsliceu.com\/es\/madrid-del-17-al-19-dabril\/\" title=\"Madrid, del 17 al 19 de abril\"><img decoding=\"async\" loading=\"lazy\" class=\"vcex-blog-entry-img wpex-align-middle\" src=\"https:\/\/amicsliceu.com\/wp-content\/uploads\/2025\/12\/madrid-tour-02-750x400.jpg\" alt=\"\" width=\"750\" height=\"400\" \/><\/a><\/div><div class=\"vcex-blog-entry-details entry-details wpex-bordered wpex-first-mt-0 wpex-last-mb-0 wpex-clr\"><h2 class=\"vcex-blog-entry-title entry-title wpex-mb-5 wpex-child-inherit-color\" style=\"margin-bottom:10px;color:#000000;font-size:16px;line-height:1.5;\"><a href=\"https:\/\/amicsliceu.com\/es\/madrid-del-17-al-19-dabril\/\" style=\"color:#000000;\">Madrid, del 17 al 19 de abril<\/a><\/h2><div class=\"vcex-blog-entry-excerpt entry-excerpt wpex-my-15 wpex-last-mb-0 wpex-clr\"><p>El pr\u00f3ximo mes de abril, los Amics del Liceu os proponemos una escapada expr\u00e9s de fin de semana a Madrid para disfrutar de una \u00f3pera y un concierto en el Teatro Real. Comenzaremos con la \u00f3pera c\u00f3mica La novia vendida,&hellip;<\/p><\/div><div class=\"vcex-blog-entry-readmore-wrap entry-readmore-wrap wpex-my-15 wpex-clr\"><a href=\"https:\/\/amicsliceu.com\/es\/madrid-del-17-al-19-dabril\/\" class=\"theme-button\">Llegir m\u00e9s<\/a><\/div><\/div><\/div><\/div><div class=\"vcex-blog-entry vcex-grid-item entry-has-details span_1_of_2 col-2 col post-23567 entry type-post has-media cat-77 cat-67 cat-294 cat-67 translation_priority-88\"><div class=\"vcex-blog-entry-inner entry-inner wpex-first-mt-0 wpex-last-mb-0 wpex-clr\"><div class=\"vcex-blog-entry-media entry-media\"><a href=\"https:\/\/amicsliceu.com\/es\/zurich-del-13-al-18-de-mayo\/\" title=\"Zurich, del 14 al 18 de mayo\"><img decoding=\"async\" loading=\"lazy\" class=\"vcex-blog-entry-img wpex-align-middle\" src=\"https:\/\/amicsliceu.com\/wp-content\/uploads\/2025\/12\/Zurich_skyline_blue_hour-scaled-750x400.jpg\" alt=\"\" width=\"750\" height=\"400\" \/><\/a><\/div><div class=\"vcex-blog-entry-details entry-details wpex-bordered wpex-first-mt-0 wpex-last-mb-0 wpex-clr\"><h2 class=\"vcex-blog-entry-title entry-title wpex-mb-5 wpex-child-inherit-color\" style=\"margin-bottom:10px;color:#000000;font-size:16px;line-height:1.5;\"><a href=\"https:\/\/amicsliceu.com\/es\/zurich-del-13-al-18-de-mayo\/\" style=\"color:#000000;\">Zurich, del 14 al 18 de mayo<\/a><\/h2><div class=\"vcex-blog-entry-excerpt entry-excerpt wpex-my-15 wpex-last-mb-0 wpex-clr\"><p>El pr\u00f3ximo mes de mayo, los Amics del Liceu os proponemos una escapada a Z\u00farich para disfrutar de tres t\u00edtulos oper\u00edsticos fundamentales dentro del repertorio oper\u00edstico. Comenzaremos con una versi\u00f3n en concierto de La damnation de Faust, de Hector Berlioz,&hellip;<\/p><\/div><div class=\"vcex-blog-entry-readmore-wrap entry-readmore-wrap wpex-my-15 wpex-clr\"><a href=\"https:\/\/amicsliceu.com\/es\/zurich-del-13-al-18-de-mayo\/\" class=\"theme-button\">Llegir m\u00e9s<\/a><\/div><\/div><\/div><\/div><div class=\"vcex-blog-entry vcex-grid-item entry-has-details span_1_of_2 col-1 col post-24624 entry type-post has-media cat-77 cat-67 cat-294 cat-67 translation_priority-88\"><div class=\"vcex-blog-entry-inner entry-inner wpex-first-mt-0 wpex-last-mb-0 wpex-clr\"><div class=\"vcex-blog-entry-media entry-media\"><a href=\"https:\/\/amicsliceu.com\/es\/sortida-al-festival-espurnes-barroques-del-30-al-31-de-maig\/\" title=\"Sortida al Festival Espurnes Barroques, del 30 al 31 de maig\"><img decoding=\"async\" loading=\"lazy\" class=\"vcex-blog-entry-img wpex-align-middle\" src=\"https:\/\/amicsliceu.com\/wp-content\/uploads\/2026\/04\/Espurnes-barroques-410x400.jpg\" alt=\"\" width=\"410\" height=\"400\" \/><\/a><\/div><div class=\"vcex-blog-entry-details entry-details wpex-bordered wpex-first-mt-0 wpex-last-mb-0 wpex-clr\"><h2 class=\"vcex-blog-entry-title entry-title wpex-mb-5 wpex-child-inherit-color\" style=\"margin-bottom:10px;color:#000000;font-size:16px;line-height:1.5;\"><a href=\"https:\/\/amicsliceu.com\/es\/sortida-al-festival-espurnes-barroques-del-30-al-31-de-maig\/\" style=\"color:#000000;\">Sortida al Festival Espurnes Barroques, del 30 al 31 de maig<\/a><\/h2><div class=\"vcex-blog-entry-excerpt entry-excerpt wpex-my-15 wpex-last-mb-0 wpex-clr\"><p>En el mes de mayo, los Amics del Liceu os proponemos una escapada de fin de semana para asistir al Festival Espurnes Barroques, que ofrece experiencias musicales de alta calidad en enclaves barrocos y paisajes singulares de, sobre todo, peque\u00f1os&hellip;<\/p><\/div><div class=\"vcex-blog-entry-readmore-wrap entry-readmore-wrap wpex-my-15 wpex-clr\"><a href=\"https:\/\/amicsliceu.com\/es\/sortida-al-festival-espurnes-barroques-del-30-al-31-de-maig\/\" class=\"theme-button\">Llegir m\u00e9s<\/a><\/div><\/div><\/div><\/div><div class=\"vcex-blog-entry vcex-grid-item entry-has-details span_1_of_2 col-2 col post-23811 entry type-post has-media cat-77 cat-67 cat-294 cat-67 translation_priority-88\"><div class=\"vcex-blog-entry-inner entry-inner wpex-first-mt-0 wpex-last-mb-0 wpex-clr\"><div class=\"vcex-blog-entry-media entry-media\"><a href=\"https:\/\/amicsliceu.com\/es\/festival-de-aix-en-provence-del-14-al-18-de-julio\/\" title=\"Festival de Aix-en-Provence, del 14 al 18 de julio\"><img decoding=\"async\" loading=\"lazy\" class=\"vcex-blog-entry-img wpex-align-middle\" src=\"https:\/\/amicsliceu.com\/wp-content\/uploads\/2025\/12\/Aixok-750x400.jpg\" alt=\"\" width=\"750\" height=\"400\" \/><\/a><\/div><div class=\"vcex-blog-entry-details entry-details wpex-bordered wpex-first-mt-0 wpex-last-mb-0 wpex-clr\"><h2 class=\"vcex-blog-entry-title entry-title wpex-mb-5 wpex-child-inherit-color\" style=\"margin-bottom:10px;color:#000000;font-size:16px;line-height:1.5;\"><a href=\"https:\/\/amicsliceu.com\/es\/festival-de-aix-en-provence-del-14-al-18-de-julio\/\" style=\"color:#000000;\">Festival de Aix-en-Provence, del 14 al 18 de julio<\/a><\/h2><div class=\"vcex-blog-entry-excerpt entry-excerpt wpex-my-15 wpex-last-mb-0 wpex-clr\"><p>El pr\u00f3ximo mes de julio, los Amigos del Liceu os proponemos una escapada al Festival de Aix-en-Provence para disfrutar de tres t\u00edtulos oper\u00edsticos excepcionales dentro del repertorio. Empezaremos con Die Frau ohne Schatten, de R. Strauss, una de las obras&hellip;<\/p><\/div><div class=\"vcex-blog-entry-readmore-wrap entry-readmore-wrap wpex-my-15 wpex-clr\"><a href=\"https:\/\/amicsliceu.com\/es\/festival-de-aix-en-provence-del-14-al-18-de-julio\/\" class=\"theme-button\">Llegir m\u00e9s<\/a><\/div><\/div><\/div><\/div><div class=\"vcex-blog-entry vcex-grid-item entry-has-details span_1_of_2 col-1 col post-23802 entry type-post has-media cat-77 cat-67 cat-294 cat-67 translation_priority-88\"><div class=\"vcex-blog-entry-inner entry-inner wpex-first-mt-0 wpex-last-mb-0 wpex-clr\"><div class=\"vcex-blog-entry-media entry-media\"><a href=\"https:\/\/amicsliceu.com\/es\/festival-de-macerata-del-30-de-juliol-al-3-dagost\/\" title=\"Festival de Macerata, del 30 de julio al 3 de agosto\"><img decoding=\"async\" loading=\"lazy\" class=\"vcex-blog-entry-img wpex-align-middle\" src=\"https:\/\/amicsliceu.com\/wp-content\/uploads\/2025\/12\/macerata-sferisterio-e1617276608458-750x400.jpg\" alt=\"\" width=\"750\" height=\"400\" \/><\/a><\/div><div class=\"vcex-blog-entry-details entry-details wpex-bordered wpex-first-mt-0 wpex-last-mb-0 wpex-clr\"><h2 class=\"vcex-blog-entry-title entry-title wpex-mb-5 wpex-child-inherit-color\" style=\"margin-bottom:10px;color:#000000;font-size:16px;line-height:1.5;\"><a href=\"https:\/\/amicsliceu.com\/es\/festival-de-macerata-del-30-de-juliol-al-3-dagost\/\" style=\"color:#000000;\">Festival de Macerata, del 30 de julio al 3 de agosto<\/a><\/h2><div class=\"vcex-blog-entry-excerpt entry-excerpt wpex-my-15 wpex-last-mb-0 wpex-clr\"><p>El pr\u00f3ximo mes de agosto, los Amics del Liceu os proponemos un viaje para asistir al Festival de Macerata, uno de los festivales de verano m\u00e1s importantes de Italia, con m\u00e1s de 100 a\u00f1os de historia, que se celebra en&hellip;<\/p><\/div><div class=\"vcex-blog-entry-readmore-wrap entry-readmore-wrap wpex-my-15 wpex-clr\"><a href=\"https:\/\/amicsliceu.com\/es\/festival-de-macerata-del-30-de-juliol-al-3-dagost\/\" class=\"theme-button\">Llegir m\u00e9s<\/a><\/div><\/div><\/div><\/div><div class=\"vcex-blog-entry vcex-grid-item entry-has-details span_1_of_2 col-2 col post-22970 entry type-post has-media cat-77 cat-67 cat-294 cat-67 translation_priority-88\"><div class=\"vcex-blog-entry-inner entry-inner wpex-first-mt-0 wpex-last-mb-0 wpex-clr\"><div class=\"vcex-blog-entry-media entry-media\"><a href=\"https:\/\/amicsliceu.com\/es\/bayreuth-del-17-al-21-dagost\/\" title=\"Bayreuth, del 18 al 21 de agosto (lista de espera)\"><img decoding=\"async\" loading=\"lazy\" class=\"vcex-blog-entry-img wpex-align-middle\" src=\"https:\/\/amicsliceu.com\/wp-content\/uploads\/2025\/09\/bayreuth-750x400.jpg\" alt=\"\" width=\"750\" height=\"400\" \/><\/a><\/div><div class=\"vcex-blog-entry-details entry-details wpex-bordered wpex-first-mt-0 wpex-last-mb-0 wpex-clr\"><h2 class=\"vcex-blog-entry-title entry-title wpex-mb-5 wpex-child-inherit-color\" style=\"margin-bottom:10px;color:#000000;font-size:16px;line-height:1.5;\"><a href=\"https:\/\/amicsliceu.com\/es\/bayreuth-del-17-al-21-dagost\/\" style=\"color:#000000;\">Bayreuth, del 18 al 21 de agosto (lista de espera)<\/a><\/h2><div class=\"vcex-blog-entry-excerpt entry-excerpt wpex-my-15 wpex-last-mb-0 wpex-clr\"><p>Nos hace especial ilusi\u00f3n informaros de que los Amics del Liceu hemos firmado un convenio de colaboraci\u00f3n con el Club Wagner, que ofrece la posibilidad a los socios de volver nuevamente al Festival de Bayreuth. As\u00ed pues, hemos organizado un&hellip;<\/p><\/div><div class=\"vcex-blog-entry-readmore-wrap entry-readmore-wrap wpex-my-15 wpex-clr\"><a href=\"https:\/\/amicsliceu.com\/es\/bayreuth-del-17-al-21-dagost\/\" class=\"theme-button\">Llegir m\u00e9s<\/a><\/div><\/div><\/div><\/div><div class=\"vcex-blog-entry vcex-grid-item entry-has-details span_1_of_2 col-1 col post-24530 entry type-post has-media cat-77 cat-67 cat-294 cat-67 translation_priority-88\"><div class=\"vcex-blog-entry-inner entry-inner wpex-first-mt-0 wpex-last-mb-0 wpex-clr\"><div class=\"vcex-blog-entry-media entry-media\"><a href=\"https:\/\/amicsliceu.com\/es\/la-schubertiada-del-18-al-21-dagost-en-preparacio\/\" title=\"La Schubert\u00edada, del 18 al 21 d&#8217;agost (en preparaci\u00f3)\"><img decoding=\"async\" loading=\"lazy\" class=\"vcex-blog-entry-img wpex-align-middle\" src=\"https:\/\/amicsliceu.com\/wp-content\/uploads\/2026\/03\/schubertiada-2026-web-inici-750x400.jpg\" alt=\"\" width=\"750\" height=\"400\" \/><\/a><\/div><div class=\"vcex-blog-entry-details entry-details wpex-bordered wpex-first-mt-0 wpex-last-mb-0 wpex-clr\"><h2 class=\"vcex-blog-entry-title entry-title wpex-mb-5 wpex-child-inherit-color\" style=\"margin-bottom:10px;color:#000000;font-size:16px;line-height:1.5;\"><a href=\"https:\/\/amicsliceu.com\/es\/la-schubertiada-del-18-al-21-dagost-en-preparacio\/\" style=\"color:#000000;\">La Schubert\u00edada, del 18 al 21 d&#8217;agost (en preparaci\u00f3)<\/a><\/h2><div class=\"vcex-blog-entry-excerpt entry-excerpt wpex-my-15 wpex-last-mb-0 wpex-clr\"><p>El proper mes d\u2019agost, els Amics del Liceu us proposem una sortida a La Schubert\u00edada, una cita habitual durant el mes d'agost per als Amics del Liceu, on gaudirem de tres concerts \u00fanics.\u00a0A m\u00e9s,\u00a0el viatge es completar\u00e0 amb diverses sortides&hellip;<\/p><\/div><div class=\"vcex-blog-entry-readmore-wrap entry-readmore-wrap wpex-my-15 wpex-clr\"><a href=\"https:\/\/amicsliceu.com\/es\/la-schubertiada-del-18-al-21-dagost-en-preparacio\/\" class=\"theme-button\">Llegir m\u00e9s<\/a><\/div><\/div><\/div><\/div><\/div><\/div>[\/vc_column][\/vc_row]\n<\/section>","protected":false},"excerpt":{"rendered":"<p>[vc_row][vc_column][\/vc_column][\/vc_row]<\/p>\n","protected":false},"author":1,"featured_media":0,"parent":0,"menu_order":0,"comment_status":"closed","ping_status":"closed","template":"","meta":{"footnotes":""},"class_list":["post-14646","page","type-page","status-publish","hentry","entry","has-media"],"yoast_head":"<!-- This site is optimized with the Yoast SEO plugin v23.9 - https:\/\/yoast.com\/wordpress\/plugins\/seo\/ -->\n<title>Pr\u00f3ximos viajes - Amics del Liceu<\/title>\n<meta name=\"robots\" content=\"index, follow, max-snippet:-1, max-image-preview:large, max-video-preview:-1\" \/>\n<link rel=\"canonical\" href=\"https:\/\/amicsliceu.com\/es\/proximos-viajes\/\" \/>\n<meta property=\"og:locale\" content=\"es_ES\" \/>\n<meta property=\"og:type\" content=\"article\" \/>\n<meta property=\"og:title\" content=\"Pr\u00f3ximos viajes - Amics del Liceu\" \/>\n<meta property=\"og:description\" content=\"[vc_row][vc_column][\/vc_column][\/vc_row]\" \/>\n<meta property=\"og:url\" content=\"https:\/\/amicsliceu.com\/es\/proximos-viajes\/\" \/>\n<meta property=\"og:site_name\" content=\"Amics del Liceu\" \/>\n<meta property=\"article:modified_time\" content=\"2024-10-02T15:49:40+00:00\" \/>\n<meta name=\"twitter:card\" content=\"summary_large_image\" \/>\n<meta name=\"twitter:label1\" content=\"Tiempo de lectura\" \/>\n\t<meta name=\"twitter:data1\" content=\"1 minuto\" \/>\n<script type=\"application\/ld+json\" class=\"yoast-schema-graph\">{\"@context\":\"https:\/\/schema.org\",\"@graph\":[{\"@type\":\"WebPage\",\"@id\":\"https:\/\/amicsliceu.com\/es\/proximos-viajes\/\",\"url\":\"https:\/\/amicsliceu.com\/es\/proximos-viajes\/\",\"name\":\"Pr\u00f3ximos viajes - Amics del Liceu\",\"isPartOf\":{\"@id\":\"https:\/\/amicsliceu.com\/es\/#website\"},\"datePublished\":\"2022-11-14T16:23:38+00:00\",\"dateModified\":\"2024-10-02T15:49:40+00:00\",\"breadcrumb\":{\"@id\":\"https:\/\/amicsliceu.com\/es\/proximos-viajes\/#breadcrumb\"},\"inLanguage\":\"es\",\"potentialAction\":[{\"@type\":\"ReadAction\",\"target\":[\"https:\/\/amicsliceu.com\/es\/proximos-viajes\/\"]}]},{\"@type\":\"BreadcrumbList\",\"@id\":\"https:\/\/amicsliceu.com\/es\/proximos-viajes\/#breadcrumb\",\"itemListElement\":[{\"@type\":\"ListItem\",\"position\":1,\"name\":\"Inicio\",\"item\":\"https:\/\/amicsliceu.com\/es\/\"},{\"@type\":\"ListItem\",\"position\":2,\"name\":\"Pr\u00f3ximos viajes\"}]},{\"@type\":\"WebSite\",\"@id\":\"https:\/\/amicsliceu.com\/es\/#website\",\"url\":\"https:\/\/amicsliceu.com\/es\/\",\"name\":\"Amics del Liceu\",\"description\":\"\",\"publisher\":{\"@id\":\"https:\/\/amicsliceu.com\/es\/#organization\"},\"potentialAction\":[{\"@type\":\"SearchAction\",\"target\":{\"@type\":\"EntryPoint\",\"urlTemplate\":\"https:\/\/amicsliceu.com\/es\/?s={search_term_string}\"},\"query-input\":{\"@type\":\"PropertyValueSpecification\",\"valueRequired\":true,\"valueName\":\"search_term_string\"}}],\"inLanguage\":\"es\"},{\"@type\":\"Organization\",\"@id\":\"https:\/\/amicsliceu.com\/es\/#organization\",\"name\":\"Amics del Liceu\",\"url\":\"https:\/\/amicsliceu.com\/es\/\",\"logo\":{\"@type\":\"ImageObject\",\"inLanguage\":\"es\",\"@id\":\"https:\/\/amicsliceu.com\/es\/#\/schema\/logo\/image\/\",\"url\":\"http:\/\/amicsliceu.com\/wp-content\/uploads\/2019\/03\/logo.png\",\"contentUrl\":\"http:\/\/amicsliceu.com\/wp-content\/uploads\/2019\/03\/logo.png\",\"width\":225,\"height\":92,\"caption\":\"Amics del Liceu\"},\"image\":{\"@id\":\"https:\/\/amicsliceu.com\/es\/#\/schema\/logo\/image\/\"}}]}<\/script>\n<!-- \/ Yoast SEO plugin. -->","yoast_head_json":{"title":"Pr\u00f3ximos viajes - Amics del Liceu","robots":{"index":"index","follow":"follow","max-snippet":"max-snippet:-1","max-image-preview":"max-image-preview:large","max-video-preview":"max-video-preview:-1"},"canonical":"https:\/\/amicsliceu.com\/es\/proximos-viajes\/","og_locale":"es_ES","og_type":"article","og_title":"Pr\u00f3ximos viajes - Amics del Liceu","og_description":"[vc_row][vc_column][\/vc_column][\/vc_row]","og_url":"https:\/\/amicsliceu.com\/es\/proximos-viajes\/","og_site_name":"Amics del Liceu","article_modified_time":"2024-10-02T15:49:40+00:00","twitter_card":"summary_large_image","twitter_misc":{"Tiempo de lectura":"1 minuto"},"schema":{"@context":"https:\/\/schema.org","@graph":[{"@type":"WebPage","@id":"https:\/\/amicsliceu.com\/es\/proximos-viajes\/","url":"https:\/\/amicsliceu.com\/es\/proximos-viajes\/","name":"Pr\u00f3ximos viajes - Amics del Liceu","isPartOf":{"@id":"https:\/\/amicsliceu.com\/es\/#website"},"datePublished":"2022-11-14T16:23:38+00:00","dateModified":"2024-10-02T15:49:40+00:00","breadcrumb":{"@id":"https:\/\/amicsliceu.com\/es\/proximos-viajes\/#breadcrumb"},"inLanguage":"es","potentialAction":[{"@type":"ReadAction","target":["https:\/\/amicsliceu.com\/es\/proximos-viajes\/"]}]},{"@type":"BreadcrumbList","@id":"https:\/\/amicsliceu.com\/es\/proximos-viajes\/#breadcrumb","itemListElement":[{"@type":"ListItem","position":1,"name":"Inicio","item":"https:\/\/amicsliceu.com\/es\/"},{"@type":"ListItem","position":2,"name":"Pr\u00f3ximos viajes"}]},{"@type":"WebSite","@id":"https:\/\/amicsliceu.com\/es\/#website","url":"https:\/\/amicsliceu.com\/es\/","name":"Amics del Liceu","description":"","publisher":{"@id":"https:\/\/amicsliceu.com\/es\/#organization"},"potentialAction":[{"@type":"SearchAction","target":{"@type":"EntryPoint","urlTemplate":"https:\/\/amicsliceu.com\/es\/?s={search_term_string}"},"query-input":{"@type":"PropertyValueSpecification","valueRequired":true,"valueName":"search_term_string"}}],"inLanguage":"es"},{"@type":"Organization","@id":"https:\/\/amicsliceu.com\/es\/#organization","name":"Amics del Liceu","url":"https:\/\/amicsliceu.com\/es\/","logo":{"@type":"ImageObject","inLanguage":"es","@id":"https:\/\/amicsliceu.com\/es\/#\/schema\/logo\/image\/","url":"http:\/\/amicsliceu.com\/wp-content\/uploads\/2019\/03\/logo.png","contentUrl":"http:\/\/amicsliceu.com\/wp-content\/uploads\/2019\/03\/logo.png","width":225,"height":92,"caption":"Amics del Liceu"},"image":{"@id":"https:\/\/amicsliceu.com\/es\/#\/schema\/logo\/image\/"}}]}},"_links":{"self":[{"href":"https:\/\/amicsliceu.com\/es\/wp-json\/wp\/v2\/pages\/14646"}],"collection":[{"href":"https:\/\/amicsliceu.com\/es\/wp-json\/wp\/v2\/pages"}],"about":[{"href":"https:\/\/amicsliceu.com\/es\/wp-json\/wp\/v2\/types\/page"}],"author":[{"embeddable":true,"href":"https:\/\/amicsliceu.com\/es\/wp-json\/wp\/v2\/users\/1"}],"replies":[{"embeddable":true,"href":"https:\/\/amicsliceu.com\/es\/wp-json\/wp\/v2\/comments?post=14646"}],"version-history":[{"count":2,"href":"https:\/\/amicsliceu.com\/es\/wp-json\/wp\/v2\/pages\/14646\/revisions"}],"predecessor-version":[{"id":15838,"href":"https:\/\/amicsliceu.com\/es\/wp-json\/wp\/v2\/pages\/14646\/revisions\/15838"}],"wp:attachment":[{"href":"https:\/\/amicsliceu.com\/es\/wp-json\/wp\/v2\/media?parent=14646"}],"curies":[{"name":"wp","href":"https:\/\/api.w.org\/{rel}","templated":true}]}}