{"id":4164,"date":"2015-06-22T11:04:27","date_gmt":"2015-06-22T11:04:27","guid":{"rendered":"http:\/\/amicsliceu.com\/politica-de-cookies\/"},"modified":"2019-03-06T23:33:02","modified_gmt":"2019-03-06T23:33:02","slug":"politica-de-cookies","status":"publish","type":"page","link":"https:\/\/amicsliceu.com\/es\/politica-de-cookies\/","title":{"rendered":"Pol\u00edtica de cookies"},"content":{"rendered":"<section class=\"wpb-content-wrapper\">[vc_row css=\u00bb.vc_custom_1551914869485{margin-bottom: 60px !important;}\u00bb][vc_column width=\u00bb2\/3&#8243;][vc_column_text]\n<h2><strong>Qu\u00e8 s\u00f3n les cookies?<\/strong><\/h2>\n<p>Una cookie \u00e9s un fitxer que es descarrega al seu ordinador en accedir a determinades p\u00e0gines web. Les cookies permeten a una p\u00e0gina web, entre altres coses, emmagatzemar i recuperar informaci\u00f3 sobre els h\u00e0bits de navegaci\u00f3 d\u2019un usuari o del seu equip i, depenent de la informaci\u00f3 que continguin i de la forma en qu\u00e8 utilitzi el seu equip, es poden utilitzar per recon\u00e8ixer l\u2019usuari.<\/p>\n<p>El navegador de l\u2019usuari memoritza cookies al disc dur \u00fanicament durant la sessi\u00f3 actual ocupant un espai de mem\u00f2ria m\u00ednim i no perjudicant l\u2019ordinador. Les cookies no contenen cap mena d\u2019informaci\u00f3 personal espec\u00edfica, i la majoria d\u2019aquestes s\u2019esborren del disc dur en finalitzar la sessi\u00f3 de navegador (les anomenades cookies de sessi\u00f3).<\/p>\n<p>La majoria dels navegadors accepten com a est\u00e0ndard les cookies i, amb independ\u00e8ncia de les mateixes, permeten o impedeixen a la configuraci\u00f3 de seguretat les cookies temporals o memoritzades.<\/p>\n<p>Segons quina sigui l\u2019entitat que gestioni el domini des d\u2019on s\u2019envien les cookies i tracti les dades que s\u2019obtinguin es poden distingir dos tipus: cookies pr\u00f2pies i cookies de tercers. Existeix tamb\u00e9 una segona classificaci\u00f3 segons el termini de temps que romanen emmagatzemades al navegador del client, podent-se tractar de cookies de sessi\u00f3 o cookies persistents. Finalment, hi ha una altra classificaci\u00f3 amb cinc tipus de cookies segons la finalitat per a la qual es tractin les dades obtingudes: cookies t\u00e8cniques, cookies de personalitzaci\u00f3, cookies d\u2019an\u00e0lisi, cookies publicit\u00e0ries i cookies de publicitat comportamental.<\/p>\n<p>Per a m\u00e9s informaci\u00f3 pot consultar la\u00a0<a href=\"http:\/\/www.interior.gob.es\/documents\/10180\/13073\/Guia_Cookies.pdf\/7c72c988-1e55-42b5-aeee-f7c46a319903\" target=\"_blank\" rel=\"noopener noreferrer\">Guia sobre l\u2019\u00fas de les cookies de l\u2019Ag\u00e8ncia Espanyola de Protecci\u00f3 de Dades<\/a>.[\/vc_column_text][vc_column_text css=\u00bb.vc_custom_1551914983132{margin-top: 40px !important;}\u00bb]\n<h2><strong>Quins tipus de cookies utilitza aquesta p\u00e0gina web?<\/strong><\/h2>\n<p><em><strong>Cookies t\u00e8cniques: <\/strong><\/em>S\u00f3n aquelles que permeten a l\u2019usuari la navegaci\u00f3 a trav\u00e9s d\u2019una p\u00e0gina web, plataforma o aplicaci\u00f3 i la utilitzaci\u00f3 de les diferents opcions o serveis que en ella hi hagi com, per exemple, controlar el tr\u00e0nsit i la comunicaci\u00f3 de dades, identificar la sessi\u00f3, accedir a parts d\u2019acc\u00e9s restringit, recordar els elements que integren una comanda, realitzar el proc\u00e9s de compra d\u2019una comanda, realitzar la sol \u00b7 licitud d\u2019inscripci\u00f3 o participaci\u00f3 en un esdeveniment, utilitzar elements de seguretat durant la navegaci\u00f3, emmagatzemar continguts per a la difusi\u00f3 de v\u00eddeos o so o compartir continguts a trav\u00e9s de xarxes socials.<\/p>\n<p>Les cookies t\u00e8cniques s\u00f3n aquelles imprescindibles i estrictament necess\u00e0ries per al correcte funcionament de la p\u00e0gina web.<\/p>\n<p><strong>Cookies de personalitzaci\u00f3:<\/strong> S\u00f3n aquelles que permeten a l\u2019usuari accedir al servei amb algunes caracter\u00edstiques de car\u00e0cter general predefinides en funci\u00f3 d\u2019una s\u00e8rie de criteris en el terminal de l\u2019usuari com ara serien l\u2019idioma, el tipus de navegador a trav\u00e9s del qual s\u2019accedeix al servei, la configuraci\u00f3 regional des d\u2019on accedeix al servei, etc.<\/p>\n<p><strong>Cookies d\u2019an\u00e0lisi:<\/strong> S\u00f3n aquelles que, tractades per nosaltres o per tercers, ens permeten quantificar el nombre d\u2019usuaris i aix\u00ed realitzar el mesurament i an\u00e0lisi estad\u00edstica de la utilitzaci\u00f3 que fan els usuaris del servei ofert. Per a aix\u00f2 s\u2019analitza la seva navegaci\u00f3 a la nostra p\u00e0gina web amb la finalitat de millorar l\u2019oferta de productes o serveis que li oferim.<\/p>\n<p>Aquesta p\u00e0gina web utilitza Google Analytics, un servei d\u2019anal\u00edtica web desenvolupada per Google, que permet el mesurament i an\u00e0lisi de la navegaci\u00f3 a les p\u00e0gines web. En el seu navegador podr\u00e0 observar 5 cookies d\u2019aquest servei: _utma, _utmb, _utmc, _utmv i _utmz. S\u00f3n cookies pr\u00f2pies, de sessi\u00f3 i d\u2019an\u00e0lisi. Pot trobar m\u00e9s informaci\u00f3 al respecte i inhabilitar l\u2019\u00fas d\u2019aquestes galetes a la seg\u00fcent adre\u00e7a: <a href=\"http:\/\/www.google.es\/intl\/es\/analytics\/privacyoverview.html\" target=\"_blank\" rel=\"noopener noreferrer\">http:\/\/www.google.es\/intl\/es\/analytics\/privacyoverview.html<\/a><\/p>\n<p>A trav\u00e9s de l\u2019anal\u00edtica web s\u2019obt\u00e9 informaci\u00f3 relativa al n\u00famero d\u2019usuaris que accedeixen al web, el n\u00famero de p\u00e0gines vistes, la freq\u00fc\u00e8ncia i repetici\u00f3 de les visites, la seva durada, el navegador utilitzat, l\u2019operador que presta el servei, l\u2019idioma, el terminal que utilitza, o la ciutat a la qual est\u00e0 assignada la seva adre\u00e7a IP. Informaci\u00f3 que possibilita un millor i m\u00e9s apropiat servei per part d\u2019aquesta p\u00e0gina web.<\/p>\n<p><strong>Cookies de tercers:<\/strong> La nostra p\u00e0gina web utilitza serveis de tercers que permeten millorar els serveis oferts<br \/>\nUtilitzem cookies de xarxes socials externes: aquelles que s\u2019utilitzen perqu\u00e8 els usuaris del lloc puguin interactuar amb el contingut de diferents plataformes socials (Facebook, Twitter, etc.) i que es generen \u00fanicament per als usuaris d\u2019aquestes xarxes socials. Les condicions d\u2019utilitzaci\u00f3 d\u2019aquestes galetes i la informaci\u00f3 recopilada es regula per la pol\u00edtica de privacitat de la plataforma social corresponent.[\/vc_column_text][vc_column_text css=\u00bb.vc_custom_1551914993232{margin-top: 40px !important;}\u00bb]\n<h2><strong>Acceptaci\u00f3 de la pol\u00edtica de cookies<\/strong><\/h2>\n<p>L\u2019usuari accepta expressament, per la utilitzaci\u00f3 d\u2019aquest Site, el tractament de la informaci\u00f3 recollida en la forma i amb els fins anteriorment esmentats. I aix\u00ed mateix reconeix con\u00e8ixer la possibilitat de rebutjar el tractament d\u2019aquestes dades o informaci\u00f3 rebutjant l\u2019\u00fas de cookies mitjan\u00e7ant la selecci\u00f3 de la configuraci\u00f3 apropiada a tal fi en el seu navegador. Si b\u00e9 aquesta opci\u00f3 de bloqueig de Cookies en el seu navegador pot no permetre l\u2019\u00fas ple de totes les funcionalitats del lloc Web.\u2028D\u2019aquesta manera, li mostrem informaci\u00f3 sobre la pol\u00edtica de cookies a la part superior de les p\u00e0gines del site per tal que vost\u00e8 sigui conscient. Davant aquesta informaci\u00f3 \u00e9s possible dur a terme les seg\u00fcents accions:<\/p>\n<ul>\n<li>Amagar aquest missatge. S\u2019oculta l\u2019av\u00eds a la present p\u00e0gina.<\/li>\n<li>Modificar la seva configuraci\u00f3. Podr\u00e0 obtenir m\u00e9s informaci\u00f3 sobre qu\u00e8 s\u00f3n les cookies, con\u00e8ixer la pol\u00edtica de cookies i modificar la configuraci\u00f3 del seu navegador.<\/li>\n<\/ul>\n[\/vc_column_text][vc_column_text css=\u00bb.vc_custom_1551915004241{margin-top: 40px !important;}\u00bb]\n<h2><strong>Com bloquejar o eliminar les cookies?<\/strong><\/h2>\n<p>Vost\u00e8 pot permetre, bloquejar o eliminar les cookies instal\u00b7lades en el seu equip mitjan\u00e7ant la configuraci\u00f3 de les opcions del navegador instal\u00b7lat al seu ordinador:<\/p>\n<ul>\n<li>Internet Explorer: <a href=\"http:\/\/windows.microsoft.com\/es-xl\/internet-explorer\/delete-manage-cookies#ie=ie-11\" target=\"_blank\" rel=\"noopener noreferrer\">windows.microsoft.com\/es-xl\/internet-explorer\/delete-manage-cookies#ie=ie-11<\/a><\/li>\n<li>FireFox: <a href=\"http:\/\/support.mozilla.org\/es\/kb\/Borrar%20cookies\" target=\"_blank\" rel=\"noopener noreferrer\">support.mozilla.org\/es\/kb\/Borrar%20cookies<\/a><\/li>\n<li>Chromerinsight: <a href=\"http:\/\/support.google.com\/chrome\/answer\/95647?hl=es\" target=\"_blank\" rel=\"noopener noreferrer\">support.google.com\/chrome\/answer\/95647?hl=es<\/a><\/li>\n<li>Safari: <a href=\"http:\/\/www.apple.com\/es\/privacy\/use-of-cookies\/\" target=\"_blank\" rel=\"noopener noreferrer\">www.apple.com\/es\/privacy\/use-of-cookies\/<\/a><\/li>\n<\/ul>\n<p>Si t\u00e9 dubtes sobre aquesta pol\u00edtica de cookies, pot contactar amb nosaltres a <a href=\"mailto:info@amicsliceu.com\">info@amicsliceu.com<\/a>[\/vc_column_text][vc_column_text css=\u00bb.vc_custom_1551915014169{margin-top: 40px !important;}\u00bb]\n<h2><strong>Notes addicionals<\/strong><\/h2>\n<ul>\n<li style=\"text-align: justify;\">Ni aquesta web ni els seus representants legals es fan responsables del contingut ni de la veracitat de les pol\u00edtiques de privacitat que tinguin aquells tercers mencionats en aquesta pol\u00edtica de <em>cookies<\/em>.<\/li>\n<li style=\"text-align: justify;\">Els navegadors web s\u00f3n les eines encarregades d&#8217;emmagatzemar les cookies i \u00e9s a trav\u00e9s d&#8217;aquests que n&#8217;ha d&#8217;efectuar el seu dret\u00a0a l&#8217;eliminaci\u00f3 o desactivaci\u00f3. Ni aquesta web ni els seus representants legals poden garantir la correcta o incorrecta manipulaci\u00f3 de les\u00a0<em>cookies<\/em>\u00a0per part dels navegadors.<\/li>\n<li style=\"text-align: justify;\">En alguns casos \u00e9s necessari instalar\u00a0<em>cookies<\/em>\u00a0perqu\u00e8 el navegador no oblidi la seva decisi\u00f3 d&#8217;acceptar-les.<\/li>\n<li style=\"text-align: justify;\">En el cas de les\u00a0<em>cookies<\/em>\u00a0de Google Analytics, aquesta empresa emmagatzema les\u00a0<em>cookies<\/em>\u00a0a servidors situats a Estats Units i es compromet a no compartir-la amb tercers, excepte en els casos en els quals sigui necessari pel correcte funcionament del sistema, o quan la llei obliga a tal efecte. Segons Google, no guarda la seva direcci\u00f3 IP. Google Inc. \u00e9s una companyia adherida a l&#8217;Acord de Port Segur, que garanteix que totes les dades transferides seran tractades amb un nivell de protecci\u00f3 que compleixi amb la normativa europea. Pot consultar m\u00e9s informaci\u00f3\u00a0<a href=\"http:\/\/safeharbor.export.gov\/companyinfo.aspx?id=16626\" target=\"_blank\" rel=\"noopener noreferrer\">en aquest enlla\u00e7<\/a>. Si desitja informaci\u00f3 sobre l&#8217;\u00fas que Google fa de les <em>cookies<\/em>\u00a0<a href=\"https:\/\/developers.google.com\/analytics\/devguides\/collection\/analyticsjs\/cookie-usage?hl=es&amp;csw=1\" target=\"_blank\" rel=\"noopener noreferrer\">l&#8217;adjuntem aquest altre enlla\u00e7<\/a>.<\/li>\n<\/ul>\n[\/vc_column_text][\/vc_column][vc_column width=\u00bb1\/3&#8243;][\/vc_column][\/vc_row]\n<\/section>","protected":false},"excerpt":{"rendered":"<p>[vc_row css=\u00bb.vc_custom_1551914869485{margin-bottom: 60px !important;}\u00bb][vc_column width=\u00bb2\/3&#8243;][vc_column_text] Qu\u00e8 s\u00f3n les cookies? Una cookie \u00e9s un fitxer que es descarrega al seu ordinador en accedir a determinades p\u00e0gines web. Les cookies permeten a una p\u00e0gina web, entre altres coses, emmagatzemar i recuperar informaci\u00f3&hellip;<\/p>\n","protected":false},"author":1,"featured_media":0,"parent":0,"menu_order":0,"comment_status":"open","ping_status":"open","template":"","meta":{"footnotes":""},"class_list":["post-4164","page","type-page","status-publish","hentry","entry","no-media"],"yoast_head":"<!-- This site is optimized with the Yoast SEO plugin v23.9 - https:\/\/yoast.com\/wordpress\/plugins\/seo\/ -->\n<title>Pol\u00edtica de cookies - Amics del Liceu<\/title>\n<meta name=\"robots\" content=\"index, follow, max-snippet:-1, max-image-preview:large, max-video-preview:-1\" \/>\n<link rel=\"canonical\" href=\"https:\/\/amicsliceu.com\/es\/politica-de-cookies\/\" \/>\n<meta property=\"og:locale\" content=\"es_ES\" \/>\n<meta property=\"og:type\" content=\"article\" \/>\n<meta property=\"og:title\" content=\"Pol\u00edtica de cookies - Amics del Liceu\" \/>\n<meta property=\"og:description\" content=\"[vc_row css=\u00bb.vc_custom_1551914869485{margin-bottom: 60px !important;}\u00bb][vc_column width=\u00bb2\/3&#8243;][vc_column_text] Qu\u00e8 s\u00f3n les cookies? Una cookie \u00e9s un fitxer que es descarrega al seu ordinador en accedir a determinades p\u00e0gines web. Les cookies permeten a una p\u00e0gina web, entre altres coses, emmagatzemar i recuperar informaci\u00f3&hellip;\" \/>\n<meta property=\"og:url\" content=\"https:\/\/amicsliceu.com\/es\/politica-de-cookies\/\" \/>\n<meta property=\"og:site_name\" content=\"Amics del Liceu\" \/>\n<meta property=\"article:modified_time\" content=\"2019-03-06T23:33:02+00:00\" \/>\n<meta name=\"twitter:card\" content=\"summary_large_image\" \/>\n<meta name=\"twitter:label1\" content=\"Tiempo de lectura\" \/>\n\t<meta name=\"twitter:data1\" content=\"7 minutos\" \/>\n<script type=\"application\/ld+json\" class=\"yoast-schema-graph\">{\"@context\":\"https:\/\/schema.org\",\"@graph\":[{\"@type\":\"WebPage\",\"@id\":\"https:\/\/amicsliceu.com\/es\/politica-de-cookies\/\",\"url\":\"https:\/\/amicsliceu.com\/es\/politica-de-cookies\/\",\"name\":\"Pol\u00edtica de cookies - Amics del Liceu\",\"isPartOf\":{\"@id\":\"https:\/\/amicsliceu.com\/es\/#website\"},\"datePublished\":\"2015-06-22T11:04:27+00:00\",\"dateModified\":\"2019-03-06T23:33:02+00:00\",\"breadcrumb\":{\"@id\":\"https:\/\/amicsliceu.com\/es\/politica-de-cookies\/#breadcrumb\"},\"inLanguage\":\"es\",\"potentialAction\":[{\"@type\":\"ReadAction\",\"target\":[\"https:\/\/amicsliceu.com\/es\/politica-de-cookies\/\"]}]},{\"@type\":\"BreadcrumbList\",\"@id\":\"https:\/\/amicsliceu.com\/es\/politica-de-cookies\/#breadcrumb\",\"itemListElement\":[{\"@type\":\"ListItem\",\"position\":1,\"name\":\"Inicio\",\"item\":\"https:\/\/amicsliceu.com\/es\/\"},{\"@type\":\"ListItem\",\"position\":2,\"name\":\"Pol\u00edtica de cookies\"}]},{\"@type\":\"WebSite\",\"@id\":\"https:\/\/amicsliceu.com\/es\/#website\",\"url\":\"https:\/\/amicsliceu.com\/es\/\",\"name\":\"Amics del Liceu\",\"description\":\"\",\"publisher\":{\"@id\":\"https:\/\/amicsliceu.com\/es\/#organization\"},\"potentialAction\":[{\"@type\":\"SearchAction\",\"target\":{\"@type\":\"EntryPoint\",\"urlTemplate\":\"https:\/\/amicsliceu.com\/es\/?s={search_term_string}\"},\"query-input\":{\"@type\":\"PropertyValueSpecification\",\"valueRequired\":true,\"valueName\":\"search_term_string\"}}],\"inLanguage\":\"es\"},{\"@type\":\"Organization\",\"@id\":\"https:\/\/amicsliceu.com\/es\/#organization\",\"name\":\"Amics del Liceu\",\"url\":\"https:\/\/amicsliceu.com\/es\/\",\"logo\":{\"@type\":\"ImageObject\",\"inLanguage\":\"es\",\"@id\":\"https:\/\/amicsliceu.com\/es\/#\/schema\/logo\/image\/\",\"url\":\"http:\/\/amicsliceu.com\/wp-content\/uploads\/2019\/03\/logo.png\",\"contentUrl\":\"http:\/\/amicsliceu.com\/wp-content\/uploads\/2019\/03\/logo.png\",\"width\":225,\"height\":92,\"caption\":\"Amics del Liceu\"},\"image\":{\"@id\":\"https:\/\/amicsliceu.com\/es\/#\/schema\/logo\/image\/\"}}]}<\/script>\n<!-- \/ Yoast SEO plugin. -->","yoast_head_json":{"title":"Pol\u00edtica de cookies - Amics del Liceu","robots":{"index":"index","follow":"follow","max-snippet":"max-snippet:-1","max-image-preview":"max-image-preview:large","max-video-preview":"max-video-preview:-1"},"canonical":"https:\/\/amicsliceu.com\/es\/politica-de-cookies\/","og_locale":"es_ES","og_type":"article","og_title":"Pol\u00edtica de cookies - Amics del Liceu","og_description":"[vc_row css=\u00bb.vc_custom_1551914869485{margin-bottom: 60px !important;}\u00bb][vc_column width=\u00bb2\/3&#8243;][vc_column_text] Qu\u00e8 s\u00f3n les cookies? Una cookie \u00e9s un fitxer que es descarrega al seu ordinador en accedir a determinades p\u00e0gines web. Les cookies permeten a una p\u00e0gina web, entre altres coses, emmagatzemar i recuperar informaci\u00f3&hellip;","og_url":"https:\/\/amicsliceu.com\/es\/politica-de-cookies\/","og_site_name":"Amics del Liceu","article_modified_time":"2019-03-06T23:33:02+00:00","twitter_card":"summary_large_image","twitter_misc":{"Tiempo de lectura":"7 minutos"},"schema":{"@context":"https:\/\/schema.org","@graph":[{"@type":"WebPage","@id":"https:\/\/amicsliceu.com\/es\/politica-de-cookies\/","url":"https:\/\/amicsliceu.com\/es\/politica-de-cookies\/","name":"Pol\u00edtica de cookies - Amics del Liceu","isPartOf":{"@id":"https:\/\/amicsliceu.com\/es\/#website"},"datePublished":"2015-06-22T11:04:27+00:00","dateModified":"2019-03-06T23:33:02+00:00","breadcrumb":{"@id":"https:\/\/amicsliceu.com\/es\/politica-de-cookies\/#breadcrumb"},"inLanguage":"es","potentialAction":[{"@type":"ReadAction","target":["https:\/\/amicsliceu.com\/es\/politica-de-cookies\/"]}]},{"@type":"BreadcrumbList","@id":"https:\/\/amicsliceu.com\/es\/politica-de-cookies\/#breadcrumb","itemListElement":[{"@type":"ListItem","position":1,"name":"Inicio","item":"https:\/\/amicsliceu.com\/es\/"},{"@type":"ListItem","position":2,"name":"Pol\u00edtica de cookies"}]},{"@type":"WebSite","@id":"https:\/\/amicsliceu.com\/es\/#website","url":"https:\/\/amicsliceu.com\/es\/","name":"Amics del Liceu","description":"","publisher":{"@id":"https:\/\/amicsliceu.com\/es\/#organization"},"potentialAction":[{"@type":"SearchAction","target":{"@type":"EntryPoint","urlTemplate":"https:\/\/amicsliceu.com\/es\/?s={search_term_string}"},"query-input":{"@type":"PropertyValueSpecification","valueRequired":true,"valueName":"search_term_string"}}],"inLanguage":"es"},{"@type":"Organization","@id":"https:\/\/amicsliceu.com\/es\/#organization","name":"Amics del Liceu","url":"https:\/\/amicsliceu.com\/es\/","logo":{"@type":"ImageObject","inLanguage":"es","@id":"https:\/\/amicsliceu.com\/es\/#\/schema\/logo\/image\/","url":"http:\/\/amicsliceu.com\/wp-content\/uploads\/2019\/03\/logo.png","contentUrl":"http:\/\/amicsliceu.com\/wp-content\/uploads\/2019\/03\/logo.png","width":225,"height":92,"caption":"Amics del Liceu"},"image":{"@id":"https:\/\/amicsliceu.com\/es\/#\/schema\/logo\/image\/"}}]}},"_links":{"self":[{"href":"https:\/\/amicsliceu.com\/es\/wp-json\/wp\/v2\/pages\/4164"}],"collection":[{"href":"https:\/\/amicsliceu.com\/es\/wp-json\/wp\/v2\/pages"}],"about":[{"href":"https:\/\/amicsliceu.com\/es\/wp-json\/wp\/v2\/types\/page"}],"author":[{"embeddable":true,"href":"https:\/\/amicsliceu.com\/es\/wp-json\/wp\/v2\/users\/1"}],"replies":[{"embeddable":true,"href":"https:\/\/amicsliceu.com\/es\/wp-json\/wp\/v2\/comments?post=4164"}],"version-history":[{"count":3,"href":"https:\/\/amicsliceu.com\/es\/wp-json\/wp\/v2\/pages\/4164\/revisions"}],"predecessor-version":[{"id":7099,"href":"https:\/\/amicsliceu.com\/es\/wp-json\/wp\/v2\/pages\/4164\/revisions\/7099"}],"wp:attachment":[{"href":"https:\/\/amicsliceu.com\/es\/wp-json\/wp\/v2\/media?parent=4164"}],"curies":[{"name":"wp","href":"https:\/\/api.w.org\/{rel}","templated":true}]}}