{"id":4165,"date":"2014-10-28T15:37:19","date_gmt":"2014-10-28T15:37:19","guid":{"rendered":"http:\/\/amicsliceu.com\/llibre-temporada-2016-2017\/"},"modified":"2022-10-11T14:34:19","modified_gmt":"2022-10-11T14:34:19","slug":"libro-temporada-2021-2022","status":"publish","type":"page","link":"https:\/\/amicsliceu.com\/es\/libro-temporada-2021-2022\/","title":{"rendered":"Libro Temporada 2022-2023"},"content":{"rendered":"<section class=\"wpb-content-wrapper\">[vc_row css=\u00bb.vc_custom_1543264506209{margin-bottom: 60px !important;}\u00bb][vc_column width=\u00bb2\/3&#8243; css=\u00bb.vc_custom_1543264526258{margin-bottom: 30px !important;}\u00bb]<h1 class=\"vcex-heading vcex-module wpex-text-2xl wpex-font-normal wpex-m-auto wpex-max-w-100 vcex-heading-plain wpex-block wpex-text-left vc_custom_1665498214207 ombra\" style=\"font-family:Montserrat;font-size:21px;font-weight:400;\"><span class=\"vcex-heading-inner wpex-inline-block wpex-clr\">Temporada 2022-2023<\/span><\/h1>[vc_column_text]<strong>YAGO HORTAL, LA L\u00cdRICA COMO MOTOR Y EL ALUMINIO COMO SOPORTE EN \u00a0<em>TEMPORADA D\u2019\u00d2PERA<\/em><\/strong><\/p>\n<p><strong>\u00a0<\/strong><\/p>\n<p><strong>El artista barcelon\u00e9s se estrena con la \u00f3pera en la 31a edici\u00f3n de la de Amics del Liceu<\/strong><\/p>\n<p><strong>\u00a0<\/strong><\/p>\n<p>El v\u00ednculo de la pl\u00e1stica con la m\u00fasica es uno de los objetivos de <strong><em>Temporada d\u2019\u00f2pera <\/em><\/strong>y uno de los motivos que decidi\u00f3 a Yago Hortal a emprender el encargo ya que, a\u00f1ade, \u00a0\u00abesta es la magia: que cada artista lo lleve a su territorio\u00bb. Hortal reconoce que el g\u00e9nero oper\u00edstico le aporta \u00abuna gran energ\u00eda\u00bb. Por primera vez en su carrera ha partido \u00abde la base de los argumentos y la m\u00fasica\u00bb. As\u00ed ha visto \u00abcada \u00f3pera de un color diferente\u00bb y ha intentado,\u00a0 tambi\u00e9n, tratar cada t\u00edtulo \u00abcon una pincelada diferente, fij\u00e1ndose m\u00e1s en el ritmo musical\u00bb.<\/p>\n<p>La experimentaci\u00f3n \u2014uno de los ejes de la trayectoria de Yago Hortal\u2014, lo decant\u00f3 por el soporte de aluminio con la idea de obtener, por primera vez a trav\u00e9s de este material, un resultado distinto para \u00a0\u00abhacer algo nuevo conectado con este proyecto\u00bb.<\/p>\n<p>En contraste con su producci\u00f3n de gran formato, la proporci\u00f3n del libro \u00a0<strong><em>Temporada d\u2019\u00f2pera<\/em><\/strong> ha permitido al artista focalizarse \u00abporque el peque\u00f1o formato es m\u00e1s narrativo, como un cuento\u00bb.<\/p>\n<p>La jurista Gemma Calvet, el escritor Guillem Frontera, la actriz Muntsa Alca\u00f1iz, el fil\u00f3sofo Ferran S\u00e1ez Mateu y la matem\u00e1tica y especialista en AI, Carme Torras, entre otros ofrecen una mirada propia a la temporada 2022-2023 del Gran Teatre del Liceu. Sus art\u00edculos de presentaci\u00f3n cuenta con el an\u00e1lisis de acad\u00e9micos y especialistas internacionales: una informaci\u00f3n cualificada, tanto para aficionados como para el p\u00fablico general.<\/p>\n<p>Los originales de Yago Hortal para la publicaci\u00f3n <strong><em>Temporada d\u2019\u00f2pera<\/em><\/strong>, que edita <strong>Amics del Liceu<\/strong>, se expondr\u00e1n en el espacio <strong>LAB 36<\/strong> (c\/ Trafalgar, 36), a partir del 19 de octubre de 2022.<\/p>\n<p style=\"text-align: justify;\"><em>Temporada d\u2019\u00f2pera <\/em>naci\u00f3 como herramienta de preparaci\u00f3n para asistir a las representaciones del Liceu y como camino para la renovaci\u00f3n de la iconograf\u00eda oper\u00edstica con artistas contempor\u00e1neos. Cada a\u00f1o la Associaci\u00f3 invita a grandes personalidades \u2014escrictores, pol\u00edticos, intelectuales etc\u2014 a presentar las \u00f3peras programadas por el Gran Teatre del Liceu con la intenci\u00f3n de mostrar visiones ins\u00f3litas y, a su vez, poner de manifiesto que son muchos y muy diversos aquellos que quieren el arte de la \u00f3pera. En otros cap\u00edtulos analizan los t\u00edtulos tamb\u00eden cr\u00edticos de \u00f3pera y music\u00f3logos de todo el mundo.<\/p>\n<p style=\"text-align: justify;\">*<strong>Eres Amic del Liceu? Recuerda que puedes recoger tu ejemplar del libro \u201cTemporada d\u2019\u00f2pera\u201d gratuitamente en nuestro despacho o durante nuestras actividades a petici\u00f3n previa.<\/strong><\/p>\n<p style=\"text-align: justify;\"><b>*Si no eres Amic del Liceu pero te gustar\u00eda disfrutar de este libro, puedes comprarlo <a href=\"https:\/\/amicsliceu.com\/es\/producto\/libro-temporada-2022-2023\/\">aqu\u00ed<\/a>\u00a0<\/b><\/p>\n[\/vc_column_text]<div class=\"vcex-image-grid-wrap wpex-clr\"><div class=\"vcex-image-grid-css-wrapper vc_custom_1632143830563\"><div class=\"vcex-module vcex-image-grid wpex-clr grid-style-default wpex-row gap-5 wpex-lightbox-group\"><div class=\"id-12067 vcex-image-grid-entry vcex-grid-item textcenter span_1_of_4 nr-col col-1\"><figure class=\"vcex-image-grid-entry-figure wpex-last-mb-0 wpex-clr\"><div class=\"vcex-image-grid-entry-img entry-media wpex-mb-20\"><a href=\"https:\/\/amicsliceu.com\/wp-content\/uploads\/2021\/09\/40_NORMA_5600-scaled.jpg\" class=\"vcex-image-grid-entry-img wpex-lightbox-group-item\" ><img decoding=\"async\" width=\"1846\" height=\"2560\" src=\"https:\/\/amicsliceu.com\/wp-content\/uploads\/2021\/09\/40_NORMA_5600-scaled.jpg\" class=\"wpex-align-middle\" alt=\"\" loading=\"lazy\" srcset=\"https:\/\/amicsliceu.com\/wp-content\/uploads\/2021\/09\/40_NORMA_5600-scaled.jpg 1846w, https:\/\/amicsliceu.com\/wp-content\/uploads\/2021\/09\/40_NORMA_5600-216x300.jpg 216w, https:\/\/amicsliceu.com\/wp-content\/uploads\/2021\/09\/40_NORMA_5600-738x1024.jpg 738w, https:\/\/amicsliceu.com\/wp-content\/uploads\/2021\/09\/40_NORMA_5600-768x1065.jpg 768w, https:\/\/amicsliceu.com\/wp-content\/uploads\/2021\/09\/40_NORMA_5600-1108x1536.jpg 1108w, https:\/\/amicsliceu.com\/wp-content\/uploads\/2021\/09\/40_NORMA_5600-1477x2048.jpg 1477w, https:\/\/amicsliceu.com\/wp-content\/uploads\/2021\/09\/40_NORMA_5600-600x832.jpg 600w\" sizes=\"(max-width: 1846px) 100vw, 1846px\" \/><\/a><\/div><\/figure><\/div><div class=\"id-12065 vcex-image-grid-entry vcex-grid-item textcenter span_1_of_4 nr-col col-2\"><figure class=\"vcex-image-grid-entry-figure wpex-last-mb-0 wpex-clr\"><div class=\"vcex-image-grid-entry-img entry-media wpex-mb-20\"><a href=\"https:\/\/amicsliceu.com\/wp-content\/uploads\/2021\/09\/39_LA-FLAUTA-MAGICA_5597-scaled.jpg\" class=\"vcex-image-grid-entry-img wpex-lightbox-group-item\" ><img decoding=\"async\" width=\"1873\" height=\"2560\" src=\"https:\/\/amicsliceu.com\/wp-content\/uploads\/2021\/09\/39_LA-FLAUTA-MAGICA_5597-scaled.jpg\" class=\"wpex-align-middle\" alt=\"\" loading=\"lazy\" srcset=\"https:\/\/amicsliceu.com\/wp-content\/uploads\/2021\/09\/39_LA-FLAUTA-MAGICA_5597-scaled.jpg 1873w, https:\/\/amicsliceu.com\/wp-content\/uploads\/2021\/09\/39_LA-FLAUTA-MAGICA_5597-219x300.jpg 219w, https:\/\/amicsliceu.com\/wp-content\/uploads\/2021\/09\/39_LA-FLAUTA-MAGICA_5597-749x1024.jpg 749w, https:\/\/amicsliceu.com\/wp-content\/uploads\/2021\/09\/39_LA-FLAUTA-MAGICA_5597-768x1050.jpg 768w, https:\/\/amicsliceu.com\/wp-content\/uploads\/2021\/09\/39_LA-FLAUTA-MAGICA_5597-1124x1536.jpg 1124w, https:\/\/amicsliceu.com\/wp-content\/uploads\/2021\/09\/39_LA-FLAUTA-MAGICA_5597-1498x2048.jpg 1498w, https:\/\/amicsliceu.com\/wp-content\/uploads\/2021\/09\/39_LA-FLAUTA-MAGICA_5597-600x820.jpg 600w\" sizes=\"(max-width: 1873px) 100vw, 1873px\" \/><\/a><\/div><\/figure><\/div><div class=\"id-12063 vcex-image-grid-entry vcex-grid-item textcenter span_1_of_4 nr-col col-3\"><figure class=\"vcex-image-grid-entry-figure wpex-last-mb-0 wpex-clr\"><div class=\"vcex-image-grid-entry-img entry-media wpex-mb-20\"><a href=\"https:\/\/amicsliceu.com\/wp-content\/uploads\/2021\/09\/28_PELLEAS-ET-MELISANDE_5576-scaled.jpg\" class=\"vcex-image-grid-entry-img wpex-lightbox-group-item\" ><img decoding=\"async\" width=\"1859\" height=\"2560\" src=\"https:\/\/amicsliceu.com\/wp-content\/uploads\/2021\/09\/28_PELLEAS-ET-MELISANDE_5576-scaled.jpg\" class=\"wpex-align-middle\" alt=\"\" loading=\"lazy\" srcset=\"https:\/\/amicsliceu.com\/wp-content\/uploads\/2021\/09\/28_PELLEAS-ET-MELISANDE_5576-scaled.jpg 1859w, https:\/\/amicsliceu.com\/wp-content\/uploads\/2021\/09\/28_PELLEAS-ET-MELISANDE_5576-218x300.jpg 218w, https:\/\/amicsliceu.com\/wp-content\/uploads\/2021\/09\/28_PELLEAS-ET-MELISANDE_5576-744x1024.jpg 744w, https:\/\/amicsliceu.com\/wp-content\/uploads\/2021\/09\/28_PELLEAS-ET-MELISANDE_5576-768x1057.jpg 768w, https:\/\/amicsliceu.com\/wp-content\/uploads\/2021\/09\/28_PELLEAS-ET-MELISANDE_5576-1116x1536.jpg 1116w, https:\/\/amicsliceu.com\/wp-content\/uploads\/2021\/09\/28_PELLEAS-ET-MELISANDE_5576-1488x2048.jpg 1488w, https:\/\/amicsliceu.com\/wp-content\/uploads\/2021\/09\/28_PELLEAS-ET-MELISANDE_5576-600x826.jpg 600w\" sizes=\"(max-width: 1859px) 100vw, 1859px\" \/><\/a><\/div><\/figure><\/div><div class=\"id-12061 vcex-image-grid-entry vcex-grid-item textcenter span_1_of_4 nr-col col-4\"><figure class=\"vcex-image-grid-entry-figure wpex-last-mb-0 wpex-clr\"><div class=\"vcex-image-grid-entry-img entry-media wpex-mb-20\"><a href=\"https:\/\/amicsliceu.com\/wp-content\/uploads\/2021\/09\/04_ARIADNE-AUF-NAXOS_5543-scaled.jpg\" class=\"vcex-image-grid-entry-img wpex-lightbox-group-item\" ><img decoding=\"async\" width=\"1827\" height=\"2560\" src=\"https:\/\/amicsliceu.com\/wp-content\/uploads\/2021\/09\/04_ARIADNE-AUF-NAXOS_5543-scaled.jpg\" class=\"wpex-align-middle\" alt=\"\" loading=\"lazy\" srcset=\"https:\/\/amicsliceu.com\/wp-content\/uploads\/2021\/09\/04_ARIADNE-AUF-NAXOS_5543-scaled.jpg 1827w, https:\/\/amicsliceu.com\/wp-content\/uploads\/2021\/09\/04_ARIADNE-AUF-NAXOS_5543-214x300.jpg 214w, https:\/\/amicsliceu.com\/wp-content\/uploads\/2021\/09\/04_ARIADNE-AUF-NAXOS_5543-731x1024.jpg 731w, https:\/\/amicsliceu.com\/wp-content\/uploads\/2021\/09\/04_ARIADNE-AUF-NAXOS_5543-768x1076.jpg 768w, https:\/\/amicsliceu.com\/wp-content\/uploads\/2021\/09\/04_ARIADNE-AUF-NAXOS_5543-1096x1536.jpg 1096w, https:\/\/amicsliceu.com\/wp-content\/uploads\/2021\/09\/04_ARIADNE-AUF-NAXOS_5543-1461x2048.jpg 1461w, https:\/\/amicsliceu.com\/wp-content\/uploads\/2021\/09\/04_ARIADNE-AUF-NAXOS_5543-600x841.jpg 600w\" sizes=\"(max-width: 1827px) 100vw, 1827px\" \/><\/a><\/div><\/figure><\/div><\/div><\/div><\/div><div class=\"vc_custom_1552060532774 wpex-clr\"><a href=\"https:\/\/amicsliceu.com\/es\/resumen-de-libros-de-temporada\/\" class=\"vcex-button theme-button flat inline\" style=\"background:#9a0626;color:#ffffff;font-weight:400;text-transform:uppercase;\" data-wpex-hover='{&quot;background&quot;:&quot;#77001f&quot;,&quot;color&quot;:&quot;#ffffff&quot;}'><span class=\"theme-button-inner\">Ediciones anteriores del libro\u00a0Temporada d\u2019\u00f2pera<\/span><\/a><\/div> [\/vc_column][vc_column width=\u00bb1\/3&#8243;]<figure class=\"vcex-image vcex-module wpex-clr textcenter\"><div class=\"vcex-image-inner wpex-inline-block wpex-relative vc_custom_1665498198426\"><img decoding=\"async\" loading=\"lazy\" class=\"wpex-align-middle\" src=\"https:\/\/amicsliceu.com\/wp-content\/uploads\/2022\/10\/Portada_TempOpera22-23_cat-scaled.jpg\" alt=\"\" width=\"1772\" height=\"2560\" \/><\/div><\/figure>[\/vc_column][\/vc_row]\n<\/section>","protected":false},"excerpt":{"rendered":"<p>[vc_row css=\u00bb.vc_custom_1543264506209{margin-bottom: 60px !important;}\u00bb][vc_column width=\u00bb2\/3&#8243; css=\u00bb.vc_custom_1543264526258{margin-bottom: 30px !important;}\u00bb][vc_column_text]YAGO HORTAL, LA L\u00cdRICA COMO MOTOR Y EL ALUMINIO COMO SOPORTE EN \u00a0TEMPORADA D\u2019\u00d2PERA \u00a0 El artista barcelon\u00e9s se estrena con la \u00f3pera en la 31a edici\u00f3n de la de Amics del Liceu&hellip;<\/p>\n","protected":false},"author":1,"featured_media":0,"parent":0,"menu_order":0,"comment_status":"open","ping_status":"closed","template":"","meta":{"footnotes":""},"class_list":["post-4165","page","type-page","status-publish","hentry","entry","no-media"],"yoast_head":"<!-- This site is optimized with the Yoast SEO plugin v23.9 - https:\/\/yoast.com\/wordpress\/plugins\/seo\/ -->\n<title>Libro Temporada 2022-2023 - Amics del Liceu<\/title>\n<meta name=\"robots\" content=\"index, follow, max-snippet:-1, max-image-preview:large, max-video-preview:-1\" \/>\n<link rel=\"canonical\" href=\"https:\/\/amicsliceu.com\/es\/libro-temporada-2021-2022\/\" \/>\n<meta property=\"og:locale\" content=\"es_ES\" \/>\n<meta property=\"og:type\" content=\"article\" \/>\n<meta property=\"og:title\" content=\"Libro Temporada 2022-2023 - Amics del Liceu\" \/>\n<meta property=\"og:description\" content=\"[vc_row css=\u00bb.vc_custom_1543264506209{margin-bottom: 60px !important;}\u00bb][vc_column width=\u00bb2\/3&#8243; css=\u00bb.vc_custom_1543264526258{margin-bottom: 30px !important;}\u00bb][vc_column_text]YAGO HORTAL, LA L\u00cdRICA COMO MOTOR Y EL ALUMINIO COMO SOPORTE EN \u00a0TEMPORADA D\u2019\u00d2PERA \u00a0 El artista barcelon\u00e9s se estrena con la \u00f3pera en la 31a edici\u00f3n de la de Amics del Liceu&hellip;\" \/>\n<meta property=\"og:url\" content=\"https:\/\/amicsliceu.com\/es\/libro-temporada-2021-2022\/\" \/>\n<meta property=\"og:site_name\" content=\"Amics del Liceu\" \/>\n<meta property=\"article:modified_time\" content=\"2022-10-11T14:34:19+00:00\" \/>\n<meta name=\"twitter:card\" content=\"summary_large_image\" \/>\n<meta name=\"twitter:label1\" content=\"Tiempo de lectura\" \/>\n\t<meta name=\"twitter:data1\" content=\"3 minutos\" \/>\n<script type=\"application\/ld+json\" class=\"yoast-schema-graph\">{\"@context\":\"https:\/\/schema.org\",\"@graph\":[{\"@type\":\"WebPage\",\"@id\":\"https:\/\/amicsliceu.com\/es\/libro-temporada-2021-2022\/\",\"url\":\"https:\/\/amicsliceu.com\/es\/libro-temporada-2021-2022\/\",\"name\":\"Libro Temporada 2022-2023 - Amics del Liceu\",\"isPartOf\":{\"@id\":\"https:\/\/amicsliceu.com\/es\/#website\"},\"datePublished\":\"2014-10-28T15:37:19+00:00\",\"dateModified\":\"2022-10-11T14:34:19+00:00\",\"breadcrumb\":{\"@id\":\"https:\/\/amicsliceu.com\/es\/libro-temporada-2021-2022\/#breadcrumb\"},\"inLanguage\":\"es\",\"potentialAction\":[{\"@type\":\"ReadAction\",\"target\":[\"https:\/\/amicsliceu.com\/es\/libro-temporada-2021-2022\/\"]}]},{\"@type\":\"BreadcrumbList\",\"@id\":\"https:\/\/amicsliceu.com\/es\/libro-temporada-2021-2022\/#breadcrumb\",\"itemListElement\":[{\"@type\":\"ListItem\",\"position\":1,\"name\":\"Inicio\",\"item\":\"https:\/\/amicsliceu.com\/es\/\"},{\"@type\":\"ListItem\",\"position\":2,\"name\":\"Libro Temporada 2022-2023\"}]},{\"@type\":\"WebSite\",\"@id\":\"https:\/\/amicsliceu.com\/es\/#website\",\"url\":\"https:\/\/amicsliceu.com\/es\/\",\"name\":\"Amics del Liceu\",\"description\":\"\",\"publisher\":{\"@id\":\"https:\/\/amicsliceu.com\/es\/#organization\"},\"potentialAction\":[{\"@type\":\"SearchAction\",\"target\":{\"@type\":\"EntryPoint\",\"urlTemplate\":\"https:\/\/amicsliceu.com\/es\/?s={search_term_string}\"},\"query-input\":{\"@type\":\"PropertyValueSpecification\",\"valueRequired\":true,\"valueName\":\"search_term_string\"}}],\"inLanguage\":\"es\"},{\"@type\":\"Organization\",\"@id\":\"https:\/\/amicsliceu.com\/es\/#organization\",\"name\":\"Amics del Liceu\",\"url\":\"https:\/\/amicsliceu.com\/es\/\",\"logo\":{\"@type\":\"ImageObject\",\"inLanguage\":\"es\",\"@id\":\"https:\/\/amicsliceu.com\/es\/#\/schema\/logo\/image\/\",\"url\":\"http:\/\/amicsliceu.com\/wp-content\/uploads\/2019\/03\/logo.png\",\"contentUrl\":\"http:\/\/amicsliceu.com\/wp-content\/uploads\/2019\/03\/logo.png\",\"width\":225,\"height\":92,\"caption\":\"Amics del Liceu\"},\"image\":{\"@id\":\"https:\/\/amicsliceu.com\/es\/#\/schema\/logo\/image\/\"}}]}<\/script>\n<!-- \/ Yoast SEO plugin. -->","yoast_head_json":{"title":"Libro Temporada 2022-2023 - Amics del Liceu","robots":{"index":"index","follow":"follow","max-snippet":"max-snippet:-1","max-image-preview":"max-image-preview:large","max-video-preview":"max-video-preview:-1"},"canonical":"https:\/\/amicsliceu.com\/es\/libro-temporada-2021-2022\/","og_locale":"es_ES","og_type":"article","og_title":"Libro Temporada 2022-2023 - Amics del Liceu","og_description":"[vc_row css=\u00bb.vc_custom_1543264506209{margin-bottom: 60px !important;}\u00bb][vc_column width=\u00bb2\/3&#8243; css=\u00bb.vc_custom_1543264526258{margin-bottom: 30px !important;}\u00bb][vc_column_text]YAGO HORTAL, LA L\u00cdRICA COMO MOTOR Y EL ALUMINIO COMO SOPORTE EN \u00a0TEMPORADA D\u2019\u00d2PERA \u00a0 El artista barcelon\u00e9s se estrena con la \u00f3pera en la 31a edici\u00f3n de la de Amics del Liceu&hellip;","og_url":"https:\/\/amicsliceu.com\/es\/libro-temporada-2021-2022\/","og_site_name":"Amics del Liceu","article_modified_time":"2022-10-11T14:34:19+00:00","twitter_card":"summary_large_image","twitter_misc":{"Tiempo de lectura":"3 minutos"},"schema":{"@context":"https:\/\/schema.org","@graph":[{"@type":"WebPage","@id":"https:\/\/amicsliceu.com\/es\/libro-temporada-2021-2022\/","url":"https:\/\/amicsliceu.com\/es\/libro-temporada-2021-2022\/","name":"Libro Temporada 2022-2023 - Amics del Liceu","isPartOf":{"@id":"https:\/\/amicsliceu.com\/es\/#website"},"datePublished":"2014-10-28T15:37:19+00:00","dateModified":"2022-10-11T14:34:19+00:00","breadcrumb":{"@id":"https:\/\/amicsliceu.com\/es\/libro-temporada-2021-2022\/#breadcrumb"},"inLanguage":"es","potentialAction":[{"@type":"ReadAction","target":["https:\/\/amicsliceu.com\/es\/libro-temporada-2021-2022\/"]}]},{"@type":"BreadcrumbList","@id":"https:\/\/amicsliceu.com\/es\/libro-temporada-2021-2022\/#breadcrumb","itemListElement":[{"@type":"ListItem","position":1,"name":"Inicio","item":"https:\/\/amicsliceu.com\/es\/"},{"@type":"ListItem","position":2,"name":"Libro Temporada 2022-2023"}]},{"@type":"WebSite","@id":"https:\/\/amicsliceu.com\/es\/#website","url":"https:\/\/amicsliceu.com\/es\/","name":"Amics del Liceu","description":"","publisher":{"@id":"https:\/\/amicsliceu.com\/es\/#organization"},"potentialAction":[{"@type":"SearchAction","target":{"@type":"EntryPoint","urlTemplate":"https:\/\/amicsliceu.com\/es\/?s={search_term_string}"},"query-input":{"@type":"PropertyValueSpecification","valueRequired":true,"valueName":"search_term_string"}}],"inLanguage":"es"},{"@type":"Organization","@id":"https:\/\/amicsliceu.com\/es\/#organization","name":"Amics del Liceu","url":"https:\/\/amicsliceu.com\/es\/","logo":{"@type":"ImageObject","inLanguage":"es","@id":"https:\/\/amicsliceu.com\/es\/#\/schema\/logo\/image\/","url":"http:\/\/amicsliceu.com\/wp-content\/uploads\/2019\/03\/logo.png","contentUrl":"http:\/\/amicsliceu.com\/wp-content\/uploads\/2019\/03\/logo.png","width":225,"height":92,"caption":"Amics del Liceu"},"image":{"@id":"https:\/\/amicsliceu.com\/es\/#\/schema\/logo\/image\/"}}]}},"_links":{"self":[{"href":"https:\/\/amicsliceu.com\/es\/wp-json\/wp\/v2\/pages\/4165"}],"collection":[{"href":"https:\/\/amicsliceu.com\/es\/wp-json\/wp\/v2\/pages"}],"about":[{"href":"https:\/\/amicsliceu.com\/es\/wp-json\/wp\/v2\/types\/page"}],"author":[{"embeddable":true,"href":"https:\/\/amicsliceu.com\/es\/wp-json\/wp\/v2\/users\/1"}],"replies":[{"embeddable":true,"href":"https:\/\/amicsliceu.com\/es\/wp-json\/wp\/v2\/comments?post=4165"}],"version-history":[{"count":17,"href":"https:\/\/amicsliceu.com\/es\/wp-json\/wp\/v2\/pages\/4165\/revisions"}],"predecessor-version":[{"id":14297,"href":"https:\/\/amicsliceu.com\/es\/wp-json\/wp\/v2\/pages\/4165\/revisions\/14297"}],"wp:attachment":[{"href":"https:\/\/amicsliceu.com\/es\/wp-json\/wp\/v2\/media?parent=4165"}],"curies":[{"name":"wp","href":"https:\/\/api.w.org\/{rel}","templated":true}]}}