{"id":4166,"date":"2014-08-12T09:03:55","date_gmt":"2014-08-12T09:03:55","guid":{"rendered":"http:\/\/amicsliceu.com\/espai-soci\/"},"modified":"2025-09-09T11:54:17","modified_gmt":"2025-09-09T11:54:17","slug":"ventajas","status":"publish","type":"page","link":"https:\/\/amicsliceu.com\/es\/ventajas\/","title":{"rendered":"Ventajas"},"content":{"rendered":"<section class=\"wpb-content-wrapper\">[vc_row column_spacing=\u00bb60&#8243; css=\u00bb.vc_custom_1525891921202{margin-top: 0px !important;margin-bottom: 20px !important;}\u00bb][vc_column css=\u00bb.vc_custom_1525891930155{margin-bottom: 0px !important;}\u00bb]<h1 class=\"vcex-heading vcex-module wpex-text-2xl wpex-font-normal wpex-m-auto wpex-max-w-100 vcex-heading-plain wpex-block wpex-text-left vc_custom_1552063871321\" style=\"font-family:Montserrat;font-size:20px;font-weight:400;\"><span class=\"vcex-heading-inner wpex-inline-block wpex-clr\">Podr\u00e1s disfrutar de descuentos en todas nuestras actividades y viajes, preferencia en la compra de entradas en el Liceu.<br \/>\nY muchas ventajas m\u00e1s!<\/span><\/h1>[\/vc_column][\/vc_row][vc_row column_spacing=\u00bb30&#8243; css=\u00bb.vc_custom_1525891851401{margin-bottom: 40px !important;}\u00bb][vc_column width=\u00bb1\/3&#8243;]<h2 class=\"vcex-heading vcex-module wpex-text-2xl wpex-font-normal wpex-m-auto wpex-max-w-100 vcex-heading-plain wpex-block wpex-text-left vc_custom_1552063893184 ombra\" style=\"font-family:Montserrat;font-size:21px;font-weight:400;\"><span class=\"vcex-heading-inner wpex-inline-block wpex-clr\">Tipo de socio<\/span><\/h2>[vc_column_text]A ra\u00edz de la firma del nuevo convenio de colaboraci\u00f3n con el Gran Teatre del Liceu, a partir de enero de 2016, se han establecido unas modalidades de aportaci\u00f3n que, sumadas a la cuota b\u00e1sica de Amigo (80\u20ac\/anuales), quieren colaborar a recoger fondo para contribuir en proyectos concretos que lleva a cabo el Liceu y que cada a\u00f1o se escoger\u00e1n de una forma consensuada entre la Associaci\u00f3 y el Teatre.[\/vc_column_text]<div class=\"vc_custom_1552064492077 wpex-clr\"><div class=\"theme-button-block-wrap wpex-block wpex-clear theme-button-wrap wpex-clr\"><a href=\"https:\/\/amicsliceu.com\/es\/formulario-de-alta\/\" class=\"vcex-button theme-button flat medium block local-scroll-link\" style=\"background:#980b29;\" data-wpex-hover='{&quot;background&quot;:&quot;#77001f&quot;}'><span class=\"theme-button-inner\">Rellena el formulario y hazte Amigo<span class=\"vcex-icon-wrap theme-button-icon-right\"><span class=\"ticon ticon-angle-right\" aria-hidden=\"true\"><\/span><\/span><\/span><\/a><\/div><\/div> [\/vc_column][vc_column width=\u00bb2\/3&#8243;][vc_tta_tabs style=\u00bbmodern\u00bb shape=\u00bbsquare\u00bb color=\u00bbblack\u00bb active_section=\u00bb1&#8243;][vc_tta_section title=\u00bbAMIGO\u00bb tab_id=\u00bbamigo\u00bb][vc_column_text]100\u20ac\/a\u00f1o<\/p>\n<p>VENTAJAS<\/p>\n<p>Actividades<br \/>\nPosibilidad de asistir a nuestras actividades: conferencias, proyecciones, coloquios, visitas culturales, cursos, viajes oper\u00edsticos, etc\u2026<br \/>\n1 invitaci\u00f3n para asistir a La Noche de los Amigos<\/p>\n<p>Ensayos generales<br \/>\nUna entrada por temporada en el ensayo general dedicado exclusivamente a los socios de Amics del Liceu.<\/p>\n<p>Compra y promociones<br \/>\nDescuento del 5% en todos los espect\u00e1culos del Gran Teatre del Liceu<br \/>\nVenta preferente (unos d\u00edas antes del p\u00fablico general).<br \/>\nDescuentos puntuales por espect\u00e1culos de otras entidades culturales de Catalu\u00f1a. (Palacio de la M\u00fasica, Auditorio, BCN Cl\u00e1sicos etc)<br \/>\nDescuento permanente en el TNC, Fundaci\u00f3n Vila Casas, Teatre de Sarri\u00e0, Cine Girona y en el Cine Verdi en las sesiones oper\u00edsticas y culturales<\/p>\n<p>Bolet\u00edn<br \/>\nEnv\u00edo mensual del bolet\u00edn de Amics del Liceu (con entrevistas, art\u00edculos, agenda de actividades y viajes etc)<\/p>\n<p>Otros<br \/>\nVentajas fiscales -Emisi\u00f3n certificado donaci\u00f3n (entre un 75% y un 30% seg\u00fan cuota).[\/vc_column_text][\/vc_tta_section][vc_tta_section title=\u00bbAMIGO JOVEN\u00bb tab_id=\u00bbamigo-joven\u00bb][vc_column_text]50\u20ac\/a\u00f1o (hasta los 35 a\u00f1os)<\/p>\n<p>VENTAJAS<\/p>\n<p>Actividades<br \/>\nPosibilidad de asistir a nuestras actividades: conferencias, proyecciones, coloquios, visitas culturales, viajes oper\u00edsticos, etc\u2026<br \/>\n1 invitaci\u00f3n para asistir a La Noche de los Amics<\/p>\n<p>Ensayos generales<br \/>\n\u2013 1 entrada en temporada para el ensayo general dedicado exclusivamente a los socios de Amics del Liceu + 1 entrada para un ensayo general adicional a escoger.<\/p>\n<p>Compra y promociones<br \/>\nDescuento del 5% en todos los espect\u00e1culos del Gran Teatre del Liceu<br \/>\nVenta preferente (unos d\u00edas antes del p\u00fablico general).<br \/>\nDescuentos puntuales por espect\u00e1culos de otras entidades culturales de Catalu\u00f1a. (Palacio de la M\u00fasica, Auditorio, BCN Cl\u00e1sicos etc)<br \/>\nDescuento permanente en el TNC, Fundaci\u00f3n Vila Casas, Teatre de Sarri\u00e0, Cine Girona y en el Cine Verdi en las sesiones oper\u00edsticas y culturales<\/p>\n<p>Bolet\u00edn<br \/>\nEnv\u00edo mensual del bolet\u00edn de Amics del Liceu (con entrevistas, art\u00edculos, agenda de actividades y viajes etc)<\/p>\n<p>Otros<br \/>\nVentajas fiscales -Emisi\u00f3n certificado donaci\u00f3n (entre un 75% y un 30% seg\u00fan cuota).[\/vc_column_text][\/vc_tta_section][vc_tta_section title=\u00bbAMIGO PROTECTOR\u00bb tab_id=\u00bbamigo-protector\u00bb][vc_column_text]230\u20ac\/a\u00f1o<\/p>\n<p>VENTAJAS<\/p>\n<p>Actividades<br \/>\nPosibilidad de asistir a nuestras actividades: conferencias, proyecciones, coloquios, visitas culturales, viajes oper\u00edsticos, etc\u2026<br \/>\n2 invitaciones para asistir a La noche de los Amics<\/p>\n<p>Ensayos generales<br \/>\n\u2013 2 entradas en la temporada para el ensayo general dedicado exclusivamente a los socios de Amics del Liceu + 1 entrada a un segundo ensayo general escogido por el socio.<\/p>\n<p>Compra y promociones<br \/>\nDescuento del 5% en todos los espect\u00e1culos del Gran Teatre del Liceu<br \/>\nVenta preferente (unos d\u00edas antes del p\u00fablico general).<br \/>\nDescuentos puntuales por espect\u00e1culos de otras entidades culturales de Catalu\u00f1a. (Palacio de la M\u00fasica, Auditorio, BCN Cl\u00e1sicos etc)<br \/>\nDescuento permanente en el TNC, Fundaci\u00f3n Vila Casas, Teatre de Sarri\u00e0, Cine Girona y en el Cine Verdi en las sesiones oper\u00edsticas y culturales<\/p>\n<p>Bolet\u00edn<br \/>\nEnv\u00edo mensual del bolet\u00edn de Amics del Liceu (con entrevistas, art\u00edculos, agenda de actividades y viajes etc)<\/p>\n<p>Agradecimiento<br \/>\nActividades exclusivas para Amigos Mecenas<\/p>\n<p>Otros<br \/>\nVentajas fiscales -Emisi\u00f3n certificado donaci\u00f3n (entre un 75% y un 30% seg\u00fan cuota).<\/p>\n<p>Pago<br \/>\nPosibilidad de fraccionar el cupo en 2 plazos.<br \/>\nCuota doble: 414\u20ac (10% de descuento)[\/vc_column_text][\/vc_tta_section][vc_tta_section title=\u00bbAMIGO PREFERENTE\u00bb tab_id=\u00bbamigo-preferente\u00bb][vc_column_text]570\u20ac\/a\u00f1o<\/p>\n<p>VENTAJAS<\/p>\n<p>Actividades<br \/>\nPosibilidad de asistir a nuestras actividades: conferencias, coloquios, proyecciones, visitas culturales, viajes oper\u00edsticos, etc\u2026<br \/>\n2 invitaciones para asistir a La noche de los Amigos<\/p>\n<p>Ensayos generales<br \/>\n\u2013 4 entradas en la temporada para el ensayo general dedicado exclusivamente a los socios de Amics del Liceu + 2 entrada a un segundo ensayo general escogido por el socio.<\/p>\n<p>Compra y promociones<br \/>\nDescuento del 5% en todos los espect\u00e1culos del Gran Teatre del Liceu<br \/>\nVenta preferente (unos d\u00edas antes del p\u00fablico general).<br \/>\nDescuentos puntuales por espect\u00e1culos de otras entidades culturales de Catalu\u00f1a. (Palacio de la M\u00fasica, Auditorio, BCN Cl\u00e1sicos etc)<br \/>\nDescuento permanente en el TNC, Fundaci\u00f3n Vila Casas, Teatre de Sarri\u00e0, Cine Girona y en el Cine Verdi en las sesiones oper\u00edsticas y culturales<\/p>\n<p>Bolet\u00edn<br \/>\nEnv\u00edo mensual del bolet\u00edn de Amics del Liceu (con entrevistas, art\u00edculos, agenda de actividades y viajes etc)<\/p>\n<p>Agradecimiento<br \/>\nActividades exclusivas para Amigos Mecenas<\/p>\n<p>Actos especiales<br \/>\n1 invitaci\u00f3n para la funci\u00f3n inaugural de la temporada.<\/p>\n<p>Otros<br \/>\nVentajas fiscales -Emisi\u00f3n certificado donaci\u00f3n (entre un 75% y un 30% seg\u00fan cuota).<\/p>\n<p>Pago<br \/>\nPosibilidad de fraccionar la cuota de hasta 4 plazos.<br \/>\nCuota doble: 1.003\u20ac (12% de descuento)[\/vc_column_text][\/vc_tta_section][vc_tta_section title=\u00bbAMIGO BENEFACTOR\u00bb tab_id=\u00bbamigo-benefactor\u00bb][vc_column_text]905\u20ac\/a\u00f1o<\/p>\n<p>VENTAJAS<\/p>\n<p>Actividades<br \/>\nPosibilidad de asistir a nuestras actividades: conferencias, proyecciones, coloquios, visitas culturales, viajes oper\u00edsticos, etc\u2026<br \/>\n2 invitaciones para asistir a La noche de los Amigos<\/p>\n<p>Ensayos generales<br \/>\n\u2013 4 entradas en el ensayo general dedicado exclusivamente a los socios de Amics del Liceu + 2 entrada a un segundo ensayo general escogido por el socio.<\/p>\n<p>Localidades<br \/>\n2 invitaciones para otro t\u00edtulo de la temporada.<\/p>\n<p>Compra y promociones<br \/>\nDescuento del 5% en todos los espect\u00e1culos del Gran Teatre del Liceu<br \/>\nVenta preferente (unos d\u00edas antes del p\u00fablico general).<br \/>\nDescuentos puntuales por espect\u00e1culos de otras entidades culturales de Catalu\u00f1a. (Palacio de la M\u00fasica, Auditorio, BCN Cl\u00e1sicos etc)<br \/>\nDescuento permanente en el TNC, Fundaci\u00f3n Vila Casas, Teatre de Sarri\u00e0, Cine Girona y en el Cine Verdi en las sesiones oper\u00edsticas y culturales<\/p>\n<p>Bolet\u00edn<br \/>\nEnv\u00edo mensual del bolet\u00edn de Amics del Liceu (con entrevistas, art\u00edculos, agenda de actividades y viajes etc)<\/p>\n<p>Agradecimiento<br \/>\nActividades exclusivas para Amigos Mecenas<\/p>\n<p>Otros<br \/>\nVentajas fiscales -Emisi\u00f3n certificado donaci\u00f3n (entre un 75% y un 30% seg\u00fan cuota).<\/p>\n<p>Pago<br \/>\nPosibilidad de fraccionar la cuota de hasta 10 plazos.<br \/>\nCuota doble (parejas y hermanos): 1.360\u20ac (15% de descuento).[\/vc_column_text][\/vc_tta_section][\/vc_tta_tabs][\/vc_column][\/vc_row][vc_row full_width=\u00bbstretch_row\u00bb content_placement=\u00bbmiddle\u00bb equal_height=\u00bbyes\u00bb parallax=\u00bbvcex_parallax\u00bb parallax_image=\u00bb1960&#8243; wpex_bg_overlay=\u00bbcolor\u00bb parallax_speed=\u00bb0.3&#8243; css=\u00bb.vc_custom_1530883873292{padding-top: 120px !important;padding-bottom: 120px !important;}\u00bb wpex_bg_overlay_color=\u00bb#000000&#8243; wpex_bg_overlay_opacity=\u00bb0.2&#8243;][vc_column css=\u00bb.vc_custom_1524666594038{margin-top: 0px !important;margin-bottom: 0px !important;padding-top: 0px !important;padding-right: 0px !important;padding-bottom: 0px !important;padding-left: 0px !important;}\u00bb][vc_btn title=\u00bbDescarga la hoja informativa\u00bb style=\u00bboutline-custom\u00bb outline_custom_color=\u00bb#ffffff\u00bb outline_custom_hover_background=\u00bbrgba(255,255,255,0.95)\u00bb outline_custom_hover_text=\u00bb#9a0626&#8243; size=\u00bblg\u00bb align=\u00bbcenter\u00bb link=\u00bburl:http%3A%2F%2Famicsliceu.com%2Fwp-content%2Fuploads%2F2019%2F03%2Fmarc2019_versioweb-3.pdf||target:%20_blank|\u00bb][\/vc_column][\/vc_row]\n<\/section>","protected":false},"excerpt":{"rendered":"<p>[vc_row column_spacing=\u00bb60&#8243; css=\u00bb.vc_custom_1525891921202{margin-top: 0px !important;margin-bottom: 20px !important;}\u00bb][vc_column css=\u00bb.vc_custom_1525891930155{margin-bottom: 0px !important;}\u00bb][\/vc_column][\/vc_row][vc_row column_spacing=\u00bb30&#8243; css=\u00bb.vc_custom_1525891851401{margin-bottom: 40px !important;}\u00bb][vc_column width=\u00bb1\/3&#8243;][vc_column_text]A ra\u00edz de la firma del nuevo convenio de colaboraci\u00f3n con el Gran Teatre del Liceu, a partir de enero de 2016, se han establecido unas&hellip;<\/p>\n","protected":false},"author":1,"featured_media":0,"parent":0,"menu_order":0,"comment_status":"open","ping_status":"open","template":"","meta":{"footnotes":""},"class_list":["post-4166","page","type-page","status-publish","hentry","entry","no-media"],"yoast_head":"<!-- This site is optimized with the Yoast SEO plugin v23.9 - https:\/\/yoast.com\/wordpress\/plugins\/seo\/ -->\n<title>Ventajas - Amics del Liceu<\/title>\n<meta name=\"robots\" content=\"index, follow, max-snippet:-1, max-image-preview:large, max-video-preview:-1\" \/>\n<link rel=\"canonical\" href=\"https:\/\/amicsliceu.com\/es\/ventajas\/\" \/>\n<meta property=\"og:locale\" content=\"es_ES\" \/>\n<meta property=\"og:type\" content=\"article\" \/>\n<meta property=\"og:title\" content=\"Ventajas - Amics del Liceu\" \/>\n<meta property=\"og:description\" content=\"[vc_row column_spacing=\u00bb60&#8243; css=\u00bb.vc_custom_1525891921202{margin-top: 0px !important;margin-bottom: 20px !important;}\u00bb][vc_column css=\u00bb.vc_custom_1525891930155{margin-bottom: 0px !important;}\u00bb][\/vc_column][\/vc_row][vc_row column_spacing=\u00bb30&#8243; css=\u00bb.vc_custom_1525891851401{margin-bottom: 40px !important;}\u00bb][vc_column width=\u00bb1\/3&#8243;][vc_column_text]A ra\u00edz de la firma del nuevo convenio de colaboraci\u00f3n con el Gran Teatre del Liceu, a partir de enero de 2016, se han establecido unas&hellip;\" \/>\n<meta property=\"og:url\" content=\"https:\/\/amicsliceu.com\/es\/ventajas\/\" \/>\n<meta property=\"og:site_name\" content=\"Amics del Liceu\" \/>\n<meta property=\"article:modified_time\" content=\"2025-09-09T11:54:17+00:00\" \/>\n<meta name=\"twitter:card\" content=\"summary_large_image\" \/>\n<meta name=\"twitter:label1\" content=\"Tiempo de lectura\" \/>\n\t<meta name=\"twitter:data1\" content=\"7 minutos\" \/>\n<script type=\"application\/ld+json\" class=\"yoast-schema-graph\">{\"@context\":\"https:\/\/schema.org\",\"@graph\":[{\"@type\":\"WebPage\",\"@id\":\"https:\/\/amicsliceu.com\/es\/ventajas\/\",\"url\":\"https:\/\/amicsliceu.com\/es\/ventajas\/\",\"name\":\"Ventajas - Amics del Liceu\",\"isPartOf\":{\"@id\":\"https:\/\/amicsliceu.com\/es\/#website\"},\"datePublished\":\"2014-08-12T09:03:55+00:00\",\"dateModified\":\"2025-09-09T11:54:17+00:00\",\"breadcrumb\":{\"@id\":\"https:\/\/amicsliceu.com\/es\/ventajas\/#breadcrumb\"},\"inLanguage\":\"es\",\"potentialAction\":[{\"@type\":\"ReadAction\",\"target\":[\"https:\/\/amicsliceu.com\/es\/ventajas\/\"]}]},{\"@type\":\"BreadcrumbList\",\"@id\":\"https:\/\/amicsliceu.com\/es\/ventajas\/#breadcrumb\",\"itemListElement\":[{\"@type\":\"ListItem\",\"position\":1,\"name\":\"Inicio\",\"item\":\"https:\/\/amicsliceu.com\/es\/\"},{\"@type\":\"ListItem\",\"position\":2,\"name\":\"Ventajas\"}]},{\"@type\":\"WebSite\",\"@id\":\"https:\/\/amicsliceu.com\/es\/#website\",\"url\":\"https:\/\/amicsliceu.com\/es\/\",\"name\":\"Amics del Liceu\",\"description\":\"\",\"publisher\":{\"@id\":\"https:\/\/amicsliceu.com\/es\/#organization\"},\"potentialAction\":[{\"@type\":\"SearchAction\",\"target\":{\"@type\":\"EntryPoint\",\"urlTemplate\":\"https:\/\/amicsliceu.com\/es\/?s={search_term_string}\"},\"query-input\":{\"@type\":\"PropertyValueSpecification\",\"valueRequired\":true,\"valueName\":\"search_term_string\"}}],\"inLanguage\":\"es\"},{\"@type\":\"Organization\",\"@id\":\"https:\/\/amicsliceu.com\/es\/#organization\",\"name\":\"Amics del Liceu\",\"url\":\"https:\/\/amicsliceu.com\/es\/\",\"logo\":{\"@type\":\"ImageObject\",\"inLanguage\":\"es\",\"@id\":\"https:\/\/amicsliceu.com\/es\/#\/schema\/logo\/image\/\",\"url\":\"http:\/\/amicsliceu.com\/wp-content\/uploads\/2019\/03\/logo.png\",\"contentUrl\":\"http:\/\/amicsliceu.com\/wp-content\/uploads\/2019\/03\/logo.png\",\"width\":225,\"height\":92,\"caption\":\"Amics del Liceu\"},\"image\":{\"@id\":\"https:\/\/amicsliceu.com\/es\/#\/schema\/logo\/image\/\"}}]}<\/script>\n<!-- \/ Yoast SEO plugin. -->","yoast_head_json":{"title":"Ventajas - Amics del Liceu","robots":{"index":"index","follow":"follow","max-snippet":"max-snippet:-1","max-image-preview":"max-image-preview:large","max-video-preview":"max-video-preview:-1"},"canonical":"https:\/\/amicsliceu.com\/es\/ventajas\/","og_locale":"es_ES","og_type":"article","og_title":"Ventajas - Amics del Liceu","og_description":"[vc_row column_spacing=\u00bb60&#8243; css=\u00bb.vc_custom_1525891921202{margin-top: 0px !important;margin-bottom: 20px !important;}\u00bb][vc_column css=\u00bb.vc_custom_1525891930155{margin-bottom: 0px !important;}\u00bb][\/vc_column][\/vc_row][vc_row column_spacing=\u00bb30&#8243; css=\u00bb.vc_custom_1525891851401{margin-bottom: 40px !important;}\u00bb][vc_column width=\u00bb1\/3&#8243;][vc_column_text]A ra\u00edz de la firma del nuevo convenio de colaboraci\u00f3n con el Gran Teatre del Liceu, a partir de enero de 2016, se han establecido unas&hellip;","og_url":"https:\/\/amicsliceu.com\/es\/ventajas\/","og_site_name":"Amics del Liceu","article_modified_time":"2025-09-09T11:54:17+00:00","twitter_card":"summary_large_image","twitter_misc":{"Tiempo de lectura":"7 minutos"},"schema":{"@context":"https:\/\/schema.org","@graph":[{"@type":"WebPage","@id":"https:\/\/amicsliceu.com\/es\/ventajas\/","url":"https:\/\/amicsliceu.com\/es\/ventajas\/","name":"Ventajas - Amics del Liceu","isPartOf":{"@id":"https:\/\/amicsliceu.com\/es\/#website"},"datePublished":"2014-08-12T09:03:55+00:00","dateModified":"2025-09-09T11:54:17+00:00","breadcrumb":{"@id":"https:\/\/amicsliceu.com\/es\/ventajas\/#breadcrumb"},"inLanguage":"es","potentialAction":[{"@type":"ReadAction","target":["https:\/\/amicsliceu.com\/es\/ventajas\/"]}]},{"@type":"BreadcrumbList","@id":"https:\/\/amicsliceu.com\/es\/ventajas\/#breadcrumb","itemListElement":[{"@type":"ListItem","position":1,"name":"Inicio","item":"https:\/\/amicsliceu.com\/es\/"},{"@type":"ListItem","position":2,"name":"Ventajas"}]},{"@type":"WebSite","@id":"https:\/\/amicsliceu.com\/es\/#website","url":"https:\/\/amicsliceu.com\/es\/","name":"Amics del Liceu","description":"","publisher":{"@id":"https:\/\/amicsliceu.com\/es\/#organization"},"potentialAction":[{"@type":"SearchAction","target":{"@type":"EntryPoint","urlTemplate":"https:\/\/amicsliceu.com\/es\/?s={search_term_string}"},"query-input":{"@type":"PropertyValueSpecification","valueRequired":true,"valueName":"search_term_string"}}],"inLanguage":"es"},{"@type":"Organization","@id":"https:\/\/amicsliceu.com\/es\/#organization","name":"Amics del Liceu","url":"https:\/\/amicsliceu.com\/es\/","logo":{"@type":"ImageObject","inLanguage":"es","@id":"https:\/\/amicsliceu.com\/es\/#\/schema\/logo\/image\/","url":"http:\/\/amicsliceu.com\/wp-content\/uploads\/2019\/03\/logo.png","contentUrl":"http:\/\/amicsliceu.com\/wp-content\/uploads\/2019\/03\/logo.png","width":225,"height":92,"caption":"Amics del Liceu"},"image":{"@id":"https:\/\/amicsliceu.com\/es\/#\/schema\/logo\/image\/"}}]}},"_links":{"self":[{"href":"https:\/\/amicsliceu.com\/es\/wp-json\/wp\/v2\/pages\/4166"}],"collection":[{"href":"https:\/\/amicsliceu.com\/es\/wp-json\/wp\/v2\/pages"}],"about":[{"href":"https:\/\/amicsliceu.com\/es\/wp-json\/wp\/v2\/types\/page"}],"author":[{"embeddable":true,"href":"https:\/\/amicsliceu.com\/es\/wp-json\/wp\/v2\/users\/1"}],"replies":[{"embeddable":true,"href":"https:\/\/amicsliceu.com\/es\/wp-json\/wp\/v2\/comments?post=4166"}],"version-history":[{"count":31,"href":"https:\/\/amicsliceu.com\/es\/wp-json\/wp\/v2\/pages\/4166\/revisions"}],"predecessor-version":[{"id":22905,"href":"https:\/\/amicsliceu.com\/es\/wp-json\/wp\/v2\/pages\/4166\/revisions\/22905"}],"wp:attachment":[{"href":"https:\/\/amicsliceu.com\/es\/wp-json\/wp\/v2\/media?parent=4166"}],"curies":[{"name":"wp","href":"https:\/\/api.w.org\/{rel}","templated":true}]}}