{"id":4167,"date":"2014-05-21T15:41:57","date_gmt":"2014-05-21T15:41:57","guid":{"rendered":"http:\/\/amicsliceu.com\/prova-2\/"},"modified":"2025-04-23T10:20:56","modified_gmt":"2025-04-23T10:20:56","slug":"boletin","status":"publish","type":"page","link":"https:\/\/amicsliceu.com\/es\/boletin\/","title":{"rendered":"Bolet\u00edn"},"content":{"rendered":"<section class=\"wpb-content-wrapper\">[vc_row column_spacing=\u00bb60&#8243; css=\u00bb.vc_custom_1745337377544{margin-top: 0px !important;margin-bottom: 60px !important;}\u00bb][vc_column width=\u00bb1\/2&#8243; css=\u00bb.vc_custom_1525891930155{margin-bottom: 0px !important;}\u00bb]<h1 class=\"vcex-heading vcex-module wpex-text-2xl wpex-font-normal wpex-m-auto wpex-max-w-100 vcex-heading-plain wpex-block wpex-text-left vc_custom_1745403653520\" style=\"font-family:Montserrat;font-size:20px;font-weight:400;\"><span class=\"vcex-heading-inner wpex-inline-block wpex-clr\">El bolet\u00edn mensual es una <strong>ventaja exclusiva<\/strong> para los socios de Amics del Liceu. Se env\u00eda mensualmente en formato digital a trav\u00e9s de correo electr\u00f3nico y de whatsapp y es una herramienta indispensable para todos los amantes de la \u00f3pera que desean prepararse a fondo antes de ir a ver cada uno de los t\u00edtulos que ofrece el Gran Teatre del Liceu.<\/span><\/h1>[vc_column_text]\n<p style=\"text-align: justify;\">Tambi\u00e9n es de gran utilidad para mantenerse al d\u00eda de todas las novedades que ofrece nuestra asociaci\u00f3n: actividades, viajes, conferencias y mucho m\u00e1s.<\/p>\n<p style=\"text-align: justify;\">Est\u00e1 estructurado en diversas secciones, donde encontramos la <strong>editorial<\/strong>, un <strong>art\u00edculo de actualidad oper\u00edstica<\/strong>, la <strong>entrevista<\/strong>, un espacio vinculado a nuestro canal Youtube donde mensualmente entrevistamos a uno de los cantantes o directores de la \u00f3pera que se representa en el Gran Teatre del Liceu, la <strong>entrevista con el socio\/a<\/strong>, donde uno de nuestros asociados es el protagonista y los protagonistas que nos sirven a todos los Amigos para preparar cada uno de los t\u00edtulos que se representan en el Gran Teatre del Liceu, las <strong>conferencias y coloquios<\/strong> que se han hecho recientemente y los enlaces para poder recuperarlas en nuestro canal youtube, el espacio <strong>Amics recomana<\/strong> con diversos art\u00edculos de actualidad, la<strong> agenda mensual de actividades<\/strong> y el apartado de <strong>viajes<\/strong> donde descubrir\u00e9is nuestros pr\u00f3ximos destinos oper\u00edsticos.<\/p>\n[\/vc_column_text][\/vc_column][vc_column width=\u00bb1\/2&#8243;]<figure class=\"vcex-image vcex-module wpex-clr shadow\"><div class=\"vcex-image-inner wpex-inline-block wpex-relative vc_custom_1745337187885\"><a href=\"https:\/\/amicsliceu.com\/wp-content\/uploads\/2025\/04\/butlleti_foto.jpg\" class=\"wpex-lightbox\"><img decoding=\"async\" loading=\"lazy\" class=\"wpex-align-middle\" src=\"https:\/\/amicsliceu.com\/wp-content\/uploads\/2025\/04\/butlleti_foto.jpg\" alt=\"\" width=\"1300\" height=\"666\" \/><\/a><\/div><\/figure>[\/vc_column][\/vc_row][vc_row column_spacing=\u00bb30&#8243; disable_element=\u00bbyes\u00bb css=\u00bb.vc_custom_1745337363775{margin-bottom: 40px !important;}\u00bb][vc_column]<h2 class=\"vcex-heading vcex-module wpex-text-2xl wpex-font-normal wpex-m-auto wpex-max-w-100 vcex-heading-plain wpex-block wpex-text-left vc_custom_1640271834543 ombra\" style=\"font-family:Montserrat;font-size:21px;font-weight:400;\"><span class=\"vcex-heading-inner wpex-inline-block wpex-clr\">2021-2022<\/span><\/h2>[vc_column_text font_size=\u00bb16&#8243;]<a href=\"http:\/\/amicsliceu.com\/wp-content\/uploads\/2021\/12\/Full_informatiu_gen_feb2021_web_compressed.pdf\">Enero-febrero 2022 \u00b7 N 57<\/a>[\/vc_column_text]<h2 class=\"vcex-heading vcex-module wpex-text-2xl wpex-font-normal wpex-m-auto wpex-max-w-100 vcex-heading-plain wpex-block wpex-text-left vc_custom_1604407671738 ombra\" style=\"font-family:Montserrat;font-size:21px;font-weight:400;\"><span class=\"vcex-heading-inner wpex-inline-block wpex-clr\">2020-2021<\/span><\/h2>[vc_column_text font_size=\u00bb16&#8243;]<a href=\"http:\/\/amicsliceu.com\/wp-content\/uploads\/2021\/02\/Full_informatiu_gen_feb2021-comprimido.pdf\">Febrero-Marzo 2021 \u00b7 N 56<\/a>[\/vc_column_text]<h2 class=\"vcex-heading vcex-module wpex-text-2xl wpex-font-normal wpex-m-auto wpex-max-w-100 vcex-heading-plain wpex-block wpex-text-left vc_custom_1604407701968 ombra\" style=\"font-family:Montserrat;font-size:21px;font-weight:400;\"><span class=\"vcex-heading-inner wpex-inline-block wpex-clr\">2019-2020<\/span><\/h2>[vc_column_text font_size=\u00bb16&#8243;]<a href=\"http:\/\/amicsliceu.com\/wp-content\/uploads\/2020\/11\/Full_informatiu_nov2020_web.pdf\">Noviembre-Diciembre 2020 \u00b7 N55<\/a><\/p>\n<p><a href=\"http:\/\/amicsliceu.com\/wp-content\/uploads\/2020\/06\/AF-Full-Informatiu-juny2020_print.pdf\">Junio, edici\u00f3n especial \u00b7 N54<\/a><\/p>\n<p><a href=\"http:\/\/amicsliceu.com\/wp-content\/uploads\/2020\/02\/AF-Full-Informatiu-gen-feb2020.pdf\">Febrero-Marzo \u00b7 N53<\/a><\/p>\n<p><a href=\"http:\/\/amicsliceu.com\/wp-content\/uploads\/2019\/03\/marc2019_versioweb.pdf\">Marzo-Abril 2019 \u00b7 N 52<\/a><\/p>\n<p><a href=\"http:\/\/amicsliceu.com\/wp-content\/uploads\/2018\/12\/desembre2018-gener2019_versioweb-compressed.pdf\">Diciembre-Enero 2019 \u00b7 N 51<\/a><\/p>\n<p><a href=\"http:\/\/amicsliceu.com\/wp-content\/uploads\/2018\/10\/octubre-novembre2018_versioweb.pdf\">Octubre-Noviembre 2018 \u00b7 N 50<\/a>[\/vc_column_text][\/vc_column][\/vc_row]\n<\/section>","protected":false},"excerpt":{"rendered":"<p>[vc_row column_spacing=\u00bb60&#8243; css=\u00bb.vc_custom_1745337377544{margin-top: 0px !important;margin-bottom: 60px !important;}\u00bb][vc_column width=\u00bb1\/2&#8243; css=\u00bb.vc_custom_1525891930155{margin-bottom: 0px !important;}\u00bb][vc_column_text] Tambi\u00e9n es de gran utilidad para mantenerse al d\u00eda de todas las novedades que ofrece nuestra asociaci\u00f3n: actividades, viajes, conferencias y mucho m\u00e1s. Est\u00e1 estructurado en diversas secciones, donde&hellip;<\/p>\n","protected":false},"author":1,"featured_media":0,"parent":0,"menu_order":0,"comment_status":"open","ping_status":"closed","template":"","meta":{"footnotes":""},"class_list":["post-4167","page","type-page","status-publish","hentry","entry","no-media"],"yoast_head":"<!-- This site is optimized with the Yoast SEO plugin v23.9 - https:\/\/yoast.com\/wordpress\/plugins\/seo\/ -->\n<title>Bolet\u00edn - Amics del Liceu<\/title>\n<meta name=\"robots\" content=\"index, follow, max-snippet:-1, max-image-preview:large, max-video-preview:-1\" \/>\n<link rel=\"canonical\" href=\"https:\/\/amicsliceu.com\/es\/boletin\/\" \/>\n<meta property=\"og:locale\" content=\"es_ES\" \/>\n<meta property=\"og:type\" content=\"article\" \/>\n<meta property=\"og:title\" content=\"Bolet\u00edn - Amics del Liceu\" \/>\n<meta property=\"og:description\" content=\"[vc_row column_spacing=\u00bb60&#8243; css=\u00bb.vc_custom_1745337377544{margin-top: 0px !important;margin-bottom: 60px !important;}\u00bb][vc_column width=\u00bb1\/2&#8243; css=\u00bb.vc_custom_1525891930155{margin-bottom: 0px !important;}\u00bb][vc_column_text] Tambi\u00e9n es de gran utilidad para mantenerse al d\u00eda de todas las novedades que ofrece nuestra asociaci\u00f3n: actividades, viajes, conferencias y mucho m\u00e1s. Est\u00e1 estructurado en diversas secciones, donde&hellip;\" \/>\n<meta property=\"og:url\" content=\"https:\/\/amicsliceu.com\/es\/boletin\/\" \/>\n<meta property=\"og:site_name\" content=\"Amics del Liceu\" \/>\n<meta property=\"article:modified_time\" content=\"2025-04-23T10:20:56+00:00\" \/>\n<meta name=\"twitter:card\" content=\"summary_large_image\" \/>\n<meta name=\"twitter:label1\" content=\"Tiempo de lectura\" \/>\n\t<meta name=\"twitter:data1\" content=\"3 minutos\" \/>\n<script type=\"application\/ld+json\" class=\"yoast-schema-graph\">{\"@context\":\"https:\/\/schema.org\",\"@graph\":[{\"@type\":\"WebPage\",\"@id\":\"https:\/\/amicsliceu.com\/es\/boletin\/\",\"url\":\"https:\/\/amicsliceu.com\/es\/boletin\/\",\"name\":\"Bolet\u00edn - Amics del Liceu\",\"isPartOf\":{\"@id\":\"https:\/\/amicsliceu.com\/es\/#website\"},\"datePublished\":\"2014-05-21T15:41:57+00:00\",\"dateModified\":\"2025-04-23T10:20:56+00:00\",\"breadcrumb\":{\"@id\":\"https:\/\/amicsliceu.com\/es\/boletin\/#breadcrumb\"},\"inLanguage\":\"es\",\"potentialAction\":[{\"@type\":\"ReadAction\",\"target\":[\"https:\/\/amicsliceu.com\/es\/boletin\/\"]}]},{\"@type\":\"BreadcrumbList\",\"@id\":\"https:\/\/amicsliceu.com\/es\/boletin\/#breadcrumb\",\"itemListElement\":[{\"@type\":\"ListItem\",\"position\":1,\"name\":\"Inicio\",\"item\":\"https:\/\/amicsliceu.com\/es\/\"},{\"@type\":\"ListItem\",\"position\":2,\"name\":\"Bolet\u00edn\"}]},{\"@type\":\"WebSite\",\"@id\":\"https:\/\/amicsliceu.com\/es\/#website\",\"url\":\"https:\/\/amicsliceu.com\/es\/\",\"name\":\"Amics del Liceu\",\"description\":\"\",\"publisher\":{\"@id\":\"https:\/\/amicsliceu.com\/es\/#organization\"},\"potentialAction\":[{\"@type\":\"SearchAction\",\"target\":{\"@type\":\"EntryPoint\",\"urlTemplate\":\"https:\/\/amicsliceu.com\/es\/?s={search_term_string}\"},\"query-input\":{\"@type\":\"PropertyValueSpecification\",\"valueRequired\":true,\"valueName\":\"search_term_string\"}}],\"inLanguage\":\"es\"},{\"@type\":\"Organization\",\"@id\":\"https:\/\/amicsliceu.com\/es\/#organization\",\"name\":\"Amics del Liceu\",\"url\":\"https:\/\/amicsliceu.com\/es\/\",\"logo\":{\"@type\":\"ImageObject\",\"inLanguage\":\"es\",\"@id\":\"https:\/\/amicsliceu.com\/es\/#\/schema\/logo\/image\/\",\"url\":\"http:\/\/amicsliceu.com\/wp-content\/uploads\/2019\/03\/logo.png\",\"contentUrl\":\"http:\/\/amicsliceu.com\/wp-content\/uploads\/2019\/03\/logo.png\",\"width\":225,\"height\":92,\"caption\":\"Amics del Liceu\"},\"image\":{\"@id\":\"https:\/\/amicsliceu.com\/es\/#\/schema\/logo\/image\/\"}}]}<\/script>\n<!-- \/ Yoast SEO plugin. -->","yoast_head_json":{"title":"Bolet\u00edn - Amics del Liceu","robots":{"index":"index","follow":"follow","max-snippet":"max-snippet:-1","max-image-preview":"max-image-preview:large","max-video-preview":"max-video-preview:-1"},"canonical":"https:\/\/amicsliceu.com\/es\/boletin\/","og_locale":"es_ES","og_type":"article","og_title":"Bolet\u00edn - Amics del Liceu","og_description":"[vc_row column_spacing=\u00bb60&#8243; css=\u00bb.vc_custom_1745337377544{margin-top: 0px !important;margin-bottom: 60px !important;}\u00bb][vc_column width=\u00bb1\/2&#8243; css=\u00bb.vc_custom_1525891930155{margin-bottom: 0px !important;}\u00bb][vc_column_text] Tambi\u00e9n es de gran utilidad para mantenerse al d\u00eda de todas las novedades que ofrece nuestra asociaci\u00f3n: actividades, viajes, conferencias y mucho m\u00e1s. Est\u00e1 estructurado en diversas secciones, donde&hellip;","og_url":"https:\/\/amicsliceu.com\/es\/boletin\/","og_site_name":"Amics del Liceu","article_modified_time":"2025-04-23T10:20:56+00:00","twitter_card":"summary_large_image","twitter_misc":{"Tiempo de lectura":"3 minutos"},"schema":{"@context":"https:\/\/schema.org","@graph":[{"@type":"WebPage","@id":"https:\/\/amicsliceu.com\/es\/boletin\/","url":"https:\/\/amicsliceu.com\/es\/boletin\/","name":"Bolet\u00edn - Amics del Liceu","isPartOf":{"@id":"https:\/\/amicsliceu.com\/es\/#website"},"datePublished":"2014-05-21T15:41:57+00:00","dateModified":"2025-04-23T10:20:56+00:00","breadcrumb":{"@id":"https:\/\/amicsliceu.com\/es\/boletin\/#breadcrumb"},"inLanguage":"es","potentialAction":[{"@type":"ReadAction","target":["https:\/\/amicsliceu.com\/es\/boletin\/"]}]},{"@type":"BreadcrumbList","@id":"https:\/\/amicsliceu.com\/es\/boletin\/#breadcrumb","itemListElement":[{"@type":"ListItem","position":1,"name":"Inicio","item":"https:\/\/amicsliceu.com\/es\/"},{"@type":"ListItem","position":2,"name":"Bolet\u00edn"}]},{"@type":"WebSite","@id":"https:\/\/amicsliceu.com\/es\/#website","url":"https:\/\/amicsliceu.com\/es\/","name":"Amics del Liceu","description":"","publisher":{"@id":"https:\/\/amicsliceu.com\/es\/#organization"},"potentialAction":[{"@type":"SearchAction","target":{"@type":"EntryPoint","urlTemplate":"https:\/\/amicsliceu.com\/es\/?s={search_term_string}"},"query-input":{"@type":"PropertyValueSpecification","valueRequired":true,"valueName":"search_term_string"}}],"inLanguage":"es"},{"@type":"Organization","@id":"https:\/\/amicsliceu.com\/es\/#organization","name":"Amics del Liceu","url":"https:\/\/amicsliceu.com\/es\/","logo":{"@type":"ImageObject","inLanguage":"es","@id":"https:\/\/amicsliceu.com\/es\/#\/schema\/logo\/image\/","url":"http:\/\/amicsliceu.com\/wp-content\/uploads\/2019\/03\/logo.png","contentUrl":"http:\/\/amicsliceu.com\/wp-content\/uploads\/2019\/03\/logo.png","width":225,"height":92,"caption":"Amics del Liceu"},"image":{"@id":"https:\/\/amicsliceu.com\/es\/#\/schema\/logo\/image\/"}}]}},"_links":{"self":[{"href":"https:\/\/amicsliceu.com\/es\/wp-json\/wp\/v2\/pages\/4167"}],"collection":[{"href":"https:\/\/amicsliceu.com\/es\/wp-json\/wp\/v2\/pages"}],"about":[{"href":"https:\/\/amicsliceu.com\/es\/wp-json\/wp\/v2\/types\/page"}],"author":[{"embeddable":true,"href":"https:\/\/amicsliceu.com\/es\/wp-json\/wp\/v2\/users\/1"}],"replies":[{"embeddable":true,"href":"https:\/\/amicsliceu.com\/es\/wp-json\/wp\/v2\/comments?post=4167"}],"version-history":[{"count":29,"href":"https:\/\/amicsliceu.com\/es\/wp-json\/wp\/v2\/pages\/4167\/revisions"}],"predecessor-version":[{"id":22127,"href":"https:\/\/amicsliceu.com\/es\/wp-json\/wp\/v2\/pages\/4167\/revisions\/22127"}],"wp:attachment":[{"href":"https:\/\/amicsliceu.com\/es\/wp-json\/wp\/v2\/media?parent=4167"}],"curies":[{"name":"wp","href":"https:\/\/api.w.org\/{rel}","templated":true}]}}