{"id":4168,"date":"2013-10-01T09:25:50","date_gmt":"2013-10-01T09:25:50","guid":{"rendered":"http:\/\/amicsliceu.com\/llibre-temporada-2013-2014\/"},"modified":"2025-03-28T13:23:20","modified_gmt":"2025-03-28T13:23:20","slug":"resumen-de-libros-de-temporada","status":"publish","type":"page","link":"https:\/\/amicsliceu.com\/es\/resumen-de-libros-de-temporada\/","title":{"rendered":"Resumen de Libros de Temporada"},"content":{"rendered":"<section class=\"wpb-content-wrapper\">[vc_row gap=\u00bb20&#8243; css=\u00bb.vc_custom_1543262395884{margin-top: 50px !important;margin-bottom: 90px !important;}\u00bb][vc_column width=\u00bb1\/2&#8243; css=\u00bb.vc_custom_1524655835460{padding-right: 5% !important;}\u00bb]<h1 class=\"vcex-heading vcex-module wpex-text-2xl wpex-font-normal wpex-m-auto wpex-max-w-100 vcex-heading-plain wpex-block wpex-text-left vc_custom_1743168174043\" style=\"font-family:Montserrat;font-size:25px;font-weight:400;\"><span class=\"vcex-heading-inner wpex-inline-block wpex-clr\">Libro Temporada d'\u00f2pera (1991-1992\/2002-2003)<\/span><\/h1>[vc_column_text]El libro Temporada d\u2019\u00f2pera de Amics del Liceu se public\u00f3 por primera vez la temporada 1991-1992 con la voluntad de ofrecer al p\u00fablico del Liceu una herramienta de preparaci\u00f3n en la cual estudiosos y especialistas en la materia presentan cada una de las \u00f3peras incluidas en la temporada del Liceu. Cada cap\u00edtulo, adem\u00e1s, cuenta con una presentaci\u00f3n de una personalidad del mundo cultural, pol\u00edtico o social que, de alguna manera, est\u00e1 vinculada a un t\u00edtulo en concreto. El libro contiene ilustraciones encargadas especialmente a artistas contempor\u00e1neos, los originales de los cuales se exponen al inicio de la temporada en una galer\u00eda de arte de Barcelona.<\/p>\n<p style=\"text-align: justify;\">El recorrido de esta publicaci\u00f3n en formato impreso finaliz\u00f3 la temporada 2022-2023 cuando, con la voluntad de adaptarnos a los medios digitales actuales y ante la emergencia ecol\u00f3gica que vive el planeta, se adopta la medida de pasar al formato digital creando el actual bolet\u00edn digital que, adem\u00e1s de incluir el contenido de los textos del libro Temporada&#8217; las entrevistas con cantantes, la editorial, el apartado de viajes o la agenda de actividades.<\/p>\n<p>Para la consulta o compra de cualquiera de estas publicaciones, puede ponerse en contacto con la Associaci\u00f3: 93 317 73 78 o\u00a0<a href=\"mailto:info@amicsliceu.com\">info@amicsliceu.com<\/a>[\/vc_column_text][\/vc_column][vc_column width=\u00bb1\/2&#8243;][vc_tta_tour active_section=\u00bb1&#8243; el_class=\u00bbllibre-temporada\u00bb][vc_tta_section title=\u00bb2022-2023&#8243; tab_id=\u00bb2020-2021&#8243;]<figure class=\"vcex-image vcex-module wpex-clr textcenter\"><div class=\"vcex-image-inner wpex-inline-block wpex-relative vc_custom_1666859386428\"><img decoding=\"async\" loading=\"lazy\" class=\"wpex-align-middle\" src=\"https:\/\/amicsliceu.com\/wp-content\/uploads\/2022\/10\/Portada_TempOpera22-23_cat-scaled.jpg\" alt=\"\" width=\"1772\" height=\"2560\" \/><\/div><\/figure>[\/vc_tta_section][vc_tta_section title=\u00bb2021-2022&#8243; tab_id=\u00bb1666859325458-188f9657-45dd\u00bb]<figure class=\"vcex-image vcex-module wpex-clr textcenter\"><div class=\"vcex-image-inner wpex-inline-block wpex-relative vc_custom_1666859359805\"><img decoding=\"async\" loading=\"lazy\" class=\"wpex-align-middle\" src=\"https:\/\/amicsliceu.com\/wp-content\/uploads\/2021\/09\/PORTADAD-TempOpera-21-22_CAT-1-scaled.jpg\" alt=\"\" width=\"1766\" height=\"2560\" \/><\/div><\/figure>[\/vc_tta_section][vc_tta_section title=\u00bb2020-2021&#8243; tab_id=\u00bb1666859323462-b3df1029-eb53&#8243;]<figure class=\"vcex-image vcex-module wpex-clr textcenter\"><div class=\"vcex-image-inner wpex-inline-block wpex-relative vc_custom_1632144453068\"><img decoding=\"async\" loading=\"lazy\" class=\"wpex-align-middle\" src=\"https:\/\/amicsliceu.com\/wp-content\/uploads\/2020\/12\/Portada-Temp-Opera-20-21.jpg\" alt=\"\" width=\"700\" height=\"700\" \/><\/div><\/figure>[\/vc_tta_section][vc_tta_section title=\u00bb2019-2020&#8243; tab_id=\u00bb1632144416656-3db32d73-ff3a\u00bb]<figure class=\"vcex-image vcex-module wpex-clr textcenter\"><div class=\"vcex-image-inner wpex-inline-block wpex-relative vc_custom_1602151064698\"><img decoding=\"async\" loading=\"lazy\" class=\"wpex-align-middle\" src=\"https:\/\/amicsliceu.com\/wp-content\/uploads\/2019\/09\/Portada-llibre2019-2020_def_baixa.jpg\" alt=\"\" width=\"2511\" height=\"3576\" \/><\/div><\/figure>[\/vc_tta_section][vc_tta_section title=\u00bb2018-2019&#8243; tab_id=\u00bb1602151033139-bf119cb6-364b\u00bb]<figure class=\"vcex-image vcex-module wpex-clr textcenter\"><div class=\"vcex-image-inner wpex-inline-block wpex-relative vc_custom_1551909090237\"><img decoding=\"async\" loading=\"lazy\" class=\"wpex-align-middle\" src=\"https:\/\/amicsliceu.com\/wp-content\/uploads\/2018\/09\/Portada2018-19CAT-1-scaled.jpg\" alt=\"\" width=\"1813\" height=\"2560\" \/><\/div><\/figure>[\/vc_tta_section][vc_tta_section title=\u00bb2017-2018&#8243; tab_id=\u00bb2017-2018&#8243;]<figure class=\"vcex-image vcex-module wpex-clr textcenter\"><div class=\"vcex-image-inner wpex-inline-block wpex-relative vc_custom_1551909115532\"><img decoding=\"async\" loading=\"lazy\" class=\"wpex-align-middle\" src=\"https:\/\/amicsliceu.com\/wp-content\/uploads\/2017\/09\/Coberta-CAT-17-18-v2.jpg\" alt=\"\" width=\"828\" height=\"1171\" \/><\/div><\/figure>[\/vc_tta_section][vc_tta_section title=\u00bb2016-2017&#8243; tab_id=\u00bb2016-2017&#8243;]<figure class=\"vcex-image vcex-module wpex-clr textcenter\"><div class=\"vcex-image-inner wpex-inline-block wpex-relative vc_custom_1551909121220\"><img decoding=\"async\" loading=\"lazy\" class=\"wpex-align-middle\" src=\"https:\/\/amicsliceu.com\/wp-content\/uploads\/2014\/10\/Temporada2016-2017.jpg\" alt=\"\" width=\"490\" height=\"717\" \/><\/div><\/figure>[\/vc_tta_section][vc_tta_section title=\u00bb2015-2016&#8243; tab_id=\u00bb2015-2016&#8243;]<figure class=\"vcex-image vcex-module wpex-clr textcenter\"><div class=\"vcex-image-inner wpex-inline-block wpex-relative vc_custom_1551909131524\"><img decoding=\"async\" loading=\"lazy\" class=\"wpex-align-middle\" src=\"https:\/\/amicsliceu.com\/wp-content\/uploads\/2015\/10\/Portada-CAT-15-16-1.jpg\" alt=\"\" width=\"620\" height=\"885\" \/><\/div><\/figure>[\/vc_tta_section][vc_tta_section title=\u00bb2014-2015&#8243; tab_id=\u00bb2014-2015&#8243;]<figure class=\"vcex-image vcex-module wpex-clr textcenter\"><div class=\"vcex-image-inner wpex-inline-block wpex-relative vc_custom_1551909138539\"><img decoding=\"async\" loading=\"lazy\" class=\"wpex-align-middle\" src=\"https:\/\/amicsliceu.com\/wp-content\/uploads\/2014\/10\/llibre_temporada_14-15.jpg\" alt=\"\" width=\"220\" height=\"299\" \/><\/div><\/figure>[\/vc_tta_section][vc_tta_section title=\u00bb2013-2014&#8243; tab_id=\u00bb2013-2014&#8243;]<figure class=\"vcex-image vcex-module wpex-clr textcenter\"><div class=\"vcex-image-inner wpex-inline-block wpex-relative vc_custom_1551909144659\"><img decoding=\"async\" loading=\"lazy\" class=\"wpex-align-middle\" src=\"https:\/\/amicsliceu.com\/wp-content\/uploads\/2014\/06\/Temporada2013-142.jpg\" alt=\"\" width=\"220\" height=\"313\" \/><\/div><\/figure>[\/vc_tta_section][vc_tta_section title=\u00bb2012-2013&#8243; tab_id=\u00bb2012-2013&#8243;]<figure class=\"vcex-image vcex-module wpex-clr textcenter\"><div class=\"vcex-image-inner wpex-inline-block wpex-relative vc_custom_1551909156203\"><img decoding=\"async\" loading=\"lazy\" class=\"wpex-align-middle\" src=\"https:\/\/amicsliceu.com\/wp-content\/uploads\/2012\/01\/2012-2013.jpg\" alt=\"\" width=\"149\" height=\"209\" \/><\/div><\/figure>[\/vc_tta_section][vc_tta_section title=\u00bb2011-2012&#8243; tab_id=\u00bb2011-2012&#8243;]<figure class=\"vcex-image vcex-module wpex-clr textcenter\"><div class=\"vcex-image-inner wpex-inline-block wpex-relative vc_custom_1551909162035\"><img decoding=\"async\" loading=\"lazy\" class=\"wpex-align-middle\" src=\"https:\/\/amicsliceu.com\/wp-content\/uploads\/2012\/01\/llibre201112.jpg\" alt=\"\" width=\"149\" height=\"211\" \/><\/div><\/figure>[\/vc_tta_section][vc_tta_section title=\u00bb2010-2011&#8243; tab_id=\u00bb2010-2011&#8243;]<figure class=\"vcex-image vcex-module wpex-clr textcenter\"><div class=\"vcex-image-inner wpex-inline-block wpex-relative vc_custom_1551909168515\"><img decoding=\"async\" loading=\"lazy\" class=\"wpex-align-middle\" src=\"https:\/\/amicsliceu.com\/wp-content\/uploads\/2012\/01\/2010_2011-e1358437637223.jpg\" alt=\"\" width=\"121\" height=\"171\" \/><\/div><\/figure>[\/vc_tta_section][vc_tta_section title=\u00bb2009-2010&#8243; tab_id=\u00bb2009-2010&#8243;]<figure class=\"vcex-image vcex-module wpex-clr textcenter\"><div class=\"vcex-image-inner wpex-inline-block wpex-relative vc_custom_1551909175151\"><img decoding=\"async\" loading=\"lazy\" class=\"wpex-align-middle\" src=\"https:\/\/amicsliceu.com\/wp-content\/uploads\/2012\/01\/2009_2010.jpg\" alt=\"\" width=\"150\" height=\"211\" \/><\/div><\/figure>[\/vc_tta_section][\/vc_tta_tour][\/vc_column][\/vc_row]\n<\/section>","protected":false},"excerpt":{"rendered":"<p>[vc_row gap=\u00bb20&#8243; css=\u00bb.vc_custom_1543262395884{margin-top: 50px !important;margin-bottom: 90px !important;}\u00bb][vc_column width=\u00bb1\/2&#8243; css=\u00bb.vc_custom_1524655835460{padding-right: 5% !important;}\u00bb][vc_column_text]El libro Temporada d\u2019\u00f2pera de Amics del Liceu se public\u00f3 por primera vez la temporada 1991-1992 con la voluntad de ofrecer al p\u00fablico del Liceu una herramienta de preparaci\u00f3n en&hellip;<\/p>\n","protected":false},"author":1,"featured_media":0,"parent":0,"menu_order":0,"comment_status":"open","ping_status":"open","template":"","meta":{"footnotes":""},"class_list":["post-4168","page","type-page","status-publish","hentry","entry","no-media"],"yoast_head":"<!-- This site is optimized with the Yoast SEO plugin v23.9 - https:\/\/yoast.com\/wordpress\/plugins\/seo\/ -->\n<title>Resumen de Libros de Temporada - Amics del Liceu<\/title>\n<meta name=\"robots\" content=\"index, follow, max-snippet:-1, max-image-preview:large, max-video-preview:-1\" \/>\n<link rel=\"canonical\" href=\"https:\/\/amicsliceu.com\/es\/resumen-de-libros-de-temporada\/\" \/>\n<meta property=\"og:locale\" content=\"es_ES\" \/>\n<meta property=\"og:type\" content=\"article\" \/>\n<meta property=\"og:title\" content=\"Resumen de Libros de Temporada - Amics del Liceu\" \/>\n<meta property=\"og:description\" content=\"[vc_row gap=\u00bb20&#8243; css=\u00bb.vc_custom_1543262395884{margin-top: 50px !important;margin-bottom: 90px !important;}\u00bb][vc_column width=\u00bb1\/2&#8243; css=\u00bb.vc_custom_1524655835460{padding-right: 5% !important;}\u00bb][vc_column_text]El libro Temporada d\u2019\u00f2pera de Amics del Liceu se public\u00f3 por primera vez la temporada 1991-1992 con la voluntad de ofrecer al p\u00fablico del Liceu una herramienta de preparaci\u00f3n en&hellip;\" \/>\n<meta property=\"og:url\" content=\"https:\/\/amicsliceu.com\/es\/resumen-de-libros-de-temporada\/\" \/>\n<meta property=\"og:site_name\" content=\"Amics del Liceu\" \/>\n<meta property=\"article:modified_time\" content=\"2025-03-28T13:23:20+00:00\" \/>\n<meta name=\"twitter:card\" content=\"summary_large_image\" \/>\n<meta name=\"twitter:label1\" content=\"Tiempo de lectura\" \/>\n\t<meta name=\"twitter:data1\" content=\"7 minutos\" \/>\n<script type=\"application\/ld+json\" class=\"yoast-schema-graph\">{\"@context\":\"https:\/\/schema.org\",\"@graph\":[{\"@type\":\"WebPage\",\"@id\":\"https:\/\/amicsliceu.com\/es\/resumen-de-libros-de-temporada\/\",\"url\":\"https:\/\/amicsliceu.com\/es\/resumen-de-libros-de-temporada\/\",\"name\":\"Resumen de Libros de Temporada - Amics del Liceu\",\"isPartOf\":{\"@id\":\"https:\/\/amicsliceu.com\/es\/#website\"},\"datePublished\":\"2013-10-01T09:25:50+00:00\",\"dateModified\":\"2025-03-28T13:23:20+00:00\",\"breadcrumb\":{\"@id\":\"https:\/\/amicsliceu.com\/es\/resumen-de-libros-de-temporada\/#breadcrumb\"},\"inLanguage\":\"es\",\"potentialAction\":[{\"@type\":\"ReadAction\",\"target\":[\"https:\/\/amicsliceu.com\/es\/resumen-de-libros-de-temporada\/\"]}]},{\"@type\":\"BreadcrumbList\",\"@id\":\"https:\/\/amicsliceu.com\/es\/resumen-de-libros-de-temporada\/#breadcrumb\",\"itemListElement\":[{\"@type\":\"ListItem\",\"position\":1,\"name\":\"Inicio\",\"item\":\"https:\/\/amicsliceu.com\/es\/\"},{\"@type\":\"ListItem\",\"position\":2,\"name\":\"Resumen de Libros de Temporada\"}]},{\"@type\":\"WebSite\",\"@id\":\"https:\/\/amicsliceu.com\/es\/#website\",\"url\":\"https:\/\/amicsliceu.com\/es\/\",\"name\":\"Amics del Liceu\",\"description\":\"\",\"publisher\":{\"@id\":\"https:\/\/amicsliceu.com\/es\/#organization\"},\"potentialAction\":[{\"@type\":\"SearchAction\",\"target\":{\"@type\":\"EntryPoint\",\"urlTemplate\":\"https:\/\/amicsliceu.com\/es\/?s={search_term_string}\"},\"query-input\":{\"@type\":\"PropertyValueSpecification\",\"valueRequired\":true,\"valueName\":\"search_term_string\"}}],\"inLanguage\":\"es\"},{\"@type\":\"Organization\",\"@id\":\"https:\/\/amicsliceu.com\/es\/#organization\",\"name\":\"Amics del Liceu\",\"url\":\"https:\/\/amicsliceu.com\/es\/\",\"logo\":{\"@type\":\"ImageObject\",\"inLanguage\":\"es\",\"@id\":\"https:\/\/amicsliceu.com\/es\/#\/schema\/logo\/image\/\",\"url\":\"http:\/\/amicsliceu.com\/wp-content\/uploads\/2019\/03\/logo.png\",\"contentUrl\":\"http:\/\/amicsliceu.com\/wp-content\/uploads\/2019\/03\/logo.png\",\"width\":225,\"height\":92,\"caption\":\"Amics del Liceu\"},\"image\":{\"@id\":\"https:\/\/amicsliceu.com\/es\/#\/schema\/logo\/image\/\"}}]}<\/script>\n<!-- \/ Yoast SEO plugin. -->","yoast_head_json":{"title":"Resumen de Libros de Temporada - Amics del Liceu","robots":{"index":"index","follow":"follow","max-snippet":"max-snippet:-1","max-image-preview":"max-image-preview:large","max-video-preview":"max-video-preview:-1"},"canonical":"https:\/\/amicsliceu.com\/es\/resumen-de-libros-de-temporada\/","og_locale":"es_ES","og_type":"article","og_title":"Resumen de Libros de Temporada - Amics del Liceu","og_description":"[vc_row gap=\u00bb20&#8243; css=\u00bb.vc_custom_1543262395884{margin-top: 50px !important;margin-bottom: 90px !important;}\u00bb][vc_column width=\u00bb1\/2&#8243; css=\u00bb.vc_custom_1524655835460{padding-right: 5% !important;}\u00bb][vc_column_text]El libro Temporada d\u2019\u00f2pera de Amics del Liceu se public\u00f3 por primera vez la temporada 1991-1992 con la voluntad de ofrecer al p\u00fablico del Liceu una herramienta de preparaci\u00f3n en&hellip;","og_url":"https:\/\/amicsliceu.com\/es\/resumen-de-libros-de-temporada\/","og_site_name":"Amics del Liceu","article_modified_time":"2025-03-28T13:23:20+00:00","twitter_card":"summary_large_image","twitter_misc":{"Tiempo de lectura":"7 minutos"},"schema":{"@context":"https:\/\/schema.org","@graph":[{"@type":"WebPage","@id":"https:\/\/amicsliceu.com\/es\/resumen-de-libros-de-temporada\/","url":"https:\/\/amicsliceu.com\/es\/resumen-de-libros-de-temporada\/","name":"Resumen de Libros de Temporada - Amics del Liceu","isPartOf":{"@id":"https:\/\/amicsliceu.com\/es\/#website"},"datePublished":"2013-10-01T09:25:50+00:00","dateModified":"2025-03-28T13:23:20+00:00","breadcrumb":{"@id":"https:\/\/amicsliceu.com\/es\/resumen-de-libros-de-temporada\/#breadcrumb"},"inLanguage":"es","potentialAction":[{"@type":"ReadAction","target":["https:\/\/amicsliceu.com\/es\/resumen-de-libros-de-temporada\/"]}]},{"@type":"BreadcrumbList","@id":"https:\/\/amicsliceu.com\/es\/resumen-de-libros-de-temporada\/#breadcrumb","itemListElement":[{"@type":"ListItem","position":1,"name":"Inicio","item":"https:\/\/amicsliceu.com\/es\/"},{"@type":"ListItem","position":2,"name":"Resumen de Libros de Temporada"}]},{"@type":"WebSite","@id":"https:\/\/amicsliceu.com\/es\/#website","url":"https:\/\/amicsliceu.com\/es\/","name":"Amics del Liceu","description":"","publisher":{"@id":"https:\/\/amicsliceu.com\/es\/#organization"},"potentialAction":[{"@type":"SearchAction","target":{"@type":"EntryPoint","urlTemplate":"https:\/\/amicsliceu.com\/es\/?s={search_term_string}"},"query-input":{"@type":"PropertyValueSpecification","valueRequired":true,"valueName":"search_term_string"}}],"inLanguage":"es"},{"@type":"Organization","@id":"https:\/\/amicsliceu.com\/es\/#organization","name":"Amics del Liceu","url":"https:\/\/amicsliceu.com\/es\/","logo":{"@type":"ImageObject","inLanguage":"es","@id":"https:\/\/amicsliceu.com\/es\/#\/schema\/logo\/image\/","url":"http:\/\/amicsliceu.com\/wp-content\/uploads\/2019\/03\/logo.png","contentUrl":"http:\/\/amicsliceu.com\/wp-content\/uploads\/2019\/03\/logo.png","width":225,"height":92,"caption":"Amics del Liceu"},"image":{"@id":"https:\/\/amicsliceu.com\/es\/#\/schema\/logo\/image\/"}}]}},"_links":{"self":[{"href":"https:\/\/amicsliceu.com\/es\/wp-json\/wp\/v2\/pages\/4168"}],"collection":[{"href":"https:\/\/amicsliceu.com\/es\/wp-json\/wp\/v2\/pages"}],"about":[{"href":"https:\/\/amicsliceu.com\/es\/wp-json\/wp\/v2\/types\/page"}],"author":[{"embeddable":true,"href":"https:\/\/amicsliceu.com\/es\/wp-json\/wp\/v2\/users\/1"}],"replies":[{"embeddable":true,"href":"https:\/\/amicsliceu.com\/es\/wp-json\/wp\/v2\/comments?post=4168"}],"version-history":[{"count":11,"href":"https:\/\/amicsliceu.com\/es\/wp-json\/wp\/v2\/pages\/4168\/revisions"}],"predecessor-version":[{"id":21947,"href":"https:\/\/amicsliceu.com\/es\/wp-json\/wp\/v2\/pages\/4168\/revisions\/21947"}],"wp:attachment":[{"href":"https:\/\/amicsliceu.com\/es\/wp-json\/wp\/v2\/media?parent=4168"}],"curies":[{"name":"wp","href":"https:\/\/api.w.org\/{rel}","templated":true}]}}