{"id":4171,"date":"2012-11-16T17:09:18","date_gmt":"2012-11-16T17:09:18","guid":{"rendered":"http:\/\/amicsliceu.com\/enllacos-dinteres\/"},"modified":"2018-04-04T08:34:25","modified_gmt":"2018-04-04T08:34:25","slug":"enlaces-de-interes","status":"publish","type":"page","link":"https:\/\/amicsliceu.com\/es\/enlaces-de-interes\/","title":{"rendered":"Enlaces de inter\u00e9s"},"content":{"rendered":"<section class=\"wpb-content-wrapper\">[vc_row][vc_column][vc_tta_accordion color=\u00bbblack\u00bb active_section=\u00bb1&#8243; css=\u00bb.vc_custom_1509705123359{padding-top: 3px !important;padding-right: 3px !important;padding-bottom: 3px !important;padding-left: 3px !important;background-color: #910a2b !important;}\u00bb][vc_tta_section title=\u00bbTeatres d&#8217;\u00d2pera Nacionals\u00bb tab_id=\u00bb1509705078620-71119506-12c1&#8243;][vc_column_text]<a href=\"http:\/\/www.abao.org\/es\/pre.html\" target=\"_blank\" rel=\"noopener\">BILBAO<br \/>\n<strong>ABAO &#8211; OLBE, Asociaci\u00f3n Bilba\u00edna de Amigos de la \u00d3pera<\/strong><\/a><a href=\"http:\/\/www.abao.org\/es\/pre.html\" target=\"_blank\" rel=\"noopener\"><br \/>\n<\/a><\/p>\n<p><a href=\"http:\/\/www.teatro-real.com\/\" target=\"_blank\" rel=\"noopener\">MADRID<br \/>\n<strong>Teatro Real<\/strong><\/a><\/p>\n<p><a href=\"http:\/\/www.operaoviedo.com\/\" target=\"_blank\" rel=\"noopener\">OVIEDO<br \/>\n<strong>\u00d3pera de Oviedo<\/strong><br \/>\n<\/a><\/p>\n<p><a href=\"http:\/\/www.teatreprincipal.com\/es\">PALMA DE MALLORCA<br \/>\n<strong>Teatre Principal<\/strong><\/a><\/p>\n<p><a href=\"http:\/\/www.teatrodelamaestranza.es\/\" target=\"_blank\" rel=\"noopener\">SEVILLA<br \/>\n<strong>Teatro de la Maestranza<\/strong><br \/>\n<\/a><\/p>\n<p><a href=\"http:\/\/www.lesarts.com\/\" target=\"_blank\" rel=\"noopener\">VAL\u00c8NCIA<br \/>\n<strong>Palau de les Arts Reina Sof\u00eda<\/strong><\/a>[\/vc_column_text][\/vc_tta_section][vc_tta_section title=\u00bbTeatres d&#8217;\u00d2pera Internacionals\u00bb tab_id=\u00bb1509705078674-4198d1e1-a8a7&#8243;][vc_column_text]<a href=\"http:\/\/www.dno.nl\/home.php\" target=\"_blank\" rel=\"noopener\">\u00c0MSTERDAM<br \/>\n<strong>De Nederlandse Opera<\/strong><\/a><\/p>\n<p><a href=\"http:\/\/www.lamonnaie.be\/\" target=\"_blank\" rel=\"noopener\">BRUSEL\u00b7LES<br \/>\n<strong>La Monnaie<\/strong><\/a><\/p>\n<p><a href=\"http:\/\/www.teatrocolon.org.ar\/es\/\" target=\"_blank\" rel=\"noopener\">BUENOS AIRES<br \/>\n<strong>Teatro Col\u00f3n<\/strong><\/a><\/p>\n<p><a href=\"http:\/\/kglteater.dk\/\" target=\"_blank\" rel=\"noopener\">COPENHAGUEN<br \/>\n<strong>Det Kongelige Teater<\/strong><\/a><\/p>\n<p><a href=\"http:\/\/www.roh.org.uk\/\" target=\"_blank\" rel=\"noopener\">LONDRES<br \/>\n<strong>Royal Opera House<\/strong><\/a><\/p>\n<p><a href=\"http:\/\/www.teatroallascala.org\/en\/index.html\" target=\"_blank\" rel=\"noopener\">MIL\u00c0<br \/>\n<strong>Teatro alla Scala<\/strong><\/a><\/p>\n<p><a href=\"http:\/\/www.bayerische.staatsoper.de\/866--~Staatsoper~bso_aktuell~aktuelles.html\" target=\"_blank\" rel=\"noopener\">MUNIC<br \/>\n<strong>Bayerische Staatsoper<\/strong><\/a><\/p>\n<p><a href=\"http:\/\/www.metoperafamily.org\/metopera\/index.aspx\" target=\"_blank\" rel=\"noopener\">NOVA YORK<br \/>\n<strong>The Metropolitan Opera<\/strong><\/a><\/p>\n<p><a href=\"http:\/\/www.operaen.no\/\" target=\"_blank\" rel=\"noopener\">OSLO<br \/>\n<strong>Den Norske Opera &amp; Ballet<\/strong><\/a><\/p>\n<p><a href=\"http:\/\/www.operadeparis.fr\/\" target=\"_blank\" rel=\"noopener\">PAR\u00cdS<br \/>\n<strong>Op\u00e9ra de Par\u00eds<\/strong><\/a><\/p>\n<p><a href=\"http:\/\/www.operacity.jp\/en\/\" target=\"_blank\" rel=\"noopener\">TOKYO<br \/>\n<strong>Tokyo Opera City<\/strong><\/a><\/p>\n<p><a href=\"http:\/\/www.wiener-staatsoper.at\/Content.Node\/home\/index.php\" target=\"_blank\" rel=\"noopener\">VIENA<br \/>\n<strong>Wiener Staatsoper<\/strong><\/a><\/p>\n<p><a href=\"http:\/\/www.opernhaus.ch\/en\/index.php\" target=\"_blank\" rel=\"noopener\">Z\u00daRIC<br \/>\n<strong>Opernhaus Z\u00fcrich<\/strong><\/a>[\/vc_column_text][\/vc_tta_section][vc_tta_section title=\u00bbFestivals Nacionals\u00bb tab_id=\u00bb1509705313555-7db31d98-e3c9&#8243;][vc_column_text]<a href=\"http:\/\/www.granadafestival.org\/\" target=\"_blank\" rel=\"noopener\"><strong>Festival Internacional de M\u00fasica y Danza de Granada<\/strong><\/a><\/p>\n<p><strong><a href=\"http:\/\/www.festivalsantander.com\/fis2\/web\" target=\"_blank\" rel=\"noopener\">Festival Internacional de Santander<br \/>\n<\/a><\/strong><\/p>\n<p><a href=\"http:\/\/www.festivalperalada.es\/web\/index.htm\" target=\"_blank\" rel=\"noopener\"><strong>Festival de Perelada<\/strong><\/a><\/p>\n<p><a href=\"http:\/\/ca.schubertiadavilabertran.cat\/\" target=\"_blank\" rel=\"noopener\"><strong>La Schubert\u00edada<\/strong><\/a><\/p>\n<p><a href=\"http:\/\/www.quincenamusical.com\/\" target=\"_blank\" rel=\"noopener\"><strong>Quinzena Musical de San Sebastian<\/strong><\/a>[\/vc_column_text][\/vc_tta_section][vc_tta_section title=\u00bbFestivals Internacionals\u00bb tab_id=\u00bb1509705376578-f0f5a4a0-8e2c\u00bb][\/vc_tta_section][vc_tta_section title=\u00bbRevistes d&#8217;inter\u00e8s\u00bb tab_id=\u00bb1509705439156-e354cb94-400d\u00bb][\/vc_tta_section][vc_tta_section title=\u00bbWebs i Blogs d&#8217;inter\u00e8s\u00bb tab_id=\u00bb1509705391152-df278c83-c5ac\u00bb][vc_column_text]<a title=\"Operabase\" href=\"http:\/\/www.operabase.com\/\" target=\"_blank\" rel=\"noopener\">Operabase<\/a>[\/vc_column_text][\/vc_tta_section][\/vc_tta_accordion][\/vc_column][\/vc_row]\n<\/section>","protected":false},"excerpt":{"rendered":"<p>[vc_row][vc_column][vc_tta_accordion color=\u00bbblack\u00bb active_section=\u00bb1&#8243; css=\u00bb.vc_custom_1509705123359{padding-top: 3px !important;padding-right: 3px !important;padding-bottom: 3px !important;padding-left: 3px !important;background-color: #910a2b !important;}\u00bb][vc_tta_section title=\u00bbTeatres d&#8217;\u00d2pera Nacionals\u00bb tab_id=\u00bb1509705078620-71119506-12c1&#8243;][vc_column_text]BILBAO ABAO &#8211; OLBE, Asociaci\u00f3n Bilba\u00edna de Amigos de la \u00d3pera MADRID Teatro Real OVIEDO \u00d3pera de Oviedo PALMA DE MALLORCA Teatre Principal&hellip;<\/p>\n","protected":false},"author":1,"featured_media":0,"parent":0,"menu_order":0,"comment_status":"open","ping_status":"open","template":"","meta":{"footnotes":""},"class_list":["post-4171","page","type-page","status-publish","hentry","entry","no-media"],"yoast_head":"<!-- This site is optimized with the Yoast SEO plugin v23.9 - https:\/\/yoast.com\/wordpress\/plugins\/seo\/ -->\n<title>Enlaces de inter\u00e9s - Amics del Liceu<\/title>\n<meta name=\"robots\" content=\"index, follow, max-snippet:-1, max-image-preview:large, max-video-preview:-1\" \/>\n<link rel=\"canonical\" href=\"https:\/\/amicsliceu.com\/es\/enlaces-de-interes\/\" \/>\n<meta property=\"og:locale\" content=\"es_ES\" \/>\n<meta property=\"og:type\" content=\"article\" \/>\n<meta property=\"og:title\" content=\"Enlaces de inter\u00e9s - Amics del Liceu\" \/>\n<meta property=\"og:description\" content=\"[vc_row][vc_column][vc_tta_accordion color=\u00bbblack\u00bb active_section=\u00bb1&#8243; css=\u00bb.vc_custom_1509705123359{padding-top: 3px !important;padding-right: 3px !important;padding-bottom: 3px !important;padding-left: 3px !important;background-color: #910a2b !important;}\u00bb][vc_tta_section title=\u00bbTeatres d&#8217;\u00d2pera Nacionals\u00bb tab_id=\u00bb1509705078620-71119506-12c1&#8243;][vc_column_text]BILBAO ABAO &#8211; OLBE, Asociaci\u00f3n Bilba\u00edna de Amigos de la \u00d3pera MADRID Teatro Real OVIEDO \u00d3pera de Oviedo PALMA DE MALLORCA Teatre Principal&hellip;\" \/>\n<meta property=\"og:url\" content=\"https:\/\/amicsliceu.com\/es\/enlaces-de-interes\/\" \/>\n<meta property=\"og:site_name\" content=\"Amics del Liceu\" \/>\n<meta property=\"article:modified_time\" content=\"2018-04-04T08:34:25+00:00\" \/>\n<meta name=\"twitter:card\" content=\"summary_large_image\" \/>\n<meta name=\"twitter:label1\" content=\"Tiempo de lectura\" \/>\n\t<meta name=\"twitter:data1\" content=\"1 minuto\" \/>\n<script type=\"application\/ld+json\" class=\"yoast-schema-graph\">{\"@context\":\"https:\/\/schema.org\",\"@graph\":[{\"@type\":\"WebPage\",\"@id\":\"https:\/\/amicsliceu.com\/es\/enlaces-de-interes\/\",\"url\":\"https:\/\/amicsliceu.com\/es\/enlaces-de-interes\/\",\"name\":\"Enlaces de inter\u00e9s - Amics del Liceu\",\"isPartOf\":{\"@id\":\"https:\/\/amicsliceu.com\/es\/#website\"},\"datePublished\":\"2012-11-16T17:09:18+00:00\",\"dateModified\":\"2018-04-04T08:34:25+00:00\",\"breadcrumb\":{\"@id\":\"https:\/\/amicsliceu.com\/es\/enlaces-de-interes\/#breadcrumb\"},\"inLanguage\":\"es\",\"potentialAction\":[{\"@type\":\"ReadAction\",\"target\":[\"https:\/\/amicsliceu.com\/es\/enlaces-de-interes\/\"]}]},{\"@type\":\"BreadcrumbList\",\"@id\":\"https:\/\/amicsliceu.com\/es\/enlaces-de-interes\/#breadcrumb\",\"itemListElement\":[{\"@type\":\"ListItem\",\"position\":1,\"name\":\"Inicio\",\"item\":\"https:\/\/amicsliceu.com\/es\/\"},{\"@type\":\"ListItem\",\"position\":2,\"name\":\"Enlaces de inter\u00e9s\"}]},{\"@type\":\"WebSite\",\"@id\":\"https:\/\/amicsliceu.com\/es\/#website\",\"url\":\"https:\/\/amicsliceu.com\/es\/\",\"name\":\"Amics del Liceu\",\"description\":\"\",\"publisher\":{\"@id\":\"https:\/\/amicsliceu.com\/es\/#organization\"},\"potentialAction\":[{\"@type\":\"SearchAction\",\"target\":{\"@type\":\"EntryPoint\",\"urlTemplate\":\"https:\/\/amicsliceu.com\/es\/?s={search_term_string}\"},\"query-input\":{\"@type\":\"PropertyValueSpecification\",\"valueRequired\":true,\"valueName\":\"search_term_string\"}}],\"inLanguage\":\"es\"},{\"@type\":\"Organization\",\"@id\":\"https:\/\/amicsliceu.com\/es\/#organization\",\"name\":\"Amics del Liceu\",\"url\":\"https:\/\/amicsliceu.com\/es\/\",\"logo\":{\"@type\":\"ImageObject\",\"inLanguage\":\"es\",\"@id\":\"https:\/\/amicsliceu.com\/es\/#\/schema\/logo\/image\/\",\"url\":\"http:\/\/amicsliceu.com\/wp-content\/uploads\/2019\/03\/logo.png\",\"contentUrl\":\"http:\/\/amicsliceu.com\/wp-content\/uploads\/2019\/03\/logo.png\",\"width\":225,\"height\":92,\"caption\":\"Amics del Liceu\"},\"image\":{\"@id\":\"https:\/\/amicsliceu.com\/es\/#\/schema\/logo\/image\/\"}}]}<\/script>\n<!-- \/ Yoast SEO plugin. -->","yoast_head_json":{"title":"Enlaces de inter\u00e9s - Amics del Liceu","robots":{"index":"index","follow":"follow","max-snippet":"max-snippet:-1","max-image-preview":"max-image-preview:large","max-video-preview":"max-video-preview:-1"},"canonical":"https:\/\/amicsliceu.com\/es\/enlaces-de-interes\/","og_locale":"es_ES","og_type":"article","og_title":"Enlaces de inter\u00e9s - Amics del Liceu","og_description":"[vc_row][vc_column][vc_tta_accordion color=\u00bbblack\u00bb active_section=\u00bb1&#8243; css=\u00bb.vc_custom_1509705123359{padding-top: 3px !important;padding-right: 3px !important;padding-bottom: 3px !important;padding-left: 3px !important;background-color: #910a2b !important;}\u00bb][vc_tta_section title=\u00bbTeatres d&#8217;\u00d2pera Nacionals\u00bb tab_id=\u00bb1509705078620-71119506-12c1&#8243;][vc_column_text]BILBAO ABAO &#8211; OLBE, Asociaci\u00f3n Bilba\u00edna de Amigos de la \u00d3pera MADRID Teatro Real OVIEDO \u00d3pera de Oviedo PALMA DE MALLORCA Teatre Principal&hellip;","og_url":"https:\/\/amicsliceu.com\/es\/enlaces-de-interes\/","og_site_name":"Amics del Liceu","article_modified_time":"2018-04-04T08:34:25+00:00","twitter_card":"summary_large_image","twitter_misc":{"Tiempo de lectura":"1 minuto"},"schema":{"@context":"https:\/\/schema.org","@graph":[{"@type":"WebPage","@id":"https:\/\/amicsliceu.com\/es\/enlaces-de-interes\/","url":"https:\/\/amicsliceu.com\/es\/enlaces-de-interes\/","name":"Enlaces de inter\u00e9s - Amics del Liceu","isPartOf":{"@id":"https:\/\/amicsliceu.com\/es\/#website"},"datePublished":"2012-11-16T17:09:18+00:00","dateModified":"2018-04-04T08:34:25+00:00","breadcrumb":{"@id":"https:\/\/amicsliceu.com\/es\/enlaces-de-interes\/#breadcrumb"},"inLanguage":"es","potentialAction":[{"@type":"ReadAction","target":["https:\/\/amicsliceu.com\/es\/enlaces-de-interes\/"]}]},{"@type":"BreadcrumbList","@id":"https:\/\/amicsliceu.com\/es\/enlaces-de-interes\/#breadcrumb","itemListElement":[{"@type":"ListItem","position":1,"name":"Inicio","item":"https:\/\/amicsliceu.com\/es\/"},{"@type":"ListItem","position":2,"name":"Enlaces de inter\u00e9s"}]},{"@type":"WebSite","@id":"https:\/\/amicsliceu.com\/es\/#website","url":"https:\/\/amicsliceu.com\/es\/","name":"Amics del Liceu","description":"","publisher":{"@id":"https:\/\/amicsliceu.com\/es\/#organization"},"potentialAction":[{"@type":"SearchAction","target":{"@type":"EntryPoint","urlTemplate":"https:\/\/amicsliceu.com\/es\/?s={search_term_string}"},"query-input":{"@type":"PropertyValueSpecification","valueRequired":true,"valueName":"search_term_string"}}],"inLanguage":"es"},{"@type":"Organization","@id":"https:\/\/amicsliceu.com\/es\/#organization","name":"Amics del Liceu","url":"https:\/\/amicsliceu.com\/es\/","logo":{"@type":"ImageObject","inLanguage":"es","@id":"https:\/\/amicsliceu.com\/es\/#\/schema\/logo\/image\/","url":"http:\/\/amicsliceu.com\/wp-content\/uploads\/2019\/03\/logo.png","contentUrl":"http:\/\/amicsliceu.com\/wp-content\/uploads\/2019\/03\/logo.png","width":225,"height":92,"caption":"Amics del Liceu"},"image":{"@id":"https:\/\/amicsliceu.com\/es\/#\/schema\/logo\/image\/"}}]}},"_links":{"self":[{"href":"https:\/\/amicsliceu.com\/es\/wp-json\/wp\/v2\/pages\/4171"}],"collection":[{"href":"https:\/\/amicsliceu.com\/es\/wp-json\/wp\/v2\/pages"}],"about":[{"href":"https:\/\/amicsliceu.com\/es\/wp-json\/wp\/v2\/types\/page"}],"author":[{"embeddable":true,"href":"https:\/\/amicsliceu.com\/es\/wp-json\/wp\/v2\/users\/1"}],"replies":[{"embeddable":true,"href":"https:\/\/amicsliceu.com\/es\/wp-json\/wp\/v2\/comments?post=4171"}],"version-history":[{"count":3,"href":"https:\/\/amicsliceu.com\/es\/wp-json\/wp\/v2\/pages\/4171\/revisions"}],"predecessor-version":[{"id":4830,"href":"https:\/\/amicsliceu.com\/es\/wp-json\/wp\/v2\/pages\/4171\/revisions\/4830"}],"wp:attachment":[{"href":"https:\/\/amicsliceu.com\/es\/wp-json\/wp\/v2\/media?parent=4171"}],"curies":[{"name":"wp","href":"https:\/\/api.w.org\/{rel}","templated":true}]}}