{"id":7225,"date":"2019-03-06T22:35:09","date_gmt":"2019-03-06T22:35:09","guid":{"rendered":"http:\/\/amicsliceu.com\/critiques-operistiques\/"},"modified":"2022-07-29T11:48:23","modified_gmt":"2022-07-29T11:48:23","slug":"criticas-operisticas","status":"publish","type":"page","link":"https:\/\/amicsliceu.com\/es\/criticas-operisticas\/","title":{"rendered":"Cr\u00edticas oper\u00edsticas"},"content":{"rendered":"<section class=\"wpb-content-wrapper\">[vc_row full_width=\u00bbstretch_row\u00bb content_placement=\u00bbmiddle\u00bb equal_height=\u00bbyes\u00bb css=\u00bb.vc_custom_1543264356542{margin-bottom: 60px !important;}\u00bb][vc_column width=\u00bb1\/2&#8243;]<h1 class=\"vcex-heading vcex-module wpex-text-2xl wpex-font-normal wpex-m-auto wpex-max-w-100 vcex-heading-plain wpex-block wpex-text-left vc_custom_1604316919681 ombra\" style=\"font-family:Montserrat;font-size:21px;font-weight:400;\"><span class=\"vcex-heading-inner wpex-inline-block wpex-clr\">Cr\u00edticas oper\u00edsticas Gran Teatre del Liceu<\/span><\/h1>[vc_column_text]<strong>Temporada 2021-2022<\/strong><\/p>\n<p><a href=\"http:\/\/amicsliceu.com\/wp-content\/uploads\/2021\/10\/Clipping-24_9-27_9_compressed-1.pdf\">Cr\u00edticas <em><strong>Ariadne auf Naxos<\/strong><\/em><\/a><\/p>\n<p><a href=\"http:\/\/amicsliceu.com\/wp-content\/uploads\/2021\/11\/Clipping-War-Requiem-1_compressed.pdf\">Cr\u00edticas <strong><em>War Requiem<\/em><\/strong><\/a><\/p>\n<p><a href=\"http:\/\/amicsliceu.com\/wp-content\/uploads\/2021\/12\/Rigoletto-1_compressed-1.pdf\">Cr\u00edticas <strong><em>Rigoletto<\/em><\/strong><\/a><\/p>\n<p><a href=\"http:\/\/amicsliceu.com\/wp-content\/uploads\/2022\/03\/clipping-pelleas_compressed-3.pdf\">Cr\u00edticas <em><strong>La dama de Picas<\/strong><\/em><\/a><\/p>\n<p><a href=\"http:\/\/amicsliceu.com\/wp-content\/uploads\/2022\/03\/clipping-pelleas_compressed-3.pdf\">Cr\u00edticas<em><strong> P\u00e9lleas et M\u00e9lisande<\/strong><\/em><\/a><\/p>\n<p><a href=\"http:\/\/amicsliceu.com\/wp-content\/uploads\/2022\/05\/PR_20220420125156_compressed.pdf\">Cr\u00edticas <em><strong>Trilog\u00eda da Ponte<\/strong><\/em><\/a><\/p>\n<p><strong><a href=\"http:\/\/amicsliceu.com\/wp-content\/uploads\/2022\/07\/Wozzeck-critiques.pdf\">Cr\u00edticas <em>Wozzeck<\/em><\/a><\/strong><\/p>\n<p><strong><a href=\"http:\/\/amicsliceu.com\/wp-content\/uploads\/2022\/07\/Flauta_clipping.pdf\">Cr\u00edticas <em>La flauta m\u00e1gica<\/em><\/a><\/strong><\/p>\n<p><a href=\"http:\/\/amicsliceu.com\/wp-content\/uploads\/2022\/07\/Clipping-Norma_compressed.pdf\"><strong>Cr\u00edticas <em>Norma<\/em><\/strong><\/a>[\/vc_column_text][vc_separator css=\u00bb.vc_custom_1525892182160{margin-top: 30px !important;margin-bottom: 20px !important;}\u00bb][vc_column_text]<strong>Temporada 2020-2021<\/strong><\/p>\n<p><a href=\"http:\/\/amicsliceu.com\/wp-content\/uploads\/2020\/10\/CrA\u00adtiques-Don-Giovanni.pdf\">Cr\u00edticas <em><strong>Don Giovanni<\/strong><\/em><\/a><\/p>\n<p><a href=\"http:\/\/amicsliceu.com\/wp-content\/uploads\/2021\/03\/Clipping-Lessons_compressed-1-1.pdf\">Cr\u00edticas <strong><em>La Traviata<\/em><\/strong><\/a><\/p>\n<p><a href=\"http:\/\/amicsliceu.com\/wp-content\/uploads\/2021\/01\/Clipping-Les-Contes-d_Hoffmann_compressed-_OK.pdf\">Cr\u00edticas <strong><em>Les contes d&#8217;Hoffmann\u00a0<\/em><\/strong><\/a><\/p>\n<p>Cr\u00edticas <a href=\"http:\/\/amicsliceu.com\/wp-content\/uploads\/2021\/03\/Clipping-Lessons_compressed-1.pdf\"><strong><em>Lessons in love and violence<\/em><\/strong><\/a><\/p>\n<p><a href=\"http:\/\/amicsliceu.com\/wp-content\/uploads\/2021\/04\/Otello_compressed.pdf\">Cr\u00edticas<em><strong> Otello<\/strong><\/em><\/a><\/p>\n<p><a href=\"http:\/\/amicsliceu.com\/wp-content\/uploads\/2021\/06\/CLIPPING-LA-BOHEME_compressed-2.pdf\">Cr\u00edticas <em><strong>La Boh\u00e8me<\/strong><\/em><\/a><\/p>\n<p><a href=\"http:\/\/amicsliceu.com\/wp-content\/uploads\/2021\/07\/Clipping-Lucia_compressed.pdf\">Cr\u00edticas <strong><em>Lucia di Lammermoor<\/em><\/strong><\/a>[\/vc_column_text][vc_separator css=\u00bb.vc_custom_1525892182160{margin-top: 30px !important;margin-bottom: 20px !important;}\u00bb][vc_column_text]<strong>Temporada 2019-2020<\/strong><\/p>\n<p><a href=\"http:\/\/amicsliceu.com\/wp-content\/uploads\/2019\/10\/Cr\u00edtiques-Turandot-compressed.pdf\">Cr\u00edticas <em><strong>Turandot<\/strong><\/em><\/a><\/p>\n<p><a href=\"http:\/\/amicsliceu.com\/wp-content\/uploads\/2019\/11\/Cr\u00edtiques-Do\u00f1a-Francisquita-compressed.pdf\">Cr\u00edticas <strong><em>Do\u00f1a Francisquita<\/em><\/strong><\/a><\/p>\n<p><a href=\"http:\/\/amicsliceu.com\/wp-content\/uploads\/2019\/12\/Clipping-CavPag-Liceu-comprimido.pdf\">Cr\u00edticas <strong><em>Cavalleria Rusticana i Pagliacci<\/em><\/strong><\/a><\/p>\n<p><a href=\"http:\/\/amicsliceu.com\/wp-content\/uploads\/2020\/01\/Cr\u00edtiques-Aida-comprimido.pdf\">Cr\u00edticas <strong><em>Aida<\/em><\/strong><\/a><\/p>\n<p><a href=\"http:\/\/amicsliceu.com\/wp-content\/uploads\/2020\/02\/Cr\u00edtiques-La-clemenza-di-Tito_compressed.pdf\">Cr\u00edticas <strong><em>La Clemenza di Tito<\/em><\/strong><\/a>[\/vc_column_text][vc_separator css=\u00bb.vc_custom_1525892182160{margin-top: 30px !important;margin-bottom: 20px !important;}\u00bb][vc_column_text]<strong>Temporada 2018-2019<\/strong><\/p>\n<p><a href=\"http:\/\/amicsliceu.com\/wp-content\/uploads\/2018\/10\/Cr\u00edtiques-I-puritani-1-compressed.pdf\">Cr\u00edticas <em><strong>I Puritani<\/strong><\/em><\/a><\/p>\n<p><a href=\"http:\/\/amicsliceu.com\/wp-content\/uploads\/2018\/11\/Cr\u00edtiques-K\u00e0tia-Kab\u00e0nova-compressed.pdf\">Cr\u00edticas <em><strong>Katia Kab\u00e0nova<\/strong><\/em><\/a><\/p>\n<p><a href=\"http:\/\/amicsliceu.com\/wp-content\/uploads\/2019\/01\/Cr\u00edtiques-L___italiana-in-Algeri-compressed.pdf\">Cr\u00edticas <strong><em>L&#8217;italiana in Algeri<\/em><\/strong><\/a><\/p>\n<p><a href=\"http:\/\/amicsliceu.com\/wp-content\/uploads\/2019\/01\/Cr\u00edtiques-Madama-Butterfly-compressed.pdf\">Cr\u00edticas <strong><em>Madama Butterfly<\/em><\/strong><\/a><\/p>\n<p><a href=\"http:\/\/amicsliceu.com\/wp-content\/uploads\/2019\/02\/Clipping-L___enigma-di-Lea_k-compressed.pdf\">Cr\u00edticas <em><strong>L&#8217;enigma di Lea<\/strong><\/em><\/a><\/p>\n<p><a href=\"http:\/\/amicsliceu.com\/wp-content\/uploads\/2019\/03\/Cr\u00edtiques-Rodelinda-compressed.pdf\">Cr\u00edticas <em><strong>Rodelinda<\/strong><\/em><\/a><\/p>\n<p><a href=\"http:\/\/amicsliceu.com\/wp-content\/uploads\/2019\/04\/Cr\u00edtiques-La-Gioconda.pdf\">Cr\u00edticas <strong><em>La Gioconda<\/em><\/strong><\/a><\/p>\n<p><a href=\"http:\/\/amicsliceu.com\/wp-content\/uploads\/2019\/05\/Cr\u00edtiques-Les-p\u00eacheurs-de-perles-compressed.pdf\">Cr\u00edticas <em><strong>Los pescadores de perlas<\/strong><\/em><\/a><\/p>\n<p><a href=\"http:\/\/amicsliceu.com\/wp-content\/uploads\/2019\/06\/Cr\u00edtiques-Tosca-Liceu-compressed-1.pdf\">Cr\u00edticas <strong><em>Tosca<\/em><\/strong><\/a><\/p>\n<p><a href=\"http:\/\/amicsliceu.com\/wp-content\/uploads\/2019\/07\/Cr\u00edtiques-Luisa-Miller-Liceu-compressed.pdf\">Cr\u00edticas<em><strong> Luisa Miller<\/strong><\/em><\/a>[\/vc_column_text][vc_separator css=\u00bb.vc_custom_1525892182160{margin-top: 30px !important;margin-bottom: 20px !important;}\u00bb][vc_column_text]<strong>Temporada 2017-2018<\/strong><\/p>\n<p><a href=\"http:\/\/amicsliceu.com\/wp-content\/uploads\/2017\/09\/Cr\u00edticas-Il-viaggio-a-Reims.pdf\">Cr\u00edticas <strong><em>Il viaggio a Reims<\/em><\/strong><\/a><\/p>\n<p><a href=\"http:\/\/amicsliceu.com\/wp-content\/uploads\/2017\/10\/Cr\u00edtiques-Un-ballo-in-maschera.compressed.pdf\">Cr\u00edticas <em><strong>Un ballo in maschera<\/strong><\/em><\/a><\/p>\n<p><span style=\"color: #000000;\"><a href=\"http:\/\/amicsliceu.com\/wp-content\/uploads\/2012\/11\/Cr\u00edtiques-Tristan-und-Isolde.compressed.pdf\">Cr\u00edticas <strong><em>Tristan und Isolde<\/em><\/strong><\/a><\/span><\/p>\n<p><a href=\"http:\/\/amicsliceu.com\/wp-content\/uploads\/2018\/01\/Cr\u00edtiques-L___elisir-d___amore.pdf\">Cr\u00edticas <strong><em>L&#8217;elisir d&#8217;amore<\/em><\/strong><\/a><\/p>\n<p><a href=\"http:\/\/amicsliceu.com\/wp-content\/uploads\/2018\/02\/Clipping-Rom\u00e9o-et-Juliette.compressed.pdf\">Cr\u00edticas <em><strong>Rom\u00e9o et Juliette<\/strong><\/em><\/a><\/p>\n<p><a href=\"http:\/\/amicsliceu.com\/wp-content\/uploads\/2018\/05\/Cr\u00edtiques-Demon.pdf\">Cr\u00edticas <em><strong>Demon<\/strong><\/em><\/a><\/p>\n<p><a href=\"http:\/\/amicsliceu.com\/wp-content\/uploads\/2018\/06\/Cr\u00edtiques-Manon-Lescaut.compressed.pdf\">Cr\u00edticas <strong><em>Manon Lescaut<\/em><\/strong><\/a><\/p>\n<p><a href=\"http:\/\/amicsliceu.com\/wp-content\/uploads\/2018\/11\/Cr\u00edtiques-La-favorite-compressed.pdf\">Cr\u00edticas<em><strong> La Favorite<\/strong><\/em><\/a>[\/vc_column_text][vc_separator css=\u00bb.vc_custom_1525892182160{margin-top: 30px !important;margin-bottom: 20px !important;}\u00bb][vc_column_text]<strong>Temporada 2016-2017<\/strong><\/p>\n<p><a href=\"http:\/\/amicsliceu.com\/wp-content\/uploads\/2016\/10\/Critiques_Macbeth.pdf\">Cr\u00edtiques <em><strong>Macbeth<\/strong><\/em><\/a>[\/vc_column_text][\/vc_column][vc_column width=\u00bb1\/2&#8243; css=\u00bb.vc_custom_1525892936616{margin-top: 0px !important;margin-bottom: 0px !important;padding-top: 0px !important;padding-right: 0px !important;padding-bottom: 0px !important;padding-left: 0px !important;background-image: url(http:\/\/www.pauramirezcamps.com\/versiobeta\/wp-content\/uploads\/2017\/12\/elektra.jpg?id=4524) !important;background-position: center !important;background-repeat: no-repeat !important;background-size: cover !important;}\u00bb][\/vc_column][\/vc_row]\n<\/section>","protected":false},"excerpt":{"rendered":"<p>[vc_row full_width=\u00bbstretch_row\u00bb content_placement=\u00bbmiddle\u00bb equal_height=\u00bbyes\u00bb css=\u00bb.vc_custom_1543264356542{margin-bottom: 60px !important;}\u00bb][vc_column width=\u00bb1\/2&#8243;][vc_column_text]Temporada 2021-2022 Cr\u00edticas Ariadne auf Naxos Cr\u00edticas War Requiem Cr\u00edticas Rigoletto Cr\u00edticas La dama de Picas Cr\u00edticas P\u00e9lleas et M\u00e9lisande Cr\u00edticas Trilog\u00eda da Ponte Cr\u00edticas Wozzeck Cr\u00edticas La flauta m\u00e1gica Cr\u00edticas Norma[\/vc_column_text][vc_separator css=\u00bb.vc_custom_1525892182160{margin-top:&hellip;<\/p>\n","protected":false},"author":1,"featured_media":0,"parent":0,"menu_order":0,"comment_status":"closed","ping_status":"closed","template":"","meta":{"footnotes":""},"class_list":["post-7225","page","type-page","status-publish","hentry","entry","no-media"],"yoast_head":"<!-- This site is optimized with the Yoast SEO plugin v23.9 - https:\/\/yoast.com\/wordpress\/plugins\/seo\/ -->\n<title>Cr\u00edticas oper\u00edsticas - Amics del Liceu<\/title>\n<meta name=\"robots\" content=\"index, follow, max-snippet:-1, max-image-preview:large, max-video-preview:-1\" \/>\n<link rel=\"canonical\" href=\"https:\/\/amicsliceu.com\/es\/criticas-operisticas\/\" \/>\n<meta property=\"og:locale\" content=\"es_ES\" \/>\n<meta property=\"og:type\" content=\"article\" \/>\n<meta property=\"og:title\" content=\"Cr\u00edticas oper\u00edsticas - Amics del Liceu\" \/>\n<meta property=\"og:description\" content=\"[vc_row full_width=\u00bbstretch_row\u00bb content_placement=\u00bbmiddle\u00bb equal_height=\u00bbyes\u00bb css=\u00bb.vc_custom_1543264356542{margin-bottom: 60px !important;}\u00bb][vc_column width=\u00bb1\/2&#8243;][vc_column_text]Temporada 2021-2022 Cr\u00edticas Ariadne auf Naxos Cr\u00edticas War Requiem Cr\u00edticas Rigoletto Cr\u00edticas La dama de Picas Cr\u00edticas P\u00e9lleas et M\u00e9lisande Cr\u00edticas Trilog\u00eda da Ponte Cr\u00edticas Wozzeck Cr\u00edticas La flauta m\u00e1gica Cr\u00edticas Norma[\/vc_column_text][vc_separator css=\u00bb.vc_custom_1525892182160{margin-top:&hellip;\" \/>\n<meta property=\"og:url\" content=\"https:\/\/amicsliceu.com\/es\/criticas-operisticas\/\" \/>\n<meta property=\"og:site_name\" content=\"Amics del Liceu\" \/>\n<meta property=\"article:modified_time\" content=\"2022-07-29T11:48:23+00:00\" \/>\n<meta name=\"twitter:card\" content=\"summary_large_image\" \/>\n<meta name=\"twitter:label1\" content=\"Tiempo de lectura\" \/>\n\t<meta name=\"twitter:data1\" content=\"2 minutos\" \/>\n<script type=\"application\/ld+json\" class=\"yoast-schema-graph\">{\"@context\":\"https:\/\/schema.org\",\"@graph\":[{\"@type\":\"WebPage\",\"@id\":\"https:\/\/amicsliceu.com\/es\/criticas-operisticas\/\",\"url\":\"https:\/\/amicsliceu.com\/es\/criticas-operisticas\/\",\"name\":\"Cr\u00edticas oper\u00edsticas - Amics del Liceu\",\"isPartOf\":{\"@id\":\"https:\/\/amicsliceu.com\/es\/#website\"},\"datePublished\":\"2019-03-06T22:35:09+00:00\",\"dateModified\":\"2022-07-29T11:48:23+00:00\",\"breadcrumb\":{\"@id\":\"https:\/\/amicsliceu.com\/es\/criticas-operisticas\/#breadcrumb\"},\"inLanguage\":\"es\",\"potentialAction\":[{\"@type\":\"ReadAction\",\"target\":[\"https:\/\/amicsliceu.com\/es\/criticas-operisticas\/\"]}]},{\"@type\":\"BreadcrumbList\",\"@id\":\"https:\/\/amicsliceu.com\/es\/criticas-operisticas\/#breadcrumb\",\"itemListElement\":[{\"@type\":\"ListItem\",\"position\":1,\"name\":\"Inicio\",\"item\":\"https:\/\/amicsliceu.com\/es\/\"},{\"@type\":\"ListItem\",\"position\":2,\"name\":\"Cr\u00edticas oper\u00edsticas\"}]},{\"@type\":\"WebSite\",\"@id\":\"https:\/\/amicsliceu.com\/es\/#website\",\"url\":\"https:\/\/amicsliceu.com\/es\/\",\"name\":\"Amics del Liceu\",\"description\":\"\",\"publisher\":{\"@id\":\"https:\/\/amicsliceu.com\/es\/#organization\"},\"potentialAction\":[{\"@type\":\"SearchAction\",\"target\":{\"@type\":\"EntryPoint\",\"urlTemplate\":\"https:\/\/amicsliceu.com\/es\/?s={search_term_string}\"},\"query-input\":{\"@type\":\"PropertyValueSpecification\",\"valueRequired\":true,\"valueName\":\"search_term_string\"}}],\"inLanguage\":\"es\"},{\"@type\":\"Organization\",\"@id\":\"https:\/\/amicsliceu.com\/es\/#organization\",\"name\":\"Amics del Liceu\",\"url\":\"https:\/\/amicsliceu.com\/es\/\",\"logo\":{\"@type\":\"ImageObject\",\"inLanguage\":\"es\",\"@id\":\"https:\/\/amicsliceu.com\/es\/#\/schema\/logo\/image\/\",\"url\":\"http:\/\/amicsliceu.com\/wp-content\/uploads\/2019\/03\/logo.png\",\"contentUrl\":\"http:\/\/amicsliceu.com\/wp-content\/uploads\/2019\/03\/logo.png\",\"width\":225,\"height\":92,\"caption\":\"Amics del Liceu\"},\"image\":{\"@id\":\"https:\/\/amicsliceu.com\/es\/#\/schema\/logo\/image\/\"}}]}<\/script>\n<!-- \/ Yoast SEO plugin. -->","yoast_head_json":{"title":"Cr\u00edticas oper\u00edsticas - Amics del Liceu","robots":{"index":"index","follow":"follow","max-snippet":"max-snippet:-1","max-image-preview":"max-image-preview:large","max-video-preview":"max-video-preview:-1"},"canonical":"https:\/\/amicsliceu.com\/es\/criticas-operisticas\/","og_locale":"es_ES","og_type":"article","og_title":"Cr\u00edticas oper\u00edsticas - Amics del Liceu","og_description":"[vc_row full_width=\u00bbstretch_row\u00bb content_placement=\u00bbmiddle\u00bb equal_height=\u00bbyes\u00bb css=\u00bb.vc_custom_1543264356542{margin-bottom: 60px !important;}\u00bb][vc_column width=\u00bb1\/2&#8243;][vc_column_text]Temporada 2021-2022 Cr\u00edticas Ariadne auf Naxos Cr\u00edticas War Requiem Cr\u00edticas Rigoletto Cr\u00edticas La dama de Picas Cr\u00edticas P\u00e9lleas et M\u00e9lisande Cr\u00edticas Trilog\u00eda da Ponte Cr\u00edticas Wozzeck Cr\u00edticas La flauta m\u00e1gica Cr\u00edticas Norma[\/vc_column_text][vc_separator css=\u00bb.vc_custom_1525892182160{margin-top:&hellip;","og_url":"https:\/\/amicsliceu.com\/es\/criticas-operisticas\/","og_site_name":"Amics del Liceu","article_modified_time":"2022-07-29T11:48:23+00:00","twitter_card":"summary_large_image","twitter_misc":{"Tiempo de lectura":"2 minutos"},"schema":{"@context":"https:\/\/schema.org","@graph":[{"@type":"WebPage","@id":"https:\/\/amicsliceu.com\/es\/criticas-operisticas\/","url":"https:\/\/amicsliceu.com\/es\/criticas-operisticas\/","name":"Cr\u00edticas oper\u00edsticas - Amics del Liceu","isPartOf":{"@id":"https:\/\/amicsliceu.com\/es\/#website"},"datePublished":"2019-03-06T22:35:09+00:00","dateModified":"2022-07-29T11:48:23+00:00","breadcrumb":{"@id":"https:\/\/amicsliceu.com\/es\/criticas-operisticas\/#breadcrumb"},"inLanguage":"es","potentialAction":[{"@type":"ReadAction","target":["https:\/\/amicsliceu.com\/es\/criticas-operisticas\/"]}]},{"@type":"BreadcrumbList","@id":"https:\/\/amicsliceu.com\/es\/criticas-operisticas\/#breadcrumb","itemListElement":[{"@type":"ListItem","position":1,"name":"Inicio","item":"https:\/\/amicsliceu.com\/es\/"},{"@type":"ListItem","position":2,"name":"Cr\u00edticas oper\u00edsticas"}]},{"@type":"WebSite","@id":"https:\/\/amicsliceu.com\/es\/#website","url":"https:\/\/amicsliceu.com\/es\/","name":"Amics del Liceu","description":"","publisher":{"@id":"https:\/\/amicsliceu.com\/es\/#organization"},"potentialAction":[{"@type":"SearchAction","target":{"@type":"EntryPoint","urlTemplate":"https:\/\/amicsliceu.com\/es\/?s={search_term_string}"},"query-input":{"@type":"PropertyValueSpecification","valueRequired":true,"valueName":"search_term_string"}}],"inLanguage":"es"},{"@type":"Organization","@id":"https:\/\/amicsliceu.com\/es\/#organization","name":"Amics del Liceu","url":"https:\/\/amicsliceu.com\/es\/","logo":{"@type":"ImageObject","inLanguage":"es","@id":"https:\/\/amicsliceu.com\/es\/#\/schema\/logo\/image\/","url":"http:\/\/amicsliceu.com\/wp-content\/uploads\/2019\/03\/logo.png","contentUrl":"http:\/\/amicsliceu.com\/wp-content\/uploads\/2019\/03\/logo.png","width":225,"height":92,"caption":"Amics del Liceu"},"image":{"@id":"https:\/\/amicsliceu.com\/es\/#\/schema\/logo\/image\/"}}]}},"_links":{"self":[{"href":"https:\/\/amicsliceu.com\/es\/wp-json\/wp\/v2\/pages\/7225"}],"collection":[{"href":"https:\/\/amicsliceu.com\/es\/wp-json\/wp\/v2\/pages"}],"about":[{"href":"https:\/\/amicsliceu.com\/es\/wp-json\/wp\/v2\/types\/page"}],"author":[{"embeddable":true,"href":"https:\/\/amicsliceu.com\/es\/wp-json\/wp\/v2\/users\/1"}],"replies":[{"embeddable":true,"href":"https:\/\/amicsliceu.com\/es\/wp-json\/wp\/v2\/comments?post=7225"}],"version-history":[{"count":34,"href":"https:\/\/amicsliceu.com\/es\/wp-json\/wp\/v2\/pages\/7225\/revisions"}],"predecessor-version":[{"id":14072,"href":"https:\/\/amicsliceu.com\/es\/wp-json\/wp\/v2\/pages\/7225\/revisions\/14072"}],"wp:attachment":[{"href":"https:\/\/amicsliceu.com\/es\/wp-json\/wp\/v2\/media?parent=7225"}],"curies":[{"name":"wp","href":"https:\/\/api.w.org\/{rel}","templated":true}]}}