{"id":10434,"date":"2020-12-02T22:37:02","date_gmt":"2020-12-02T22:37:02","guid":{"rendered":"http:\/\/amicsliceu.com\/producte\/10434\/"},"modified":"2020-12-02T22:37:02","modified_gmt":"2020-12-02T22:37:02","slug":"10434","status":"publish","type":"product","link":"https:\/\/amicsliceu.com\/es\/producto\/10434\/","title":{"rendered":""},"content":{"rendered":null,"protected":false},"excerpt":{"rendered":"<p>Disfruta de este magn\u00edfico documental dirigido por Ricardo \u00cdscar, que nos acerca a las biograf\u00edas de los m\u00fasicos del Liceo, descubriendo todo aquello que se esconde en la \u00faltima de la orquesta.<\/p>\n<p>Un DVD galardonado con el Premio del Jurado en el Festival de Cine de M\u00e1laga.<\/p>\n<p><strong>Duraci\u00f3n:<\/strong> 110 min.<br \/>\n<strong>A\u00f1o de publicaci\u00f3n:<\/strong> 2012<\/p>\n","protected":false},"featured_media":10253,"template":"","meta":[],"product_cat":[126],"product_tag":[],"class_list":["post-10434","product","type-product","status-publish","has-post-thumbnail","hentry","product_cat-multimedia-es","entry","has-media"],"yoast_head":"<!-- This site is optimized with the Yoast SEO plugin v23.9 - https:\/\/yoast.com\/wordpress\/plugins\/seo\/ -->\n<title>- Amics del Liceu<\/title>\n<meta name=\"robots\" content=\"index, follow, max-snippet:-1, max-image-preview:large, max-video-preview:-1\" \/>\n<link rel=\"canonical\" href=\"https:\/\/amicsliceu.com\/es\/producto\/10434\/\" \/>\n<meta property=\"og:locale\" content=\"es_ES\" \/>\n<meta property=\"og:type\" content=\"article\" \/>\n<meta property=\"og:title\" content=\"- Amics del Liceu\" \/>\n<meta property=\"og:description\" content=\"Disfruta de este magn\u00edfico documental dirigido por Ricardo \u00cdscar, que nos acerca a las biograf\u00edas de los m\u00fasicos del Liceo, descubriendo todo aquello que se esconde en la \u00faltima de la orquesta. Un DVD galardonado con el Premio del Jurado en el Festival de Cine de M\u00e1laga. Duraci\u00f3n: 110 min. A\u00f1o de publicaci\u00f3n: 2012\" \/>\n<meta property=\"og:url\" content=\"https:\/\/amicsliceu.com\/es\/producto\/10434\/\" \/>\n<meta property=\"og:site_name\" content=\"Amics del Liceu\" \/>\n<meta property=\"og:image\" content=\"https:\/\/amicsliceu.com\/wp-content\/uploads\/2020\/12\/al_fossat_el_foso-1.jpg\" \/>\n\t<meta property=\"og:image:width\" content=\"700\" \/>\n\t<meta property=\"og:image:height\" content=\"700\" \/>\n\t<meta property=\"og:image:type\" content=\"image\/jpeg\" \/>\n<meta name=\"twitter:card\" content=\"summary_large_image\" \/>\n<script type=\"application\/ld+json\" class=\"yoast-schema-graph\">{\"@context\":\"https:\/\/schema.org\",\"@graph\":[{\"@type\":\"WebPage\",\"@id\":\"https:\/\/amicsliceu.com\/es\/producto\/10434\/\",\"url\":\"https:\/\/amicsliceu.com\/es\/producto\/10434\/\",\"name\":\"- Amics del Liceu\",\"isPartOf\":{\"@id\":\"https:\/\/amicsliceu.com\/es\/#website\"},\"primaryImageOfPage\":{\"@id\":\"https:\/\/amicsliceu.com\/es\/producto\/10434\/#primaryimage\"},\"image\":{\"@id\":\"https:\/\/amicsliceu.com\/es\/producto\/10434\/#primaryimage\"},\"thumbnailUrl\":\"https:\/\/amicsliceu.com\/wp-content\/uploads\/2020\/12\/al_fossat_el_foso-1.jpg\",\"datePublished\":\"2020-12-02T22:37:02+00:00\",\"dateModified\":\"2020-12-02T22:37:02+00:00\",\"breadcrumb\":{\"@id\":\"https:\/\/amicsliceu.com\/es\/producto\/10434\/#breadcrumb\"},\"inLanguage\":\"es\",\"potentialAction\":[{\"@type\":\"ReadAction\",\"target\":[\"https:\/\/amicsliceu.com\/es\/producto\/10434\/\"]}]},{\"@type\":\"ImageObject\",\"inLanguage\":\"es\",\"@id\":\"https:\/\/amicsliceu.com\/es\/producto\/10434\/#primaryimage\",\"url\":\"https:\/\/amicsliceu.com\/wp-content\/uploads\/2020\/12\/al_fossat_el_foso-1.jpg\",\"contentUrl\":\"https:\/\/amicsliceu.com\/wp-content\/uploads\/2020\/12\/al_fossat_el_foso-1.jpg\",\"width\":700,\"height\":700},{\"@type\":\"BreadcrumbList\",\"@id\":\"https:\/\/amicsliceu.com\/es\/producto\/10434\/#breadcrumb\",\"itemListElement\":[{\"@type\":\"ListItem\",\"position\":1,\"name\":\"Inicio\",\"item\":\"https:\/\/amicsliceu.com\/es\/\"},{\"@type\":\"ListItem\",\"position\":2,\"name\":\"Tienda\",\"item\":\"https:\/\/amicsliceu.com\/es\/tienda\/\"}]},{\"@type\":\"WebSite\",\"@id\":\"https:\/\/amicsliceu.com\/es\/#website\",\"url\":\"https:\/\/amicsliceu.com\/es\/\",\"name\":\"Amics del Liceu\",\"description\":\"\",\"publisher\":{\"@id\":\"https:\/\/amicsliceu.com\/es\/#organization\"},\"potentialAction\":[{\"@type\":\"SearchAction\",\"target\":{\"@type\":\"EntryPoint\",\"urlTemplate\":\"https:\/\/amicsliceu.com\/es\/?s={search_term_string}\"},\"query-input\":{\"@type\":\"PropertyValueSpecification\",\"valueRequired\":true,\"valueName\":\"search_term_string\"}}],\"inLanguage\":\"es\"},{\"@type\":\"Organization\",\"@id\":\"https:\/\/amicsliceu.com\/es\/#organization\",\"name\":\"Amics del Liceu\",\"url\":\"https:\/\/amicsliceu.com\/es\/\",\"logo\":{\"@type\":\"ImageObject\",\"inLanguage\":\"es\",\"@id\":\"https:\/\/amicsliceu.com\/es\/#\/schema\/logo\/image\/\",\"url\":\"http:\/\/amicsliceu.com\/wp-content\/uploads\/2019\/03\/logo.png\",\"contentUrl\":\"http:\/\/amicsliceu.com\/wp-content\/uploads\/2019\/03\/logo.png\",\"width\":225,\"height\":92,\"caption\":\"Amics del Liceu\"},\"image\":{\"@id\":\"https:\/\/amicsliceu.com\/es\/#\/schema\/logo\/image\/\"}}]}<\/script>\n<!-- \/ Yoast SEO plugin. -->","yoast_head_json":{"title":"- Amics del Liceu","robots":{"index":"index","follow":"follow","max-snippet":"max-snippet:-1","max-image-preview":"max-image-preview:large","max-video-preview":"max-video-preview:-1"},"canonical":"https:\/\/amicsliceu.com\/es\/producto\/10434\/","og_locale":"es_ES","og_type":"article","og_title":"- Amics del Liceu","og_description":"Disfruta de este magn\u00edfico documental dirigido por Ricardo \u00cdscar, que nos acerca a las biograf\u00edas de los m\u00fasicos del Liceo, descubriendo todo aquello que se esconde en la \u00faltima de la orquesta. Un DVD galardonado con el Premio del Jurado en el Festival de Cine de M\u00e1laga. Duraci\u00f3n: 110 min. A\u00f1o de publicaci\u00f3n: 2012","og_url":"https:\/\/amicsliceu.com\/es\/producto\/10434\/","og_site_name":"Amics del Liceu","og_image":[{"width":700,"height":700,"url":"https:\/\/amicsliceu.com\/wp-content\/uploads\/2020\/12\/al_fossat_el_foso-1.jpg","type":"image\/jpeg"}],"twitter_card":"summary_large_image","schema":{"@context":"https:\/\/schema.org","@graph":[{"@type":"WebPage","@id":"https:\/\/amicsliceu.com\/es\/producto\/10434\/","url":"https:\/\/amicsliceu.com\/es\/producto\/10434\/","name":"- Amics del Liceu","isPartOf":{"@id":"https:\/\/amicsliceu.com\/es\/#website"},"primaryImageOfPage":{"@id":"https:\/\/amicsliceu.com\/es\/producto\/10434\/#primaryimage"},"image":{"@id":"https:\/\/amicsliceu.com\/es\/producto\/10434\/#primaryimage"},"thumbnailUrl":"https:\/\/amicsliceu.com\/wp-content\/uploads\/2020\/12\/al_fossat_el_foso-1.jpg","datePublished":"2020-12-02T22:37:02+00:00","dateModified":"2020-12-02T22:37:02+00:00","breadcrumb":{"@id":"https:\/\/amicsliceu.com\/es\/producto\/10434\/#breadcrumb"},"inLanguage":"es","potentialAction":[{"@type":"ReadAction","target":["https:\/\/amicsliceu.com\/es\/producto\/10434\/"]}]},{"@type":"ImageObject","inLanguage":"es","@id":"https:\/\/amicsliceu.com\/es\/producto\/10434\/#primaryimage","url":"https:\/\/amicsliceu.com\/wp-content\/uploads\/2020\/12\/al_fossat_el_foso-1.jpg","contentUrl":"https:\/\/amicsliceu.com\/wp-content\/uploads\/2020\/12\/al_fossat_el_foso-1.jpg","width":700,"height":700},{"@type":"BreadcrumbList","@id":"https:\/\/amicsliceu.com\/es\/producto\/10434\/#breadcrumb","itemListElement":[{"@type":"ListItem","position":1,"name":"Inicio","item":"https:\/\/amicsliceu.com\/es\/"},{"@type":"ListItem","position":2,"name":"Tienda","item":"https:\/\/amicsliceu.com\/es\/tienda\/"}]},{"@type":"WebSite","@id":"https:\/\/amicsliceu.com\/es\/#website","url":"https:\/\/amicsliceu.com\/es\/","name":"Amics del Liceu","description":"","publisher":{"@id":"https:\/\/amicsliceu.com\/es\/#organization"},"potentialAction":[{"@type":"SearchAction","target":{"@type":"EntryPoint","urlTemplate":"https:\/\/amicsliceu.com\/es\/?s={search_term_string}"},"query-input":{"@type":"PropertyValueSpecification","valueRequired":true,"valueName":"search_term_string"}}],"inLanguage":"es"},{"@type":"Organization","@id":"https:\/\/amicsliceu.com\/es\/#organization","name":"Amics del Liceu","url":"https:\/\/amicsliceu.com\/es\/","logo":{"@type":"ImageObject","inLanguage":"es","@id":"https:\/\/amicsliceu.com\/es\/#\/schema\/logo\/image\/","url":"http:\/\/amicsliceu.com\/wp-content\/uploads\/2019\/03\/logo.png","contentUrl":"http:\/\/amicsliceu.com\/wp-content\/uploads\/2019\/03\/logo.png","width":225,"height":92,"caption":"Amics del Liceu"},"image":{"@id":"https:\/\/amicsliceu.com\/es\/#\/schema\/logo\/image\/"}}]}},"_links":{"self":[{"href":"https:\/\/amicsliceu.com\/es\/wp-json\/wp\/v2\/product\/10434"}],"collection":[{"href":"https:\/\/amicsliceu.com\/es\/wp-json\/wp\/v2\/product"}],"about":[{"href":"https:\/\/amicsliceu.com\/es\/wp-json\/wp\/v2\/types\/product"}],"wp:featuredmedia":[{"embeddable":true,"href":"https:\/\/amicsliceu.com\/es\/wp-json\/wp\/v2\/media\/10253"}],"wp:attachment":[{"href":"https:\/\/amicsliceu.com\/es\/wp-json\/wp\/v2\/media?parent=10434"}],"wp:term":[{"taxonomy":"product_cat","embeddable":true,"href":"https:\/\/amicsliceu.com\/es\/wp-json\/wp\/v2\/product_cat?post=10434"},{"taxonomy":"product_tag","embeddable":true,"href":"https:\/\/amicsliceu.com\/es\/wp-json\/wp\/v2\/product_tag?post=10434"}],"curies":[{"name":"wp","href":"https:\/\/api.w.org\/{rel}","templated":true}]}}