{"id":10435,"date":"2020-12-02T22:13:59","date_gmt":"2020-12-02T22:13:59","guid":{"rendered":"http:\/\/amicsliceu.com\/producte\/libro-temporada-2020-2021\/"},"modified":"2020-12-02T22:13:59","modified_gmt":"2020-12-02T22:13:59","slug":"libro-temporada-2020-2021","status":"publish","type":"product","link":"https:\/\/amicsliceu.com\/es\/producto\/libro-temporada-2020-2021\/","title":{"rendered":"Libro Temporada 2020-2021"},"content":{"rendered":null,"protected":false},"excerpt":{"rendered":"<p><em>Temporada de \u00f3pera<\/em> naci\u00f3 como herramienta de preparaci\u00f3n para asistir a las representaciones del Liceo y como un camino para la renovaci\u00f3n de la iconograf\u00eda oper\u00edstica con artistas contempor\u00e1neos. Cada a\u00f1o la Asociaci\u00f3n invita grandes personalidades escritores, pol\u00edticos, intelectuales, etc.- a presentar las \u00f3peras programadas por el Gran Teatre del Liceu con la intenci\u00f3n de mostrar visiones ins\u00f3litas y, al mismo tiempo, poner de manifiesto que son muchos y muy diversos los que aman el arte de la \u00f3pera.<\/p>\n<p>Creado por Amigos del Liceo en 1991, esta publicaci\u00f3n llega este a\u00f1o a su 29\u00aa edici\u00f3n. En esta ocasi\u00f3n, ha invitado a <strong>Josep Riera i Arag\u00f3<\/strong> a acercar su visi\u00f3n de la l\u00edrica a los socios, aficionados y lectores en general. En cuanto a los textos, <strong>Pau Gasol, Irene Sol\u00e0\u00a0<\/strong>o<strong>\u00a0Gerard Quintana<\/strong>, entre otros, aportan una voz personal, junto al an\u00e1lisis de acad\u00e9micos y especialistas internacionales. La exposici\u00f3n de los originales del multidisciplinar creador barcelon\u00e9s se podr\u00e1 ver durante el mes de diciembre en el Balc\u00f3 Foyer del Liceu.<\/p>\n","protected":false},"featured_media":10261,"template":"","meta":[],"product_cat":[127],"product_tag":[],"class_list":["post-10435","product","type-product","status-publish","has-post-thumbnail","hentry","product_cat-libros-temporada","entry","has-media"],"yoast_head":"<!-- This site is optimized with the Yoast SEO plugin v23.9 - https:\/\/yoast.com\/wordpress\/plugins\/seo\/ -->\n<title>Libro Temporada 2020-2021 - Amics del Liceu<\/title>\n<meta name=\"robots\" content=\"index, follow, max-snippet:-1, max-image-preview:large, max-video-preview:-1\" \/>\n<link rel=\"canonical\" href=\"https:\/\/amicsliceu.com\/es\/producto\/libro-temporada-2020-2021\/\" \/>\n<meta property=\"og:locale\" content=\"es_ES\" \/>\n<meta property=\"og:type\" content=\"article\" \/>\n<meta property=\"og:title\" content=\"Libro Temporada 2020-2021 - Amics del Liceu\" \/>\n<meta property=\"og:description\" content=\"Temporada de \u00f3pera naci\u00f3 como herramienta de preparaci\u00f3n para asistir a las representaciones del Liceo y como un camino para la renovaci\u00f3n de la iconograf\u00eda oper\u00edstica con artistas contempor\u00e1neos. Cada a\u00f1o la Asociaci\u00f3n invita grandes personalidades escritores, pol\u00edticos, intelectuales, etc.- a presentar las \u00f3peras programadas por el Gran Teatre del Liceu con la intenci\u00f3n de mostrar visiones ins\u00f3litas y, al mismo tiempo, poner de manifiesto que son muchos y muy diversos los que aman el arte de la \u00f3pera. Creado por Amigos del Liceo en 1991, esta publicaci\u00f3n llega este a\u00f1o a su 29\u00aa edici\u00f3n. En esta ocasi\u00f3n, ha invitado a Josep Riera i Arag\u00f3 a acercar su visi\u00f3n de la l\u00edrica a los socios, aficionados y lectores en general. En cuanto a los textos, Pau Gasol, Irene Sol\u00e0\u00a0o\u00a0Gerard Quintana, entre otros, aportan una voz personal, junto al an\u00e1lisis de acad\u00e9micos y especialistas internacionales. La exposici\u00f3n de los originales del multidisciplinar creador barcelon\u00e9s se podr\u00e1 ver durante el mes de diciembre en el Balc\u00f3 Foyer del Liceu.\" \/>\n<meta property=\"og:url\" content=\"https:\/\/amicsliceu.com\/es\/producto\/libro-temporada-2020-2021\/\" \/>\n<meta property=\"og:site_name\" content=\"Amics del Liceu\" \/>\n<meta property=\"og:image\" content=\"https:\/\/amicsliceu.com\/wp-content\/uploads\/2020\/12\/Portada-Temp-Opera-20-21-1.jpg\" \/>\n\t<meta property=\"og:image:width\" content=\"700\" \/>\n\t<meta property=\"og:image:height\" content=\"700\" \/>\n\t<meta property=\"og:image:type\" content=\"image\/jpeg\" \/>\n<meta name=\"twitter:card\" content=\"summary_large_image\" \/>\n<script type=\"application\/ld+json\" class=\"yoast-schema-graph\">{\"@context\":\"https:\/\/schema.org\",\"@graph\":[{\"@type\":\"WebPage\",\"@id\":\"https:\/\/amicsliceu.com\/es\/producto\/libro-temporada-2020-2021\/\",\"url\":\"https:\/\/amicsliceu.com\/es\/producto\/libro-temporada-2020-2021\/\",\"name\":\"Libro Temporada 2020-2021 - Amics del Liceu\",\"isPartOf\":{\"@id\":\"https:\/\/amicsliceu.com\/es\/#website\"},\"primaryImageOfPage\":{\"@id\":\"https:\/\/amicsliceu.com\/es\/producto\/libro-temporada-2020-2021\/#primaryimage\"},\"image\":{\"@id\":\"https:\/\/amicsliceu.com\/es\/producto\/libro-temporada-2020-2021\/#primaryimage\"},\"thumbnailUrl\":\"https:\/\/amicsliceu.com\/wp-content\/uploads\/2020\/12\/Portada-Temp-Opera-20-21-1.jpg\",\"datePublished\":\"2020-12-02T22:13:59+00:00\",\"dateModified\":\"2020-12-02T22:13:59+00:00\",\"breadcrumb\":{\"@id\":\"https:\/\/amicsliceu.com\/es\/producto\/libro-temporada-2020-2021\/#breadcrumb\"},\"inLanguage\":\"es\",\"potentialAction\":[{\"@type\":\"ReadAction\",\"target\":[\"https:\/\/amicsliceu.com\/es\/producto\/libro-temporada-2020-2021\/\"]}]},{\"@type\":\"ImageObject\",\"inLanguage\":\"es\",\"@id\":\"https:\/\/amicsliceu.com\/es\/producto\/libro-temporada-2020-2021\/#primaryimage\",\"url\":\"https:\/\/amicsliceu.com\/wp-content\/uploads\/2020\/12\/Portada-Temp-Opera-20-21-1.jpg\",\"contentUrl\":\"https:\/\/amicsliceu.com\/wp-content\/uploads\/2020\/12\/Portada-Temp-Opera-20-21-1.jpg\",\"width\":700,\"height\":700},{\"@type\":\"BreadcrumbList\",\"@id\":\"https:\/\/amicsliceu.com\/es\/producto\/libro-temporada-2020-2021\/#breadcrumb\",\"itemListElement\":[{\"@type\":\"ListItem\",\"position\":1,\"name\":\"Inicio\",\"item\":\"https:\/\/amicsliceu.com\/es\/\"},{\"@type\":\"ListItem\",\"position\":2,\"name\":\"Tienda\",\"item\":\"https:\/\/amicsliceu.com\/es\/tienda\/\"},{\"@type\":\"ListItem\",\"position\":3,\"name\":\"Libro Temporada 2020-2021\"}]},{\"@type\":\"WebSite\",\"@id\":\"https:\/\/amicsliceu.com\/es\/#website\",\"url\":\"https:\/\/amicsliceu.com\/es\/\",\"name\":\"Amics del Liceu\",\"description\":\"\",\"publisher\":{\"@id\":\"https:\/\/amicsliceu.com\/es\/#organization\"},\"potentialAction\":[{\"@type\":\"SearchAction\",\"target\":{\"@type\":\"EntryPoint\",\"urlTemplate\":\"https:\/\/amicsliceu.com\/es\/?s={search_term_string}\"},\"query-input\":{\"@type\":\"PropertyValueSpecification\",\"valueRequired\":true,\"valueName\":\"search_term_string\"}}],\"inLanguage\":\"es\"},{\"@type\":\"Organization\",\"@id\":\"https:\/\/amicsliceu.com\/es\/#organization\",\"name\":\"Amics del Liceu\",\"url\":\"https:\/\/amicsliceu.com\/es\/\",\"logo\":{\"@type\":\"ImageObject\",\"inLanguage\":\"es\",\"@id\":\"https:\/\/amicsliceu.com\/es\/#\/schema\/logo\/image\/\",\"url\":\"http:\/\/amicsliceu.com\/wp-content\/uploads\/2019\/03\/logo.png\",\"contentUrl\":\"http:\/\/amicsliceu.com\/wp-content\/uploads\/2019\/03\/logo.png\",\"width\":225,\"height\":92,\"caption\":\"Amics del Liceu\"},\"image\":{\"@id\":\"https:\/\/amicsliceu.com\/es\/#\/schema\/logo\/image\/\"}}]}<\/script>\n<!-- \/ Yoast SEO plugin. -->","yoast_head_json":{"title":"Libro Temporada 2020-2021 - Amics del Liceu","robots":{"index":"index","follow":"follow","max-snippet":"max-snippet:-1","max-image-preview":"max-image-preview:large","max-video-preview":"max-video-preview:-1"},"canonical":"https:\/\/amicsliceu.com\/es\/producto\/libro-temporada-2020-2021\/","og_locale":"es_ES","og_type":"article","og_title":"Libro Temporada 2020-2021 - Amics del Liceu","og_description":"Temporada de \u00f3pera naci\u00f3 como herramienta de preparaci\u00f3n para asistir a las representaciones del Liceo y como un camino para la renovaci\u00f3n de la iconograf\u00eda oper\u00edstica con artistas contempor\u00e1neos. Cada a\u00f1o la Asociaci\u00f3n invita grandes personalidades escritores, pol\u00edticos, intelectuales, etc.- a presentar las \u00f3peras programadas por el Gran Teatre del Liceu con la intenci\u00f3n de mostrar visiones ins\u00f3litas y, al mismo tiempo, poner de manifiesto que son muchos y muy diversos los que aman el arte de la \u00f3pera. Creado por Amigos del Liceo en 1991, esta publicaci\u00f3n llega este a\u00f1o a su 29\u00aa edici\u00f3n. En esta ocasi\u00f3n, ha invitado a Josep Riera i Arag\u00f3 a acercar su visi\u00f3n de la l\u00edrica a los socios, aficionados y lectores en general. En cuanto a los textos, Pau Gasol, Irene Sol\u00e0\u00a0o\u00a0Gerard Quintana, entre otros, aportan una voz personal, junto al an\u00e1lisis de acad\u00e9micos y especialistas internacionales. La exposici\u00f3n de los originales del multidisciplinar creador barcelon\u00e9s se podr\u00e1 ver durante el mes de diciembre en el Balc\u00f3 Foyer del Liceu.","og_url":"https:\/\/amicsliceu.com\/es\/producto\/libro-temporada-2020-2021\/","og_site_name":"Amics del Liceu","og_image":[{"width":700,"height":700,"url":"https:\/\/amicsliceu.com\/wp-content\/uploads\/2020\/12\/Portada-Temp-Opera-20-21-1.jpg","type":"image\/jpeg"}],"twitter_card":"summary_large_image","schema":{"@context":"https:\/\/schema.org","@graph":[{"@type":"WebPage","@id":"https:\/\/amicsliceu.com\/es\/producto\/libro-temporada-2020-2021\/","url":"https:\/\/amicsliceu.com\/es\/producto\/libro-temporada-2020-2021\/","name":"Libro Temporada 2020-2021 - Amics del Liceu","isPartOf":{"@id":"https:\/\/amicsliceu.com\/es\/#website"},"primaryImageOfPage":{"@id":"https:\/\/amicsliceu.com\/es\/producto\/libro-temporada-2020-2021\/#primaryimage"},"image":{"@id":"https:\/\/amicsliceu.com\/es\/producto\/libro-temporada-2020-2021\/#primaryimage"},"thumbnailUrl":"https:\/\/amicsliceu.com\/wp-content\/uploads\/2020\/12\/Portada-Temp-Opera-20-21-1.jpg","datePublished":"2020-12-02T22:13:59+00:00","dateModified":"2020-12-02T22:13:59+00:00","breadcrumb":{"@id":"https:\/\/amicsliceu.com\/es\/producto\/libro-temporada-2020-2021\/#breadcrumb"},"inLanguage":"es","potentialAction":[{"@type":"ReadAction","target":["https:\/\/amicsliceu.com\/es\/producto\/libro-temporada-2020-2021\/"]}]},{"@type":"ImageObject","inLanguage":"es","@id":"https:\/\/amicsliceu.com\/es\/producto\/libro-temporada-2020-2021\/#primaryimage","url":"https:\/\/amicsliceu.com\/wp-content\/uploads\/2020\/12\/Portada-Temp-Opera-20-21-1.jpg","contentUrl":"https:\/\/amicsliceu.com\/wp-content\/uploads\/2020\/12\/Portada-Temp-Opera-20-21-1.jpg","width":700,"height":700},{"@type":"BreadcrumbList","@id":"https:\/\/amicsliceu.com\/es\/producto\/libro-temporada-2020-2021\/#breadcrumb","itemListElement":[{"@type":"ListItem","position":1,"name":"Inicio","item":"https:\/\/amicsliceu.com\/es\/"},{"@type":"ListItem","position":2,"name":"Tienda","item":"https:\/\/amicsliceu.com\/es\/tienda\/"},{"@type":"ListItem","position":3,"name":"Libro Temporada 2020-2021"}]},{"@type":"WebSite","@id":"https:\/\/amicsliceu.com\/es\/#website","url":"https:\/\/amicsliceu.com\/es\/","name":"Amics del Liceu","description":"","publisher":{"@id":"https:\/\/amicsliceu.com\/es\/#organization"},"potentialAction":[{"@type":"SearchAction","target":{"@type":"EntryPoint","urlTemplate":"https:\/\/amicsliceu.com\/es\/?s={search_term_string}"},"query-input":{"@type":"PropertyValueSpecification","valueRequired":true,"valueName":"search_term_string"}}],"inLanguage":"es"},{"@type":"Organization","@id":"https:\/\/amicsliceu.com\/es\/#organization","name":"Amics del Liceu","url":"https:\/\/amicsliceu.com\/es\/","logo":{"@type":"ImageObject","inLanguage":"es","@id":"https:\/\/amicsliceu.com\/es\/#\/schema\/logo\/image\/","url":"http:\/\/amicsliceu.com\/wp-content\/uploads\/2019\/03\/logo.png","contentUrl":"http:\/\/amicsliceu.com\/wp-content\/uploads\/2019\/03\/logo.png","width":225,"height":92,"caption":"Amics del Liceu"},"image":{"@id":"https:\/\/amicsliceu.com\/es\/#\/schema\/logo\/image\/"}}]}},"_links":{"self":[{"href":"https:\/\/amicsliceu.com\/es\/wp-json\/wp\/v2\/product\/10435"}],"collection":[{"href":"https:\/\/amicsliceu.com\/es\/wp-json\/wp\/v2\/product"}],"about":[{"href":"https:\/\/amicsliceu.com\/es\/wp-json\/wp\/v2\/types\/product"}],"wp:featuredmedia":[{"embeddable":true,"href":"https:\/\/amicsliceu.com\/es\/wp-json\/wp\/v2\/media\/10261"}],"wp:attachment":[{"href":"https:\/\/amicsliceu.com\/es\/wp-json\/wp\/v2\/media?parent=10435"}],"wp:term":[{"taxonomy":"product_cat","embeddable":true,"href":"https:\/\/amicsliceu.com\/es\/wp-json\/wp\/v2\/product_cat?post=10435"},{"taxonomy":"product_tag","embeddable":true,"href":"https:\/\/amicsliceu.com\/es\/wp-json\/wp\/v2\/product_tag?post=10435"}],"curies":[{"name":"wp","href":"https:\/\/api.w.org\/{rel}","templated":true}]}}