{"id":10569,"date":"2021-01-13T11:27:38","date_gmt":"2021-01-13T11:27:38","guid":{"rendered":"http:\/\/amicsliceu.com\/?post_type=product&#038;p=10569"},"modified":"2021-01-13T11:31:25","modified_gmt":"2021-01-13T11:31:25","slug":"la-veu-femenina-a-lopera","status":"publish","type":"product","link":"https:\/\/amicsliceu.com\/es\/producto\/la-veu-femenina-a-lopera\/","title":{"rendered":"La veu femenina a l&#8217;\u00d2pera"},"content":{"rendered":null,"protected":false},"excerpt":{"rendered":"<p>La veu femenina a l\u2019\u00f2pera, car\u00e0cter i interpretaci\u00f3 \u00e9s un llibre escrit per Miquel Peralta, col\u00b7laborador habitual d\u2019Amics del Liceu, i editat per l\u2019editorial Huygens amb la col\u00b7laboraci\u00f3 d\u2019Amics del Liceu. Es tracta d\u2019un llibre on l\u2019autor explora en profunditat la funci\u00f3 dram\u00e0tica dels tipus vocals amb la voluntat d&#8217;anar m\u00e9s enll\u00e0 dels aspectes t\u00e8cnics i de classificaci\u00f3. Centrant-se en les distincions de les diferents categories de la veu l\u00edrica femenina, l&#8217;obra recorre tot un ventall de temes d&#8217;inter\u00e8s per a l&#8217;aficionat, tant hist\u00f2rics com de naturalesa est\u00e8tica, i cont\u00e9 una completa s\u00e8rie exemples comentats d&#8217;interpretacions que il\u00b7lustren de manera pr\u00e0ctica els diversos conceptes que s&#8217;han presentat en les seccions pr\u00e8vies.<\/p>\n<p>Tant els habituals dels teatres d&#8217;\u00f2pera com tots aquells que es vulguin iniciar en el m\u00f3n fascinant de la veu l\u00edrica, trobaran en La veu femenina a l&#8217;\u00f2pera una guia que, amb un estil \u00e0gil, prec\u00eds i exhaustiu, els proporcionar\u00e0 un nou marc de comprensi\u00f3 que permet gaudir amb m\u00e9s intensitat de l&#8217;experi\u00e8ncia sempre renovada que els ofereix l&#8217;univers oper\u00edstic.<\/p>\n","protected":false},"featured_media":10571,"template":"","meta":[],"product_cat":[128],"product_tag":[],"class_list":["post-10569","product","type-product","status-publish","has-post-thumbnail","hentry","product_cat-productos","entry","has-media"],"yoast_head":"<!-- This site is optimized with the Yoast SEO plugin v23.9 - https:\/\/yoast.com\/wordpress\/plugins\/seo\/ -->\n<title>La veu femenina a l&#039;\u00d2pera - Amics del Liceu<\/title>\n<meta name=\"robots\" content=\"index, follow, max-snippet:-1, max-image-preview:large, max-video-preview:-1\" \/>\n<link rel=\"canonical\" href=\"https:\/\/amicsliceu.com\/es\/producto\/la-veu-femenina-a-lopera\/\" \/>\n<meta property=\"og:locale\" content=\"es_ES\" \/>\n<meta property=\"og:type\" content=\"article\" \/>\n<meta property=\"og:title\" content=\"La veu femenina a l&#039;\u00d2pera - Amics del Liceu\" \/>\n<meta property=\"og:description\" content=\"La veu femenina a l\u2019\u00f2pera, car\u00e0cter i interpretaci\u00f3 \u00e9s un llibre escrit per Miquel Peralta, col\u00b7laborador habitual d\u2019Amics del Liceu, i editat per l\u2019editorial Huygens amb la col\u00b7laboraci\u00f3 d\u2019Amics del Liceu. Es tracta d\u2019un llibre on l\u2019autor explora en profunditat la funci\u00f3 dram\u00e0tica dels tipus vocals amb la voluntat d&#039;anar m\u00e9s enll\u00e0 dels aspectes t\u00e8cnics i de classificaci\u00f3. Centrant-se en les distincions de les diferents categories de la veu l\u00edrica femenina, l&#039;obra recorre tot un ventall de temes d&#039;inter\u00e8s per a l&#039;aficionat, tant hist\u00f2rics com de naturalesa est\u00e8tica, i cont\u00e9 una completa s\u00e8rie exemples comentats d&#039;interpretacions que il\u00b7lustren de manera pr\u00e0ctica els diversos conceptes que s&#039;han presentat en les seccions pr\u00e8vies. Tant els habituals dels teatres d&#039;\u00f2pera com tots aquells que es vulguin iniciar en el m\u00f3n fascinant de la veu l\u00edrica, trobaran en La veu femenina a l&#039;\u00f2pera una guia que, amb un estil \u00e0gil, prec\u00eds i exhaustiu, els proporcionar\u00e0 un nou marc de comprensi\u00f3 que permet gaudir amb m\u00e9s intensitat de l&#039;experi\u00e8ncia sempre renovada que els ofereix l&#039;univers oper\u00edstic.\" \/>\n<meta property=\"og:url\" content=\"https:\/\/amicsliceu.com\/es\/producto\/la-veu-femenina-a-lopera\/\" \/>\n<meta property=\"og:site_name\" content=\"Amics del Liceu\" \/>\n<meta property=\"article:modified_time\" content=\"2021-01-13T11:31:25+00:00\" \/>\n<meta property=\"og:image\" content=\"https:\/\/amicsliceu.com\/wp-content\/uploads\/2021\/01\/VEUS-FEMENINES.jpg\" \/>\n\t<meta property=\"og:image:width\" content=\"700\" \/>\n\t<meta property=\"og:image:height\" content=\"700\" \/>\n\t<meta property=\"og:image:type\" content=\"image\/jpeg\" \/>\n<meta name=\"twitter:card\" content=\"summary_large_image\" \/>\n<script type=\"application\/ld+json\" class=\"yoast-schema-graph\">{\"@context\":\"https:\/\/schema.org\",\"@graph\":[{\"@type\":\"WebPage\",\"@id\":\"https:\/\/amicsliceu.com\/es\/producto\/la-veu-femenina-a-lopera\/\",\"url\":\"https:\/\/amicsliceu.com\/es\/producto\/la-veu-femenina-a-lopera\/\",\"name\":\"La veu femenina a l'\u00d2pera - Amics del Liceu\",\"isPartOf\":{\"@id\":\"https:\/\/amicsliceu.com\/es\/#website\"},\"primaryImageOfPage\":{\"@id\":\"https:\/\/amicsliceu.com\/es\/producto\/la-veu-femenina-a-lopera\/#primaryimage\"},\"image\":{\"@id\":\"https:\/\/amicsliceu.com\/es\/producto\/la-veu-femenina-a-lopera\/#primaryimage\"},\"thumbnailUrl\":\"https:\/\/amicsliceu.com\/wp-content\/uploads\/2021\/01\/VEUS-FEMENINES.jpg\",\"datePublished\":\"2021-01-13T11:27:38+00:00\",\"dateModified\":\"2021-01-13T11:31:25+00:00\",\"breadcrumb\":{\"@id\":\"https:\/\/amicsliceu.com\/es\/producto\/la-veu-femenina-a-lopera\/#breadcrumb\"},\"inLanguage\":\"es\",\"potentialAction\":[{\"@type\":\"ReadAction\",\"target\":[\"https:\/\/amicsliceu.com\/es\/producto\/la-veu-femenina-a-lopera\/\"]}]},{\"@type\":\"ImageObject\",\"inLanguage\":\"es\",\"@id\":\"https:\/\/amicsliceu.com\/es\/producto\/la-veu-femenina-a-lopera\/#primaryimage\",\"url\":\"https:\/\/amicsliceu.com\/wp-content\/uploads\/2021\/01\/VEUS-FEMENINES.jpg\",\"contentUrl\":\"https:\/\/amicsliceu.com\/wp-content\/uploads\/2021\/01\/VEUS-FEMENINES.jpg\",\"width\":700,\"height\":700},{\"@type\":\"BreadcrumbList\",\"@id\":\"https:\/\/amicsliceu.com\/es\/producto\/la-veu-femenina-a-lopera\/#breadcrumb\",\"itemListElement\":[{\"@type\":\"ListItem\",\"position\":1,\"name\":\"Inicio\",\"item\":\"https:\/\/amicsliceu.com\/es\/\"},{\"@type\":\"ListItem\",\"position\":2,\"name\":\"Tienda\",\"item\":\"https:\/\/amicsliceu.com\/es\/tienda\/\"},{\"@type\":\"ListItem\",\"position\":3,\"name\":\"La veu femenina a l&#8217;\u00d2pera\"}]},{\"@type\":\"WebSite\",\"@id\":\"https:\/\/amicsliceu.com\/es\/#website\",\"url\":\"https:\/\/amicsliceu.com\/es\/\",\"name\":\"Amics del Liceu\",\"description\":\"\",\"publisher\":{\"@id\":\"https:\/\/amicsliceu.com\/es\/#organization\"},\"potentialAction\":[{\"@type\":\"SearchAction\",\"target\":{\"@type\":\"EntryPoint\",\"urlTemplate\":\"https:\/\/amicsliceu.com\/es\/?s={search_term_string}\"},\"query-input\":{\"@type\":\"PropertyValueSpecification\",\"valueRequired\":true,\"valueName\":\"search_term_string\"}}],\"inLanguage\":\"es\"},{\"@type\":\"Organization\",\"@id\":\"https:\/\/amicsliceu.com\/es\/#organization\",\"name\":\"Amics del Liceu\",\"url\":\"https:\/\/amicsliceu.com\/es\/\",\"logo\":{\"@type\":\"ImageObject\",\"inLanguage\":\"es\",\"@id\":\"https:\/\/amicsliceu.com\/es\/#\/schema\/logo\/image\/\",\"url\":\"http:\/\/amicsliceu.com\/wp-content\/uploads\/2019\/03\/logo.png\",\"contentUrl\":\"http:\/\/amicsliceu.com\/wp-content\/uploads\/2019\/03\/logo.png\",\"width\":225,\"height\":92,\"caption\":\"Amics del Liceu\"},\"image\":{\"@id\":\"https:\/\/amicsliceu.com\/es\/#\/schema\/logo\/image\/\"}}]}<\/script>\n<!-- \/ Yoast SEO plugin. -->","yoast_head_json":{"title":"La veu femenina a l'\u00d2pera - Amics del Liceu","robots":{"index":"index","follow":"follow","max-snippet":"max-snippet:-1","max-image-preview":"max-image-preview:large","max-video-preview":"max-video-preview:-1"},"canonical":"https:\/\/amicsliceu.com\/es\/producto\/la-veu-femenina-a-lopera\/","og_locale":"es_ES","og_type":"article","og_title":"La veu femenina a l'\u00d2pera - Amics del Liceu","og_description":"La veu femenina a l\u2019\u00f2pera, car\u00e0cter i interpretaci\u00f3 \u00e9s un llibre escrit per Miquel Peralta, col\u00b7laborador habitual d\u2019Amics del Liceu, i editat per l\u2019editorial Huygens amb la col\u00b7laboraci\u00f3 d\u2019Amics del Liceu. Es tracta d\u2019un llibre on l\u2019autor explora en profunditat la funci\u00f3 dram\u00e0tica dels tipus vocals amb la voluntat d'anar m\u00e9s enll\u00e0 dels aspectes t\u00e8cnics i de classificaci\u00f3. Centrant-se en les distincions de les diferents categories de la veu l\u00edrica femenina, l'obra recorre tot un ventall de temes d'inter\u00e8s per a l'aficionat, tant hist\u00f2rics com de naturalesa est\u00e8tica, i cont\u00e9 una completa s\u00e8rie exemples comentats d'interpretacions que il\u00b7lustren de manera pr\u00e0ctica els diversos conceptes que s'han presentat en les seccions pr\u00e8vies. Tant els habituals dels teatres d'\u00f2pera com tots aquells que es vulguin iniciar en el m\u00f3n fascinant de la veu l\u00edrica, trobaran en La veu femenina a l'\u00f2pera una guia que, amb un estil \u00e0gil, prec\u00eds i exhaustiu, els proporcionar\u00e0 un nou marc de comprensi\u00f3 que permet gaudir amb m\u00e9s intensitat de l'experi\u00e8ncia sempre renovada que els ofereix l'univers oper\u00edstic.","og_url":"https:\/\/amicsliceu.com\/es\/producto\/la-veu-femenina-a-lopera\/","og_site_name":"Amics del Liceu","article_modified_time":"2021-01-13T11:31:25+00:00","og_image":[{"width":700,"height":700,"url":"https:\/\/amicsliceu.com\/wp-content\/uploads\/2021\/01\/VEUS-FEMENINES.jpg","type":"image\/jpeg"}],"twitter_card":"summary_large_image","schema":{"@context":"https:\/\/schema.org","@graph":[{"@type":"WebPage","@id":"https:\/\/amicsliceu.com\/es\/producto\/la-veu-femenina-a-lopera\/","url":"https:\/\/amicsliceu.com\/es\/producto\/la-veu-femenina-a-lopera\/","name":"La veu femenina a l'\u00d2pera - Amics del Liceu","isPartOf":{"@id":"https:\/\/amicsliceu.com\/es\/#website"},"primaryImageOfPage":{"@id":"https:\/\/amicsliceu.com\/es\/producto\/la-veu-femenina-a-lopera\/#primaryimage"},"image":{"@id":"https:\/\/amicsliceu.com\/es\/producto\/la-veu-femenina-a-lopera\/#primaryimage"},"thumbnailUrl":"https:\/\/amicsliceu.com\/wp-content\/uploads\/2021\/01\/VEUS-FEMENINES.jpg","datePublished":"2021-01-13T11:27:38+00:00","dateModified":"2021-01-13T11:31:25+00:00","breadcrumb":{"@id":"https:\/\/amicsliceu.com\/es\/producto\/la-veu-femenina-a-lopera\/#breadcrumb"},"inLanguage":"es","potentialAction":[{"@type":"ReadAction","target":["https:\/\/amicsliceu.com\/es\/producto\/la-veu-femenina-a-lopera\/"]}]},{"@type":"ImageObject","inLanguage":"es","@id":"https:\/\/amicsliceu.com\/es\/producto\/la-veu-femenina-a-lopera\/#primaryimage","url":"https:\/\/amicsliceu.com\/wp-content\/uploads\/2021\/01\/VEUS-FEMENINES.jpg","contentUrl":"https:\/\/amicsliceu.com\/wp-content\/uploads\/2021\/01\/VEUS-FEMENINES.jpg","width":700,"height":700},{"@type":"BreadcrumbList","@id":"https:\/\/amicsliceu.com\/es\/producto\/la-veu-femenina-a-lopera\/#breadcrumb","itemListElement":[{"@type":"ListItem","position":1,"name":"Inicio","item":"https:\/\/amicsliceu.com\/es\/"},{"@type":"ListItem","position":2,"name":"Tienda","item":"https:\/\/amicsliceu.com\/es\/tienda\/"},{"@type":"ListItem","position":3,"name":"La veu femenina a l&#8217;\u00d2pera"}]},{"@type":"WebSite","@id":"https:\/\/amicsliceu.com\/es\/#website","url":"https:\/\/amicsliceu.com\/es\/","name":"Amics del Liceu","description":"","publisher":{"@id":"https:\/\/amicsliceu.com\/es\/#organization"},"potentialAction":[{"@type":"SearchAction","target":{"@type":"EntryPoint","urlTemplate":"https:\/\/amicsliceu.com\/es\/?s={search_term_string}"},"query-input":{"@type":"PropertyValueSpecification","valueRequired":true,"valueName":"search_term_string"}}],"inLanguage":"es"},{"@type":"Organization","@id":"https:\/\/amicsliceu.com\/es\/#organization","name":"Amics del Liceu","url":"https:\/\/amicsliceu.com\/es\/","logo":{"@type":"ImageObject","inLanguage":"es","@id":"https:\/\/amicsliceu.com\/es\/#\/schema\/logo\/image\/","url":"http:\/\/amicsliceu.com\/wp-content\/uploads\/2019\/03\/logo.png","contentUrl":"http:\/\/amicsliceu.com\/wp-content\/uploads\/2019\/03\/logo.png","width":225,"height":92,"caption":"Amics del Liceu"},"image":{"@id":"https:\/\/amicsliceu.com\/es\/#\/schema\/logo\/image\/"}}]}},"_links":{"self":[{"href":"https:\/\/amicsliceu.com\/es\/wp-json\/wp\/v2\/product\/10569"}],"collection":[{"href":"https:\/\/amicsliceu.com\/es\/wp-json\/wp\/v2\/product"}],"about":[{"href":"https:\/\/amicsliceu.com\/es\/wp-json\/wp\/v2\/types\/product"}],"wp:featuredmedia":[{"embeddable":true,"href":"https:\/\/amicsliceu.com\/es\/wp-json\/wp\/v2\/media\/10571"}],"wp:attachment":[{"href":"https:\/\/amicsliceu.com\/es\/wp-json\/wp\/v2\/media?parent=10569"}],"wp:term":[{"taxonomy":"product_cat","embeddable":true,"href":"https:\/\/amicsliceu.com\/es\/wp-json\/wp\/v2\/product_cat?post=10569"},{"taxonomy":"product_tag","embeddable":true,"href":"https:\/\/amicsliceu.com\/es\/wp-json\/wp\/v2\/product_tag?post=10569"}],"curies":[{"name":"wp","href":"https:\/\/api.w.org\/{rel}","templated":true}]}}