{"id":10573,"date":"2021-01-13T11:31:52","date_gmt":"2021-01-13T11:31:52","guid":{"rendered":"http:\/\/amicsliceu.com\/?post_type=product&#038;p=10573"},"modified":"2021-01-13T11:35:59","modified_gmt":"2021-01-13T11:35:59","slug":"annales-del-gran-teatre-del-liceu-1947-1997","status":"publish","type":"product","link":"https:\/\/amicsliceu.com\/es\/producto\/annales-del-gran-teatre-del-liceu-1947-1997\/","title":{"rendered":"Annales del Gran Teatre del Liceu (1947-1997)"},"content":{"rendered":null,"protected":false},"excerpt":{"rendered":"<p>A lo largo de su historia, Amics del Liceu ha publicado dos vol\u00famenes de los <strong><em>Annales<\/em> del Gran Teatre del Liceu,<\/strong> que recogen detalladamente y de forma indexada todos los espect\u00e1culos que se han representado sobre su escenario.<\/p>\n<p>El a\u00f1o 1997, con motivo del 10\u00aa aniversio de la Associaci\u00f3 y el 150\u00ba aniversario del Liceu, Amics del Liceu publica el volumen que recoge el per\u00edodo <strong>1947-1997 a cargo de Pau Nadal,<\/strong> acompa\u00f1ado de una <em>Cr\u00f3nica Ilustrada <\/em>con fotos de la \u00e9poca. Posteriormente, el a\u00f1o 2004 se publica el volumen del per\u00edodo 1847-1897 a cargo de Jaume Trib\u00f3. (volumen que actualmente se encuentra agotado).<\/p>\n","protected":false},"featured_media":10576,"template":"","meta":[],"product_cat":[128],"product_tag":[],"class_list":["post-10573","product","type-product","status-publish","has-post-thumbnail","hentry","product_cat-productos","entry","has-media"],"yoast_head":"<!-- This site is optimized with the Yoast SEO plugin v23.9 - https:\/\/yoast.com\/wordpress\/plugins\/seo\/ -->\n<title>Annales del Gran Teatre del Liceu (1947-1997) - Amics del Liceu<\/title>\n<meta name=\"robots\" content=\"index, follow, max-snippet:-1, max-image-preview:large, max-video-preview:-1\" \/>\n<link rel=\"canonical\" href=\"https:\/\/amicsliceu.com\/es\/producto\/annales-del-gran-teatre-del-liceu-1947-1997\/\" \/>\n<meta property=\"og:locale\" content=\"es_ES\" \/>\n<meta property=\"og:type\" content=\"article\" \/>\n<meta property=\"og:title\" content=\"Annales del Gran Teatre del Liceu (1947-1997) - Amics del Liceu\" \/>\n<meta property=\"og:description\" content=\"A lo largo de su historia, Amics del Liceu ha publicado dos vol\u00famenes de los Annales del Gran Teatre del Liceu, que recogen detalladamente y de forma indexada todos los espect\u00e1culos que se han representado sobre su escenario. El a\u00f1o 1997, con motivo del 10\u00aa aniversio de la Associaci\u00f3 y el 150\u00ba aniversario del Liceu, Amics del Liceu publica el volumen que recoge el per\u00edodo 1947-1997 a cargo de Pau Nadal, acompa\u00f1ado de una Cr\u00f3nica Ilustrada con fotos de la \u00e9poca. Posteriormente, el a\u00f1o 2004 se publica el volumen del per\u00edodo 1847-1897 a cargo de Jaume Trib\u00f3. (volumen que actualmente se encuentra agotado).\" \/>\n<meta property=\"og:url\" content=\"https:\/\/amicsliceu.com\/es\/producto\/annales-del-gran-teatre-del-liceu-1947-1997\/\" \/>\n<meta property=\"og:site_name\" content=\"Amics del Liceu\" \/>\n<meta property=\"article:modified_time\" content=\"2021-01-13T11:35:59+00:00\" \/>\n<meta property=\"og:image\" content=\"https:\/\/amicsliceu.com\/wp-content\/uploads\/2021\/01\/portada-anuari19471997.jpg\" \/>\n\t<meta property=\"og:image:width\" content=\"700\" \/>\n\t<meta property=\"og:image:height\" content=\"700\" \/>\n\t<meta property=\"og:image:type\" content=\"image\/jpeg\" \/>\n<meta name=\"twitter:card\" content=\"summary_large_image\" \/>\n<script type=\"application\/ld+json\" class=\"yoast-schema-graph\">{\"@context\":\"https:\/\/schema.org\",\"@graph\":[{\"@type\":\"WebPage\",\"@id\":\"https:\/\/amicsliceu.com\/es\/producto\/annales-del-gran-teatre-del-liceu-1947-1997\/\",\"url\":\"https:\/\/amicsliceu.com\/es\/producto\/annales-del-gran-teatre-del-liceu-1947-1997\/\",\"name\":\"Annales del Gran Teatre del Liceu (1947-1997) - Amics del Liceu\",\"isPartOf\":{\"@id\":\"https:\/\/amicsliceu.com\/es\/#website\"},\"primaryImageOfPage\":{\"@id\":\"https:\/\/amicsliceu.com\/es\/producto\/annales-del-gran-teatre-del-liceu-1947-1997\/#primaryimage\"},\"image\":{\"@id\":\"https:\/\/amicsliceu.com\/es\/producto\/annales-del-gran-teatre-del-liceu-1947-1997\/#primaryimage\"},\"thumbnailUrl\":\"https:\/\/amicsliceu.com\/wp-content\/uploads\/2021\/01\/portada-anuari19471997.jpg\",\"datePublished\":\"2021-01-13T11:31:52+00:00\",\"dateModified\":\"2021-01-13T11:35:59+00:00\",\"breadcrumb\":{\"@id\":\"https:\/\/amicsliceu.com\/es\/producto\/annales-del-gran-teatre-del-liceu-1947-1997\/#breadcrumb\"},\"inLanguage\":\"es\",\"potentialAction\":[{\"@type\":\"ReadAction\",\"target\":[\"https:\/\/amicsliceu.com\/es\/producto\/annales-del-gran-teatre-del-liceu-1947-1997\/\"]}]},{\"@type\":\"ImageObject\",\"inLanguage\":\"es\",\"@id\":\"https:\/\/amicsliceu.com\/es\/producto\/annales-del-gran-teatre-del-liceu-1947-1997\/#primaryimage\",\"url\":\"https:\/\/amicsliceu.com\/wp-content\/uploads\/2021\/01\/portada-anuari19471997.jpg\",\"contentUrl\":\"https:\/\/amicsliceu.com\/wp-content\/uploads\/2021\/01\/portada-anuari19471997.jpg\",\"width\":700,\"height\":700},{\"@type\":\"BreadcrumbList\",\"@id\":\"https:\/\/amicsliceu.com\/es\/producto\/annales-del-gran-teatre-del-liceu-1947-1997\/#breadcrumb\",\"itemListElement\":[{\"@type\":\"ListItem\",\"position\":1,\"name\":\"Inicio\",\"item\":\"https:\/\/amicsliceu.com\/es\/\"},{\"@type\":\"ListItem\",\"position\":2,\"name\":\"Tienda\",\"item\":\"https:\/\/amicsliceu.com\/es\/tienda\/\"},{\"@type\":\"ListItem\",\"position\":3,\"name\":\"Annales del Gran Teatre del Liceu (1947-1997)\"}]},{\"@type\":\"WebSite\",\"@id\":\"https:\/\/amicsliceu.com\/es\/#website\",\"url\":\"https:\/\/amicsliceu.com\/es\/\",\"name\":\"Amics del Liceu\",\"description\":\"\",\"publisher\":{\"@id\":\"https:\/\/amicsliceu.com\/es\/#organization\"},\"potentialAction\":[{\"@type\":\"SearchAction\",\"target\":{\"@type\":\"EntryPoint\",\"urlTemplate\":\"https:\/\/amicsliceu.com\/es\/?s={search_term_string}\"},\"query-input\":{\"@type\":\"PropertyValueSpecification\",\"valueRequired\":true,\"valueName\":\"search_term_string\"}}],\"inLanguage\":\"es\"},{\"@type\":\"Organization\",\"@id\":\"https:\/\/amicsliceu.com\/es\/#organization\",\"name\":\"Amics del Liceu\",\"url\":\"https:\/\/amicsliceu.com\/es\/\",\"logo\":{\"@type\":\"ImageObject\",\"inLanguage\":\"es\",\"@id\":\"https:\/\/amicsliceu.com\/es\/#\/schema\/logo\/image\/\",\"url\":\"http:\/\/amicsliceu.com\/wp-content\/uploads\/2019\/03\/logo.png\",\"contentUrl\":\"http:\/\/amicsliceu.com\/wp-content\/uploads\/2019\/03\/logo.png\",\"width\":225,\"height\":92,\"caption\":\"Amics del Liceu\"},\"image\":{\"@id\":\"https:\/\/amicsliceu.com\/es\/#\/schema\/logo\/image\/\"}}]}<\/script>\n<!-- \/ Yoast SEO plugin. -->","yoast_head_json":{"title":"Annales del Gran Teatre del Liceu (1947-1997) - Amics del Liceu","robots":{"index":"index","follow":"follow","max-snippet":"max-snippet:-1","max-image-preview":"max-image-preview:large","max-video-preview":"max-video-preview:-1"},"canonical":"https:\/\/amicsliceu.com\/es\/producto\/annales-del-gran-teatre-del-liceu-1947-1997\/","og_locale":"es_ES","og_type":"article","og_title":"Annales del Gran Teatre del Liceu (1947-1997) - Amics del Liceu","og_description":"A lo largo de su historia, Amics del Liceu ha publicado dos vol\u00famenes de los Annales del Gran Teatre del Liceu, que recogen detalladamente y de forma indexada todos los espect\u00e1culos que se han representado sobre su escenario. El a\u00f1o 1997, con motivo del 10\u00aa aniversio de la Associaci\u00f3 y el 150\u00ba aniversario del Liceu, Amics del Liceu publica el volumen que recoge el per\u00edodo 1947-1997 a cargo de Pau Nadal, acompa\u00f1ado de una Cr\u00f3nica Ilustrada con fotos de la \u00e9poca. Posteriormente, el a\u00f1o 2004 se publica el volumen del per\u00edodo 1847-1897 a cargo de Jaume Trib\u00f3. (volumen que actualmente se encuentra agotado).","og_url":"https:\/\/amicsliceu.com\/es\/producto\/annales-del-gran-teatre-del-liceu-1947-1997\/","og_site_name":"Amics del Liceu","article_modified_time":"2021-01-13T11:35:59+00:00","og_image":[{"width":700,"height":700,"url":"https:\/\/amicsliceu.com\/wp-content\/uploads\/2021\/01\/portada-anuari19471997.jpg","type":"image\/jpeg"}],"twitter_card":"summary_large_image","schema":{"@context":"https:\/\/schema.org","@graph":[{"@type":"WebPage","@id":"https:\/\/amicsliceu.com\/es\/producto\/annales-del-gran-teatre-del-liceu-1947-1997\/","url":"https:\/\/amicsliceu.com\/es\/producto\/annales-del-gran-teatre-del-liceu-1947-1997\/","name":"Annales del Gran Teatre del Liceu (1947-1997) - Amics del Liceu","isPartOf":{"@id":"https:\/\/amicsliceu.com\/es\/#website"},"primaryImageOfPage":{"@id":"https:\/\/amicsliceu.com\/es\/producto\/annales-del-gran-teatre-del-liceu-1947-1997\/#primaryimage"},"image":{"@id":"https:\/\/amicsliceu.com\/es\/producto\/annales-del-gran-teatre-del-liceu-1947-1997\/#primaryimage"},"thumbnailUrl":"https:\/\/amicsliceu.com\/wp-content\/uploads\/2021\/01\/portada-anuari19471997.jpg","datePublished":"2021-01-13T11:31:52+00:00","dateModified":"2021-01-13T11:35:59+00:00","breadcrumb":{"@id":"https:\/\/amicsliceu.com\/es\/producto\/annales-del-gran-teatre-del-liceu-1947-1997\/#breadcrumb"},"inLanguage":"es","potentialAction":[{"@type":"ReadAction","target":["https:\/\/amicsliceu.com\/es\/producto\/annales-del-gran-teatre-del-liceu-1947-1997\/"]}]},{"@type":"ImageObject","inLanguage":"es","@id":"https:\/\/amicsliceu.com\/es\/producto\/annales-del-gran-teatre-del-liceu-1947-1997\/#primaryimage","url":"https:\/\/amicsliceu.com\/wp-content\/uploads\/2021\/01\/portada-anuari19471997.jpg","contentUrl":"https:\/\/amicsliceu.com\/wp-content\/uploads\/2021\/01\/portada-anuari19471997.jpg","width":700,"height":700},{"@type":"BreadcrumbList","@id":"https:\/\/amicsliceu.com\/es\/producto\/annales-del-gran-teatre-del-liceu-1947-1997\/#breadcrumb","itemListElement":[{"@type":"ListItem","position":1,"name":"Inicio","item":"https:\/\/amicsliceu.com\/es\/"},{"@type":"ListItem","position":2,"name":"Tienda","item":"https:\/\/amicsliceu.com\/es\/tienda\/"},{"@type":"ListItem","position":3,"name":"Annales del Gran Teatre del Liceu (1947-1997)"}]},{"@type":"WebSite","@id":"https:\/\/amicsliceu.com\/es\/#website","url":"https:\/\/amicsliceu.com\/es\/","name":"Amics del Liceu","description":"","publisher":{"@id":"https:\/\/amicsliceu.com\/es\/#organization"},"potentialAction":[{"@type":"SearchAction","target":{"@type":"EntryPoint","urlTemplate":"https:\/\/amicsliceu.com\/es\/?s={search_term_string}"},"query-input":{"@type":"PropertyValueSpecification","valueRequired":true,"valueName":"search_term_string"}}],"inLanguage":"es"},{"@type":"Organization","@id":"https:\/\/amicsliceu.com\/es\/#organization","name":"Amics del Liceu","url":"https:\/\/amicsliceu.com\/es\/","logo":{"@type":"ImageObject","inLanguage":"es","@id":"https:\/\/amicsliceu.com\/es\/#\/schema\/logo\/image\/","url":"http:\/\/amicsliceu.com\/wp-content\/uploads\/2019\/03\/logo.png","contentUrl":"http:\/\/amicsliceu.com\/wp-content\/uploads\/2019\/03\/logo.png","width":225,"height":92,"caption":"Amics del Liceu"},"image":{"@id":"https:\/\/amicsliceu.com\/es\/#\/schema\/logo\/image\/"}}]}},"_links":{"self":[{"href":"https:\/\/amicsliceu.com\/es\/wp-json\/wp\/v2\/product\/10573"}],"collection":[{"href":"https:\/\/amicsliceu.com\/es\/wp-json\/wp\/v2\/product"}],"about":[{"href":"https:\/\/amicsliceu.com\/es\/wp-json\/wp\/v2\/types\/product"}],"wp:featuredmedia":[{"embeddable":true,"href":"https:\/\/amicsliceu.com\/es\/wp-json\/wp\/v2\/media\/10576"}],"wp:attachment":[{"href":"https:\/\/amicsliceu.com\/es\/wp-json\/wp\/v2\/media?parent=10573"}],"wp:term":[{"taxonomy":"product_cat","embeddable":true,"href":"https:\/\/amicsliceu.com\/es\/wp-json\/wp\/v2\/product_cat?post=10573"},{"taxonomy":"product_tag","embeddable":true,"href":"https:\/\/amicsliceu.com\/es\/wp-json\/wp\/v2\/product_tag?post=10573"}],"curies":[{"name":"wp","href":"https:\/\/api.w.org\/{rel}","templated":true}]}}