{"id":10579,"date":"2021-01-13T12:16:28","date_gmt":"2021-01-13T12:16:28","guid":{"rendered":"http:\/\/amicsliceu.com\/?post_type=product&#038;p=10579"},"modified":"2021-01-13T15:32:46","modified_gmt":"2021-01-13T15:32:46","slug":"ediciones-anteriores-del-libro-temporada-dopera","status":"publish","type":"product","link":"https:\/\/amicsliceu.com\/es\/producto\/ediciones-anteriores-del-libro-temporada-dopera\/","title":{"rendered":"Ediciones anteriores del Libro Temporada d&#8217;\u00d2pera"},"content":{"rendered":null,"protected":false},"excerpt":{"rendered":"<p>Amics del Liceu empieza a editar el libro <em>Temporada d\u2019\u00f2pera <\/em>el a\u00f1o 1991. A excepci\u00f3n de la temporada 1994-1995, la Asociaci\u00f3n edita un volumen de este libro de manera anual, con el fin de acercar la \u00f3pera no s\u00f3lo a nuestros asociados, sino a todas aquellas personas que quieran disfrutar de este magn\u00edfico espect\u00e1culo con un conocimiento m\u00e1s exhaustivo. Durante casi 30 ediciones, personalidades y especialistas aportan una visi\u00f3n diferente y enriquecedora de los t\u00edtulos representados en cada temporada oper\u00edstica del Liceu. Adem\u00e1s, cada a\u00f1o esta publicaci\u00f3n viene ilustrada por un artista pl\u00e1stico diferente: Marcos Palazzi, \u00c1ngel Charris, Josep Guinovart, Lu\u00eds Gordillo y muchos m\u00e1s!<\/p>\n<div class=\"avis\"><strong>Antes de a\u00f1adir este producto al carrito:<\/strong><br \/>\nSi quieres adquirir el libro de alguna temporada anterior a la actual, escr\u00edbenos a <a href=\"mailto:info@amicsliceu.com\" target=\"_blank\" rel=\"noopener noreferrer\">info@amicsliceu.com<\/a> (especificando qu\u00e9 temporada quieres)\u00a0 y desde la Asociaci\u00f3n consultaremos nuestro archivo hist\u00f3rico para saber si est\u00e1 disponible.<\/div>\n","protected":false},"featured_media":10582,"template":"","meta":[],"product_cat":[127],"product_tag":[],"class_list":["post-10579","product","type-product","status-publish","has-post-thumbnail","hentry","product_cat-libros-temporada","entry","has-media"],"yoast_head":"<!-- This site is optimized with the Yoast SEO plugin v23.9 - https:\/\/yoast.com\/wordpress\/plugins\/seo\/ -->\n<title>Ediciones anteriores del Libro Temporada d&#039;\u00d2pera - Amics del Liceu<\/title>\n<meta name=\"robots\" content=\"index, follow, max-snippet:-1, max-image-preview:large, max-video-preview:-1\" \/>\n<link rel=\"canonical\" href=\"https:\/\/amicsliceu.com\/es\/producto\/ediciones-anteriores-del-libro-temporada-dopera\/\" \/>\n<meta property=\"og:locale\" content=\"es_ES\" \/>\n<meta property=\"og:type\" content=\"article\" \/>\n<meta property=\"og:title\" content=\"Ediciones anteriores del Libro Temporada d&#039;\u00d2pera - Amics del Liceu\" \/>\n<meta property=\"og:description\" content=\"Amics del Liceu empieza a editar el libro Temporada d\u2019\u00f2pera el a\u00f1o 1991. A excepci\u00f3n de la temporada 1994-1995, la Asociaci\u00f3n edita un volumen de este libro de manera anual, con el fin de acercar la \u00f3pera no s\u00f3lo a nuestros asociados, sino a todas aquellas personas que quieran disfrutar de este magn\u00edfico espect\u00e1culo con un conocimiento m\u00e1s exhaustivo. Durante casi 30 ediciones, personalidades y especialistas aportan una visi\u00f3n diferente y enriquecedora de los t\u00edtulos representados en cada temporada oper\u00edstica del Liceu. Adem\u00e1s, cada a\u00f1o esta publicaci\u00f3n viene ilustrada por un artista pl\u00e1stico diferente: Marcos Palazzi, \u00c1ngel Charris, Josep Guinovart, Lu\u00eds Gordillo y muchos m\u00e1s! Antes de a\u00f1adir este producto al carrito: Si quieres adquirir el libro de alguna temporada anterior a la actual, escr\u00edbenos a info@amicsliceu.com (especificando qu\u00e9 temporada quieres)\u00a0 y desde la Asociaci\u00f3n consultaremos nuestro archivo hist\u00f3rico para saber si est\u00e1 disponible.\" \/>\n<meta property=\"og:url\" content=\"https:\/\/amicsliceu.com\/es\/producto\/ediciones-anteriores-del-libro-temporada-dopera\/\" \/>\n<meta property=\"og:site_name\" content=\"Amics del Liceu\" \/>\n<meta property=\"article:modified_time\" content=\"2021-01-13T15:32:46+00:00\" \/>\n<meta property=\"og:image\" content=\"https:\/\/amicsliceu.com\/wp-content\/uploads\/2021\/01\/Coberta-CAT-14-15.jpg\" \/>\n\t<meta property=\"og:image:width\" content=\"700\" \/>\n\t<meta property=\"og:image:height\" content=\"700\" \/>\n\t<meta property=\"og:image:type\" content=\"image\/jpeg\" \/>\n<meta name=\"twitter:card\" content=\"summary_large_image\" \/>\n<script type=\"application\/ld+json\" class=\"yoast-schema-graph\">{\"@context\":\"https:\/\/schema.org\",\"@graph\":[{\"@type\":\"WebPage\",\"@id\":\"https:\/\/amicsliceu.com\/es\/producto\/ediciones-anteriores-del-libro-temporada-dopera\/\",\"url\":\"https:\/\/amicsliceu.com\/es\/producto\/ediciones-anteriores-del-libro-temporada-dopera\/\",\"name\":\"Ediciones anteriores del Libro Temporada d'\u00d2pera - Amics del Liceu\",\"isPartOf\":{\"@id\":\"https:\/\/amicsliceu.com\/es\/#website\"},\"primaryImageOfPage\":{\"@id\":\"https:\/\/amicsliceu.com\/es\/producto\/ediciones-anteriores-del-libro-temporada-dopera\/#primaryimage\"},\"image\":{\"@id\":\"https:\/\/amicsliceu.com\/es\/producto\/ediciones-anteriores-del-libro-temporada-dopera\/#primaryimage\"},\"thumbnailUrl\":\"https:\/\/amicsliceu.com\/wp-content\/uploads\/2021\/01\/Coberta-CAT-14-15.jpg\",\"datePublished\":\"2021-01-13T12:16:28+00:00\",\"dateModified\":\"2021-01-13T15:32:46+00:00\",\"breadcrumb\":{\"@id\":\"https:\/\/amicsliceu.com\/es\/producto\/ediciones-anteriores-del-libro-temporada-dopera\/#breadcrumb\"},\"inLanguage\":\"es\",\"potentialAction\":[{\"@type\":\"ReadAction\",\"target\":[\"https:\/\/amicsliceu.com\/es\/producto\/ediciones-anteriores-del-libro-temporada-dopera\/\"]}]},{\"@type\":\"ImageObject\",\"inLanguage\":\"es\",\"@id\":\"https:\/\/amicsliceu.com\/es\/producto\/ediciones-anteriores-del-libro-temporada-dopera\/#primaryimage\",\"url\":\"https:\/\/amicsliceu.com\/wp-content\/uploads\/2021\/01\/Coberta-CAT-14-15.jpg\",\"contentUrl\":\"https:\/\/amicsliceu.com\/wp-content\/uploads\/2021\/01\/Coberta-CAT-14-15.jpg\",\"width\":700,\"height\":700},{\"@type\":\"BreadcrumbList\",\"@id\":\"https:\/\/amicsliceu.com\/es\/producto\/ediciones-anteriores-del-libro-temporada-dopera\/#breadcrumb\",\"itemListElement\":[{\"@type\":\"ListItem\",\"position\":1,\"name\":\"Inicio\",\"item\":\"https:\/\/amicsliceu.com\/es\/\"},{\"@type\":\"ListItem\",\"position\":2,\"name\":\"Tienda\",\"item\":\"https:\/\/amicsliceu.com\/es\/tienda\/\"},{\"@type\":\"ListItem\",\"position\":3,\"name\":\"Ediciones anteriores del Libro Temporada d&#8217;\u00d2pera\"}]},{\"@type\":\"WebSite\",\"@id\":\"https:\/\/amicsliceu.com\/es\/#website\",\"url\":\"https:\/\/amicsliceu.com\/es\/\",\"name\":\"Amics del Liceu\",\"description\":\"\",\"publisher\":{\"@id\":\"https:\/\/amicsliceu.com\/es\/#organization\"},\"potentialAction\":[{\"@type\":\"SearchAction\",\"target\":{\"@type\":\"EntryPoint\",\"urlTemplate\":\"https:\/\/amicsliceu.com\/es\/?s={search_term_string}\"},\"query-input\":{\"@type\":\"PropertyValueSpecification\",\"valueRequired\":true,\"valueName\":\"search_term_string\"}}],\"inLanguage\":\"es\"},{\"@type\":\"Organization\",\"@id\":\"https:\/\/amicsliceu.com\/es\/#organization\",\"name\":\"Amics del Liceu\",\"url\":\"https:\/\/amicsliceu.com\/es\/\",\"logo\":{\"@type\":\"ImageObject\",\"inLanguage\":\"es\",\"@id\":\"https:\/\/amicsliceu.com\/es\/#\/schema\/logo\/image\/\",\"url\":\"http:\/\/amicsliceu.com\/wp-content\/uploads\/2019\/03\/logo.png\",\"contentUrl\":\"http:\/\/amicsliceu.com\/wp-content\/uploads\/2019\/03\/logo.png\",\"width\":225,\"height\":92,\"caption\":\"Amics del Liceu\"},\"image\":{\"@id\":\"https:\/\/amicsliceu.com\/es\/#\/schema\/logo\/image\/\"}}]}<\/script>\n<!-- \/ Yoast SEO plugin. -->","yoast_head_json":{"title":"Ediciones anteriores del Libro Temporada d'\u00d2pera - Amics del Liceu","robots":{"index":"index","follow":"follow","max-snippet":"max-snippet:-1","max-image-preview":"max-image-preview:large","max-video-preview":"max-video-preview:-1"},"canonical":"https:\/\/amicsliceu.com\/es\/producto\/ediciones-anteriores-del-libro-temporada-dopera\/","og_locale":"es_ES","og_type":"article","og_title":"Ediciones anteriores del Libro Temporada d'\u00d2pera - Amics del Liceu","og_description":"Amics del Liceu empieza a editar el libro Temporada d\u2019\u00f2pera el a\u00f1o 1991. A excepci\u00f3n de la temporada 1994-1995, la Asociaci\u00f3n edita un volumen de este libro de manera anual, con el fin de acercar la \u00f3pera no s\u00f3lo a nuestros asociados, sino a todas aquellas personas que quieran disfrutar de este magn\u00edfico espect\u00e1culo con un conocimiento m\u00e1s exhaustivo. Durante casi 30 ediciones, personalidades y especialistas aportan una visi\u00f3n diferente y enriquecedora de los t\u00edtulos representados en cada temporada oper\u00edstica del Liceu. Adem\u00e1s, cada a\u00f1o esta publicaci\u00f3n viene ilustrada por un artista pl\u00e1stico diferente: Marcos Palazzi, \u00c1ngel Charris, Josep Guinovart, Lu\u00eds Gordillo y muchos m\u00e1s! Antes de a\u00f1adir este producto al carrito: Si quieres adquirir el libro de alguna temporada anterior a la actual, escr\u00edbenos a info@amicsliceu.com (especificando qu\u00e9 temporada quieres)\u00a0 y desde la Asociaci\u00f3n consultaremos nuestro archivo hist\u00f3rico para saber si est\u00e1 disponible.","og_url":"https:\/\/amicsliceu.com\/es\/producto\/ediciones-anteriores-del-libro-temporada-dopera\/","og_site_name":"Amics del Liceu","article_modified_time":"2021-01-13T15:32:46+00:00","og_image":[{"width":700,"height":700,"url":"https:\/\/amicsliceu.com\/wp-content\/uploads\/2021\/01\/Coberta-CAT-14-15.jpg","type":"image\/jpeg"}],"twitter_card":"summary_large_image","schema":{"@context":"https:\/\/schema.org","@graph":[{"@type":"WebPage","@id":"https:\/\/amicsliceu.com\/es\/producto\/ediciones-anteriores-del-libro-temporada-dopera\/","url":"https:\/\/amicsliceu.com\/es\/producto\/ediciones-anteriores-del-libro-temporada-dopera\/","name":"Ediciones anteriores del Libro Temporada d'\u00d2pera - Amics del Liceu","isPartOf":{"@id":"https:\/\/amicsliceu.com\/es\/#website"},"primaryImageOfPage":{"@id":"https:\/\/amicsliceu.com\/es\/producto\/ediciones-anteriores-del-libro-temporada-dopera\/#primaryimage"},"image":{"@id":"https:\/\/amicsliceu.com\/es\/producto\/ediciones-anteriores-del-libro-temporada-dopera\/#primaryimage"},"thumbnailUrl":"https:\/\/amicsliceu.com\/wp-content\/uploads\/2021\/01\/Coberta-CAT-14-15.jpg","datePublished":"2021-01-13T12:16:28+00:00","dateModified":"2021-01-13T15:32:46+00:00","breadcrumb":{"@id":"https:\/\/amicsliceu.com\/es\/producto\/ediciones-anteriores-del-libro-temporada-dopera\/#breadcrumb"},"inLanguage":"es","potentialAction":[{"@type":"ReadAction","target":["https:\/\/amicsliceu.com\/es\/producto\/ediciones-anteriores-del-libro-temporada-dopera\/"]}]},{"@type":"ImageObject","inLanguage":"es","@id":"https:\/\/amicsliceu.com\/es\/producto\/ediciones-anteriores-del-libro-temporada-dopera\/#primaryimage","url":"https:\/\/amicsliceu.com\/wp-content\/uploads\/2021\/01\/Coberta-CAT-14-15.jpg","contentUrl":"https:\/\/amicsliceu.com\/wp-content\/uploads\/2021\/01\/Coberta-CAT-14-15.jpg","width":700,"height":700},{"@type":"BreadcrumbList","@id":"https:\/\/amicsliceu.com\/es\/producto\/ediciones-anteriores-del-libro-temporada-dopera\/#breadcrumb","itemListElement":[{"@type":"ListItem","position":1,"name":"Inicio","item":"https:\/\/amicsliceu.com\/es\/"},{"@type":"ListItem","position":2,"name":"Tienda","item":"https:\/\/amicsliceu.com\/es\/tienda\/"},{"@type":"ListItem","position":3,"name":"Ediciones anteriores del Libro Temporada d&#8217;\u00d2pera"}]},{"@type":"WebSite","@id":"https:\/\/amicsliceu.com\/es\/#website","url":"https:\/\/amicsliceu.com\/es\/","name":"Amics del Liceu","description":"","publisher":{"@id":"https:\/\/amicsliceu.com\/es\/#organization"},"potentialAction":[{"@type":"SearchAction","target":{"@type":"EntryPoint","urlTemplate":"https:\/\/amicsliceu.com\/es\/?s={search_term_string}"},"query-input":{"@type":"PropertyValueSpecification","valueRequired":true,"valueName":"search_term_string"}}],"inLanguage":"es"},{"@type":"Organization","@id":"https:\/\/amicsliceu.com\/es\/#organization","name":"Amics del Liceu","url":"https:\/\/amicsliceu.com\/es\/","logo":{"@type":"ImageObject","inLanguage":"es","@id":"https:\/\/amicsliceu.com\/es\/#\/schema\/logo\/image\/","url":"http:\/\/amicsliceu.com\/wp-content\/uploads\/2019\/03\/logo.png","contentUrl":"http:\/\/amicsliceu.com\/wp-content\/uploads\/2019\/03\/logo.png","width":225,"height":92,"caption":"Amics del Liceu"},"image":{"@id":"https:\/\/amicsliceu.com\/es\/#\/schema\/logo\/image\/"}}]}},"_links":{"self":[{"href":"https:\/\/amicsliceu.com\/es\/wp-json\/wp\/v2\/product\/10579"}],"collection":[{"href":"https:\/\/amicsliceu.com\/es\/wp-json\/wp\/v2\/product"}],"about":[{"href":"https:\/\/amicsliceu.com\/es\/wp-json\/wp\/v2\/types\/product"}],"wp:featuredmedia":[{"embeddable":true,"href":"https:\/\/amicsliceu.com\/es\/wp-json\/wp\/v2\/media\/10582"}],"wp:attachment":[{"href":"https:\/\/amicsliceu.com\/es\/wp-json\/wp\/v2\/media?parent=10579"}],"wp:term":[{"taxonomy":"product_cat","embeddable":true,"href":"https:\/\/amicsliceu.com\/es\/wp-json\/wp\/v2\/product_cat?post=10579"},{"taxonomy":"product_tag","embeddable":true,"href":"https:\/\/amicsliceu.com\/es\/wp-json\/wp\/v2\/product_tag?post=10579"}],"curies":[{"name":"wp","href":"https:\/\/api.w.org\/{rel}","templated":true}]}}