{"id":14280,"date":"2022-10-11T13:54:26","date_gmt":"2022-10-11T13:54:27","guid":{"rendered":"http:\/\/amicsliceu.com\/?post_type=product&#038;p=14280"},"modified":"2022-10-11T14:07:31","modified_gmt":"2022-10-11T14:07:31","slug":"libro-temporada-2022-2023","status":"publish","type":"product","link":"https:\/\/amicsliceu.com\/es\/producto\/libro-temporada-2022-2023\/","title":{"rendered":"Libro Temporada 2022-2023"},"content":{"rendered":null,"protected":false},"excerpt":{"rendered":"<p><em>Temporada de \u00f3pera<\/em> naci\u00f3 como herramienta de preparaci\u00f3n para asistir a las representaciones del Liceo y como un camino para la renovaci\u00f3n de la iconograf\u00eda oper\u00edstica con artistas contempor\u00e1neos. Cada a\u00f1o la Asociaci\u00f3n invita grandes personalidades escritores, pol\u00edticos, intelectuales, etc.- a presentar las \u00f3peras programadas por el Gran Teatre del Liceu con la intenci\u00f3n de mostrar visiones ins\u00f3litas y, al mismo tiempo, poner de manifiesto que son muchos y muy diversos los que aman el arte de la \u00f3pera.<\/p>\n<p>Este a\u00f1o, el libro \u00abTemporada de \u00f3pera\u00bb de Amics de Liceu ha sido ilustrado por el artista pl\u00e1stico Yago Hortal (Barcelona, 1983)<\/p>\n<p>&nbsp;<\/p>\n","protected":false},"featured_media":14260,"template":"","meta":[],"product_cat":[127],"product_tag":[],"class_list":["post-14280","product","type-product","status-publish","has-post-thumbnail","hentry","product_cat-libros-temporada","entry","has-media"],"yoast_head":"<!-- This site is optimized with the Yoast SEO plugin v23.9 - https:\/\/yoast.com\/wordpress\/plugins\/seo\/ -->\n<title>Libro Temporada 2022-2023 - Amics del Liceu<\/title>\n<meta name=\"robots\" content=\"index, follow, max-snippet:-1, max-image-preview:large, max-video-preview:-1\" \/>\n<link rel=\"canonical\" href=\"https:\/\/amicsliceu.com\/es\/producto\/libro-temporada-2022-2023\/\" \/>\n<meta property=\"og:locale\" content=\"es_ES\" \/>\n<meta property=\"og:type\" content=\"article\" \/>\n<meta property=\"og:title\" content=\"Libro Temporada 2022-2023 - Amics del Liceu\" \/>\n<meta property=\"og:description\" content=\"Temporada de \u00f3pera naci\u00f3 como herramienta de preparaci\u00f3n para asistir a las representaciones del Liceo y como un camino para la renovaci\u00f3n de la iconograf\u00eda oper\u00edstica con artistas contempor\u00e1neos. Cada a\u00f1o la Asociaci\u00f3n invita grandes personalidades escritores, pol\u00edticos, intelectuales, etc.- a presentar las \u00f3peras programadas por el Gran Teatre del Liceu con la intenci\u00f3n de mostrar visiones ins\u00f3litas y, al mismo tiempo, poner de manifiesto que son muchos y muy diversos los que aman el arte de la \u00f3pera.  Este a\u00f1o, el libro &quot;Temporada de \u00f3pera&quot; de Amics de Liceu ha sido ilustrado por el artista pl\u00e1stico Yago Hortal (Barcelona, 1983)  &nbsp;\" \/>\n<meta property=\"og:url\" content=\"https:\/\/amicsliceu.com\/es\/producto\/libro-temporada-2022-2023\/\" \/>\n<meta property=\"og:site_name\" content=\"Amics del Liceu\" \/>\n<meta property=\"article:modified_time\" content=\"2022-10-11T14:07:31+00:00\" \/>\n<meta property=\"og:image\" content=\"https:\/\/amicsliceu.com\/wp-content\/uploads\/2022\/10\/Portada_TempOpera22-23_cat-scaled.jpg\" \/>\n\t<meta property=\"og:image:width\" content=\"1772\" \/>\n\t<meta property=\"og:image:height\" content=\"2560\" \/>\n\t<meta property=\"og:image:type\" content=\"image\/jpeg\" \/>\n<meta name=\"twitter:card\" content=\"summary_large_image\" \/>\n<script type=\"application\/ld+json\" class=\"yoast-schema-graph\">{\"@context\":\"https:\/\/schema.org\",\"@graph\":[{\"@type\":\"WebPage\",\"@id\":\"https:\/\/amicsliceu.com\/es\/producto\/libro-temporada-2022-2023\/\",\"url\":\"https:\/\/amicsliceu.com\/es\/producto\/libro-temporada-2022-2023\/\",\"name\":\"Libro Temporada 2022-2023 - Amics del Liceu\",\"isPartOf\":{\"@id\":\"https:\/\/amicsliceu.com\/es\/#website\"},\"primaryImageOfPage\":{\"@id\":\"https:\/\/amicsliceu.com\/es\/producto\/libro-temporada-2022-2023\/#primaryimage\"},\"image\":{\"@id\":\"https:\/\/amicsliceu.com\/es\/producto\/libro-temporada-2022-2023\/#primaryimage\"},\"thumbnailUrl\":\"https:\/\/amicsliceu.com\/wp-content\/uploads\/2022\/10\/Portada_TempOpera22-23_cat-scaled.jpg\",\"datePublished\":\"2022-10-11T13:54:27+00:00\",\"dateModified\":\"2022-10-11T14:07:31+00:00\",\"breadcrumb\":{\"@id\":\"https:\/\/amicsliceu.com\/es\/producto\/libro-temporada-2022-2023\/#breadcrumb\"},\"inLanguage\":\"es\",\"potentialAction\":[{\"@type\":\"ReadAction\",\"target\":[\"https:\/\/amicsliceu.com\/es\/producto\/libro-temporada-2022-2023\/\"]}]},{\"@type\":\"ImageObject\",\"inLanguage\":\"es\",\"@id\":\"https:\/\/amicsliceu.com\/es\/producto\/libro-temporada-2022-2023\/#primaryimage\",\"url\":\"https:\/\/amicsliceu.com\/wp-content\/uploads\/2022\/10\/Portada_TempOpera22-23_cat-scaled.jpg\",\"contentUrl\":\"https:\/\/amicsliceu.com\/wp-content\/uploads\/2022\/10\/Portada_TempOpera22-23_cat-scaled.jpg\",\"width\":1772,\"height\":2560},{\"@type\":\"BreadcrumbList\",\"@id\":\"https:\/\/amicsliceu.com\/es\/producto\/libro-temporada-2022-2023\/#breadcrumb\",\"itemListElement\":[{\"@type\":\"ListItem\",\"position\":1,\"name\":\"Inicio\",\"item\":\"https:\/\/amicsliceu.com\/es\/\"},{\"@type\":\"ListItem\",\"position\":2,\"name\":\"Tienda\",\"item\":\"https:\/\/amicsliceu.com\/es\/tienda\/\"},{\"@type\":\"ListItem\",\"position\":3,\"name\":\"Libro Temporada 2022-2023\"}]},{\"@type\":\"WebSite\",\"@id\":\"https:\/\/amicsliceu.com\/es\/#website\",\"url\":\"https:\/\/amicsliceu.com\/es\/\",\"name\":\"Amics del Liceu\",\"description\":\"\",\"publisher\":{\"@id\":\"https:\/\/amicsliceu.com\/es\/#organization\"},\"potentialAction\":[{\"@type\":\"SearchAction\",\"target\":{\"@type\":\"EntryPoint\",\"urlTemplate\":\"https:\/\/amicsliceu.com\/es\/?s={search_term_string}\"},\"query-input\":{\"@type\":\"PropertyValueSpecification\",\"valueRequired\":true,\"valueName\":\"search_term_string\"}}],\"inLanguage\":\"es\"},{\"@type\":\"Organization\",\"@id\":\"https:\/\/amicsliceu.com\/es\/#organization\",\"name\":\"Amics del Liceu\",\"url\":\"https:\/\/amicsliceu.com\/es\/\",\"logo\":{\"@type\":\"ImageObject\",\"inLanguage\":\"es\",\"@id\":\"https:\/\/amicsliceu.com\/es\/#\/schema\/logo\/image\/\",\"url\":\"http:\/\/amicsliceu.com\/wp-content\/uploads\/2019\/03\/logo.png\",\"contentUrl\":\"http:\/\/amicsliceu.com\/wp-content\/uploads\/2019\/03\/logo.png\",\"width\":225,\"height\":92,\"caption\":\"Amics del Liceu\"},\"image\":{\"@id\":\"https:\/\/amicsliceu.com\/es\/#\/schema\/logo\/image\/\"}}]}<\/script>\n<!-- \/ Yoast SEO plugin. -->","yoast_head_json":{"title":"Libro Temporada 2022-2023 - Amics del Liceu","robots":{"index":"index","follow":"follow","max-snippet":"max-snippet:-1","max-image-preview":"max-image-preview:large","max-video-preview":"max-video-preview:-1"},"canonical":"https:\/\/amicsliceu.com\/es\/producto\/libro-temporada-2022-2023\/","og_locale":"es_ES","og_type":"article","og_title":"Libro Temporada 2022-2023 - Amics del Liceu","og_description":"Temporada de \u00f3pera naci\u00f3 como herramienta de preparaci\u00f3n para asistir a las representaciones del Liceo y como un camino para la renovaci\u00f3n de la iconograf\u00eda oper\u00edstica con artistas contempor\u00e1neos. Cada a\u00f1o la Asociaci\u00f3n invita grandes personalidades escritores, pol\u00edticos, intelectuales, etc.- a presentar las \u00f3peras programadas por el Gran Teatre del Liceu con la intenci\u00f3n de mostrar visiones ins\u00f3litas y, al mismo tiempo, poner de manifiesto que son muchos y muy diversos los que aman el arte de la \u00f3pera.  Este a\u00f1o, el libro \"Temporada de \u00f3pera\" de Amics de Liceu ha sido ilustrado por el artista pl\u00e1stico Yago Hortal (Barcelona, 1983)  &nbsp;","og_url":"https:\/\/amicsliceu.com\/es\/producto\/libro-temporada-2022-2023\/","og_site_name":"Amics del Liceu","article_modified_time":"2022-10-11T14:07:31+00:00","og_image":[{"width":1772,"height":2560,"url":"https:\/\/amicsliceu.com\/wp-content\/uploads\/2022\/10\/Portada_TempOpera22-23_cat-scaled.jpg","type":"image\/jpeg"}],"twitter_card":"summary_large_image","schema":{"@context":"https:\/\/schema.org","@graph":[{"@type":"WebPage","@id":"https:\/\/amicsliceu.com\/es\/producto\/libro-temporada-2022-2023\/","url":"https:\/\/amicsliceu.com\/es\/producto\/libro-temporada-2022-2023\/","name":"Libro Temporada 2022-2023 - Amics del Liceu","isPartOf":{"@id":"https:\/\/amicsliceu.com\/es\/#website"},"primaryImageOfPage":{"@id":"https:\/\/amicsliceu.com\/es\/producto\/libro-temporada-2022-2023\/#primaryimage"},"image":{"@id":"https:\/\/amicsliceu.com\/es\/producto\/libro-temporada-2022-2023\/#primaryimage"},"thumbnailUrl":"https:\/\/amicsliceu.com\/wp-content\/uploads\/2022\/10\/Portada_TempOpera22-23_cat-scaled.jpg","datePublished":"2022-10-11T13:54:27+00:00","dateModified":"2022-10-11T14:07:31+00:00","breadcrumb":{"@id":"https:\/\/amicsliceu.com\/es\/producto\/libro-temporada-2022-2023\/#breadcrumb"},"inLanguage":"es","potentialAction":[{"@type":"ReadAction","target":["https:\/\/amicsliceu.com\/es\/producto\/libro-temporada-2022-2023\/"]}]},{"@type":"ImageObject","inLanguage":"es","@id":"https:\/\/amicsliceu.com\/es\/producto\/libro-temporada-2022-2023\/#primaryimage","url":"https:\/\/amicsliceu.com\/wp-content\/uploads\/2022\/10\/Portada_TempOpera22-23_cat-scaled.jpg","contentUrl":"https:\/\/amicsliceu.com\/wp-content\/uploads\/2022\/10\/Portada_TempOpera22-23_cat-scaled.jpg","width":1772,"height":2560},{"@type":"BreadcrumbList","@id":"https:\/\/amicsliceu.com\/es\/producto\/libro-temporada-2022-2023\/#breadcrumb","itemListElement":[{"@type":"ListItem","position":1,"name":"Inicio","item":"https:\/\/amicsliceu.com\/es\/"},{"@type":"ListItem","position":2,"name":"Tienda","item":"https:\/\/amicsliceu.com\/es\/tienda\/"},{"@type":"ListItem","position":3,"name":"Libro Temporada 2022-2023"}]},{"@type":"WebSite","@id":"https:\/\/amicsliceu.com\/es\/#website","url":"https:\/\/amicsliceu.com\/es\/","name":"Amics del Liceu","description":"","publisher":{"@id":"https:\/\/amicsliceu.com\/es\/#organization"},"potentialAction":[{"@type":"SearchAction","target":{"@type":"EntryPoint","urlTemplate":"https:\/\/amicsliceu.com\/es\/?s={search_term_string}"},"query-input":{"@type":"PropertyValueSpecification","valueRequired":true,"valueName":"search_term_string"}}],"inLanguage":"es"},{"@type":"Organization","@id":"https:\/\/amicsliceu.com\/es\/#organization","name":"Amics del Liceu","url":"https:\/\/amicsliceu.com\/es\/","logo":{"@type":"ImageObject","inLanguage":"es","@id":"https:\/\/amicsliceu.com\/es\/#\/schema\/logo\/image\/","url":"http:\/\/amicsliceu.com\/wp-content\/uploads\/2019\/03\/logo.png","contentUrl":"http:\/\/amicsliceu.com\/wp-content\/uploads\/2019\/03\/logo.png","width":225,"height":92,"caption":"Amics del Liceu"},"image":{"@id":"https:\/\/amicsliceu.com\/es\/#\/schema\/logo\/image\/"}}]}},"_links":{"self":[{"href":"https:\/\/amicsliceu.com\/es\/wp-json\/wp\/v2\/product\/14280"}],"collection":[{"href":"https:\/\/amicsliceu.com\/es\/wp-json\/wp\/v2\/product"}],"about":[{"href":"https:\/\/amicsliceu.com\/es\/wp-json\/wp\/v2\/types\/product"}],"wp:featuredmedia":[{"embeddable":true,"href":"https:\/\/amicsliceu.com\/es\/wp-json\/wp\/v2\/media\/14260"}],"wp:attachment":[{"href":"https:\/\/amicsliceu.com\/es\/wp-json\/wp\/v2\/media?parent=14280"}],"wp:term":[{"taxonomy":"product_cat","embeddable":true,"href":"https:\/\/amicsliceu.com\/es\/wp-json\/wp\/v2\/product_cat?post=14280"},{"taxonomy":"product_tag","embeddable":true,"href":"https:\/\/amicsliceu.com\/es\/wp-json\/wp\/v2\/product_tag?post=14280"}],"curies":[{"name":"wp","href":"https:\/\/api.w.org\/{rel}","templated":true}]}}